{"id":2265,"date":"2022-06-07T18:19:29","date_gmt":"2022-06-07T21:19:29","guid":{"rendered":"https:\/\/attualebrasil.com.br\/?page_id=2265"},"modified":"2025-07-07T17:10:46","modified_gmt":"2025-07-07T20:10:46","slug":"politica-de-cookies","status":"publish","type":"page","link":"https:\/\/attualebrasil.com.br\/es\/politica-de-cookies\/","title":{"rendered":"Pol\u00edtica de cookies"},"content":{"rendered":"<div data-elementor-type=\"wp-page\" data-elementor-id=\"2265\" class=\"elementor elementor-2265\">\n\t\t\t\t\t\t<section class=\"elementor-section elementor-top-section elementor-element elementor-element-9936429 animated-slow elementor-section-boxed elementor-section-height-default elementor-section-height-default elementor-invisible\" data-id=\"9936429\" data-element_type=\"section\" data-e-type=\"section\" data-settings=\"{&quot;animation&quot;:&quot;fadeInUp&quot;,&quot;background_background&quot;:&quot;classic&quot;}\">\n\t\t\t\t\t\t<div class=\"elementor-container elementor-column-gap-default\">\n\t\t\t\t\t<div class=\"elementor-column elementor-col-100 elementor-top-column elementor-element elementor-element-e3558f2\" data-id=\"e3558f2\" data-element_type=\"column\" data-e-type=\"column\">\n\t\t\t<div class=\"elementor-widget-wrap elementor-element-populated\">\n\t\t\t\t\t\t<div class=\"elementor-element elementor-element-7781e05 animated-slow elementor-invisible elementor-widget elementor-widget-heading\" data-id=\"7781e05\" data-element_type=\"widget\" data-e-type=\"widget\" data-settings=\"{&quot;_animation&quot;:&quot;fadeIn&quot;}\" data-widget_type=\"heading.default\">\n\t\t\t\t<div class=\"elementor-widget-container\">\n\t\t\t\t\t<h2 class=\"elementor-heading-title elementor-size-default\">Pol\u00edtica de cookies<\/h2>\t\t\t\t<\/div>\n\t\t\t\t<\/div>\n\t\t\t\t<div class=\"elementor-element elementor-element-d91f0d8 elementor-widget elementor-widget-text-editor\" data-id=\"d91f0d8\" data-element_type=\"widget\" data-e-type=\"widget\" data-widget_type=\"text-editor.default\">\n\t\t\t\t<div class=\"elementor-widget-container\">\n\t\t\t\t\t\t\t\t\t<h4><strong>Definici\u00f3n\n<\/strong><\/h4>\nLas cookies son peque\u00f1os archivos de texto que el navegador de Internet almacena en el dispositivo del usuario. Se utilizan ampliamente para hacer que los sitios web funcionen de forma m\u00e1s general o m\u00e1s eficiente, as\u00ed como para proporcionar informaci\u00f3n a los propietarios de sitios web.\n<h4><\/h4>\n<h4><strong>prop\u00f3sitos<\/strong><\/h4>\nAttuale utiliza cookies para recopilar y almacenar informaci\u00f3n sobre las preferencias personales del usuario cuando visita el sitio. Esta informaci\u00f3n consiste en datos relativos a las preferencias de navegaci\u00f3n y p\u00e1ginas visitadas por el usuario mediante el env\u00edo de una o varias cookies o identificadores an\u00f3nimos, que se recogen de forma automatizada. Le informamos que esta informaci\u00f3n se utiliza para mejorar y personalizar la experiencia de navegaci\u00f3n en el sitio web con el fin de alinear la presentaci\u00f3n de nuestro sitio web a los intereses personales del usuario. Al realizar este tipo de tratamiento de los datos recabados, Attuale garantiza observar los principios de protecci\u00f3n de datos aplicables, por lo que no se permitir\u00e1 el uso de la informaci\u00f3n recabada para una finalidad distinta a la informada en esta Pol\u00edtica.\n<h4><\/h4>\n<h4><strong>Tipos de Cookies utilizadas<\/strong><\/h4>\n<ul>\n \t<li><strong>Cookies estrictamente necesarias:<\/strong>Estas cookies permiten la navegaci\u00f3n y el uso de aplicaciones, as\u00ed como el acceso a \u00e1reas seguras del sitio. Sin las cookies estrictamente necesarias, el sitio web no funcionar\u00e1 correctamente.<\/li>\n \t<li><strong>Cookies de funcionalidad:<\/strong>Estas cookies se utilizan para garantizar la disponibilidad de funciones adicionales del sitio web o para guardar las preferencias definidas por el usuario cuando navega por Internet, siempre que utilice el mismo dispositivo.<\/li>\n<\/ul>\n<h4><\/h4>\n<h4><strong>C\u00f3mo administrar las cookies<\/strong><\/h4>\nLos navegadores de Internet generalmente est\u00e1n configurados para aceptar cookies autom\u00e1ticamente, pero el usuario puede cambiar la configuraci\u00f3n para bloquearlas. Tenga en cuenta que puede ser necesario actualizar la p\u00e1gina del sitio web para que la nueva configuraci\u00f3n surta efecto. Hacemos hincapi\u00e9 en que cualquier cambio puede influir en la interacci\u00f3n con nuestro sitio web, incluida la posibilidad de generar errores en algunas de sus funciones.\n<h4><strong>Actualizaci\u00f3n de esta Pol\u00edtica<\/strong><\/h4>\nEsta Pol\u00edtica podr\u00e1 ser modificada en cualquier momento, a medida que Attuale adopte nuevas tecnolog\u00edas, as\u00ed como para mantenerse actualizado con las finalidades para las que utilizamos las cookies y las mejores pr\u00e1cticas de protecci\u00f3n de datos. Por lo tanto, le recomendamos que visite nuestro sitio web de vez en cuando para mantenerse actualizado sobre c\u00f3mo usamos las cookies.\t\t\t\t\t\t\t\t<\/div>\n\t\t\t\t<\/div>\n\t\t\t\t\t<\/div>\n\t\t<\/div>\n\t\t\t\t\t<\/div>\n\t\t<\/section>\n\t\t\t\t<\/div>","protected":false},"excerpt":{"rendered":"<p>Pol\u00edtica de Cookies Defini\u00e7\u00e3o Cookies s\u00e3o pequenos arquivos em texto que s\u00e3o armazenados no dispositivo do usu\u00e1rio pelo navegador de internet. Eles s\u00e3o amplamente utilizados para que os sites funcionem de forma geral ou com mais efici\u00eancia, bem como para fornecer informa\u00e7\u00f5es aos propriet\u00e1rios do site. Finalidades A Attuale faz a utiliza\u00e7\u00e3o de cookies para [&hellip;]<\/p>\n","protected":false},"author":4,"featured_media":0,"parent":0,"menu_order":0,"comment_status":"closed","ping_status":"closed","template":"elementor_header_footer","meta":{"footnotes":""},"class_list":["post-2265","page","type-page","status-publish","hentry"],"yoast_head":"<!-- This site is optimized with the Yoast SEO Premium plugin v21.1 (Yoast SEO v27.4) - https:\/\/yoast.com\/product\/yoast-seo-premium-wordpress\/ -->\n<title>Pol\u00edtica de Cookies | Attuale Brasil<\/title>\n<meta name=\"description\" content=\"Attuale Brasil usa cookies para melhorar sua experi\u00eancia em nossos servi\u00e7os e recomendar conte\u00fado do seu interesse.\" \/>\n<meta name=\"robots\" content=\"index, follow, max-snippet:-1, max-image-preview:large, max-video-preview:-1\" \/>\n<link rel=\"canonical\" href=\"https:\/\/attualebrasil.com.br\/es\/politica-de-cookies\/\" \/>\n<meta property=\"og:locale\" content=\"es_ES\" \/>\n<meta property=\"og:type\" content=\"article\" \/>\n<meta property=\"og:title\" content=\"Pol\u00edtica de Cookies\" \/>\n<meta property=\"og:description\" content=\"Attuale Brasil usa cookies para melhorar sua experi\u00eancia em nossos servi\u00e7os e recomendar conte\u00fado do seu interesse.\" \/>\n<meta property=\"og:url\" content=\"https:\/\/attualebrasil.com.br\/es\/politica-de-cookies\/\" \/>\n<meta property=\"og:site_name\" content=\"Attuale Brasil\" \/>\n<meta property=\"article:publisher\" content=\"https:\/\/www.facebook.com\/attualebrasil.com.br\/\" \/>\n<meta property=\"article:modified_time\" content=\"2025-07-07T20:10:46+00:00\" \/>\n<meta name=\"twitter:card\" content=\"summary_large_image\" \/>\n<meta name=\"twitter:label1\" content=\"Tiempo de lectura\" \/>\n\t<meta name=\"twitter:data1\" content=\"3 minutos\" \/>\n<script type=\"application\/ld+json\" class=\"yoast-schema-graph\">{\"@context\":\"https:\\\/\\\/schema.org\",\"@graph\":[{\"@type\":\"WebPage\",\"@id\":\"https:\\\/\\\/attualebrasil.com.br\\\/politica-de-cookies\\\/\",\"url\":\"https:\\\/\\\/attualebrasil.com.br\\\/politica-de-cookies\\\/\",\"name\":\"Pol\u00edtica de Cookies | Attuale Brasil\",\"isPartOf\":{\"@id\":\"https:\\\/\\\/attualebrasil.com.br\\\/#website\"},\"datePublished\":\"2022-06-07T21:19:29+00:00\",\"dateModified\":\"2025-07-07T20:10:46+00:00\",\"description\":\"Attuale Brasil usa cookies para melhorar sua experi\u00eancia em nossos servi\u00e7os e recomendar conte\u00fado do seu interesse.\",\"breadcrumb\":{\"@id\":\"https:\\\/\\\/attualebrasil.com.br\\\/politica-de-cookies\\\/#breadcrumb\"},\"inLanguage\":\"es\",\"potentialAction\":[{\"@type\":\"ReadAction\",\"target\":[\"https:\\\/\\\/attualebrasil.com.br\\\/politica-de-cookies\\\/\"]}]},{\"@type\":\"BreadcrumbList\",\"@id\":\"https:\\\/\\\/attualebrasil.com.br\\\/politica-de-cookies\\\/#breadcrumb\",\"itemListElement\":[{\"@type\":\"ListItem\",\"position\":1,\"name\":\"In\u00edcio\",\"item\":\"https:\\\/\\\/attualebrasil.com.br\\\/\"},{\"@type\":\"ListItem\",\"position\":2,\"name\":\"Pol\u00edtica de Cookies\"}]},{\"@type\":\"WebSite\",\"@id\":\"https:\\\/\\\/attualebrasil.com.br\\\/#website\",\"url\":\"https:\\\/\\\/attualebrasil.com.br\\\/\",\"name\":\"Attuale Brasil\",\"description\":\"Limpeza p\u00f3s morte e Servi\u00e7os de Descontamina\u00e7\u00e3o \",\"publisher\":{\"@id\":\"https:\\\/\\\/attualebrasil.com.br\\\/#organization\"},\"potentialAction\":[{\"@type\":\"SearchAction\",\"target\":{\"@type\":\"EntryPoint\",\"urlTemplate\":\"https:\\\/\\\/attualebrasil.com.br\\\/?s={search_term_string}\"},\"query-input\":{\"@type\":\"PropertyValueSpecification\",\"valueRequired\":true,\"valueName\":\"search_term_string\"}}],\"inLanguage\":\"es\"},{\"@type\":\"Organization\",\"@id\":\"https:\\\/\\\/attualebrasil.com.br\\\/#organization\",\"name\":\"Attuale Brasil\",\"url\":\"https:\\\/\\\/attualebrasil.com.br\\\/\",\"logo\":{\"@type\":\"ImageObject\",\"inLanguage\":\"es\",\"@id\":\"https:\\\/\\\/attualebrasil.com.br\\\/#\\\/schema\\\/logo\\\/image\\\/\",\"url\":\"https:\\\/\\\/attualebrasil.com.br\\\/wp-content\\\/uploads\\\/2022\\\/05\\\/logo-1.jpg\",\"contentUrl\":\"https:\\\/\\\/attualebrasil.com.br\\\/wp-content\\\/uploads\\\/2022\\\/05\\\/logo-1.jpg\",\"width\":100,\"height\":100,\"caption\":\"Attuale Brasil\"},\"image\":{\"@id\":\"https:\\\/\\\/attualebrasil.com.br\\\/#\\\/schema\\\/logo\\\/image\\\/\"},\"sameAs\":[\"https:\\\/\\\/www.facebook.com\\\/attualebrasil.com.br\\\/\"]}]}<\/script>\n<!-- \/ Yoast SEO Premium plugin. -->","yoast_head_json":{"title":"Pol\u00edtica de Cookies | Attuale Brasil","description":"Attuale Brasil usa cookies para melhorar sua experi\u00eancia em nossos servi\u00e7os e recomendar conte\u00fado do seu interesse.","robots":{"index":"index","follow":"follow","max-snippet":"max-snippet:-1","max-image-preview":"max-image-preview:large","max-video-preview":"max-video-preview:-1"},"canonical":"https:\/\/attualebrasil.com.br\/es\/politica-de-cookies\/","og_locale":"es_ES","og_type":"article","og_title":"Pol\u00edtica de Cookies","og_description":"Attuale Brasil usa cookies para melhorar sua experi\u00eancia em nossos servi\u00e7os e recomendar conte\u00fado do seu interesse.","og_url":"https:\/\/attualebrasil.com.br\/es\/politica-de-cookies\/","og_site_name":"Attuale Brasil","article_publisher":"https:\/\/www.facebook.com\/attualebrasil.com.br\/","article_modified_time":"2025-07-07T20:10:46+00:00","twitter_card":"summary_large_image","twitter_misc":{"Tiempo de lectura":"3 minutos"},"schema":{"@context":"https:\/\/schema.org","@graph":[{"@type":"WebPage","@id":"https:\/\/attualebrasil.com.br\/politica-de-cookies\/","url":"https:\/\/attualebrasil.com.br\/politica-de-cookies\/","name":"Pol\u00edtica de Cookies | Attuale Brasil","isPartOf":{"@id":"https:\/\/attualebrasil.com.br\/#website"},"datePublished":"2022-06-07T21:19:29+00:00","dateModified":"2025-07-07T20:10:46+00:00","description":"Attuale Brasil usa cookies para melhorar sua experi\u00eancia em nossos servi\u00e7os e recomendar conte\u00fado do seu interesse.","breadcrumb":{"@id":"https:\/\/attualebrasil.com.br\/politica-de-cookies\/#breadcrumb"},"inLanguage":"es","potentialAction":[{"@type":"ReadAction","target":["https:\/\/attualebrasil.com.br\/politica-de-cookies\/"]}]},{"@type":"BreadcrumbList","@id":"https:\/\/attualebrasil.com.br\/politica-de-cookies\/#breadcrumb","itemListElement":[{"@type":"ListItem","position":1,"name":"In\u00edcio","item":"https:\/\/attualebrasil.com.br\/"},{"@type":"ListItem","position":2,"name":"Pol\u00edtica de Cookies"}]},{"@type":"WebSite","@id":"https:\/\/attualebrasil.com.br\/#website","url":"https:\/\/attualebrasil.com.br\/","name":"Brasil actual","description":"Limpeza p\u00f3s morte e Servi\u00e7os de Descontamina\u00e7\u00e3o","publisher":{"@id":"https:\/\/attualebrasil.com.br\/#organization"},"potentialAction":[{"@type":"SearchAction","target":{"@type":"EntryPoint","urlTemplate":"https:\/\/attualebrasil.com.br\/?s={search_term_string}"},"query-input":{"@type":"PropertyValueSpecification","valueRequired":true,"valueName":"search_term_string"}}],"inLanguage":"es"},{"@type":"Organization","@id":"https:\/\/attualebrasil.com.br\/#organization","name":"Brasil actual","url":"https:\/\/attualebrasil.com.br\/","logo":{"@type":"ImageObject","inLanguage":"es","@id":"https:\/\/attualebrasil.com.br\/#\/schema\/logo\/image\/","url":"https:\/\/attualebrasil.com.br\/wp-content\/uploads\/2022\/05\/logo-1.jpg","contentUrl":"https:\/\/attualebrasil.com.br\/wp-content\/uploads\/2022\/05\/logo-1.jpg","width":100,"height":100,"caption":"Attuale Brasil"},"image":{"@id":"https:\/\/attualebrasil.com.br\/#\/schema\/logo\/image\/"},"sameAs":["https:\/\/www.facebook.com\/attualebrasil.com.br\/"]}]}},"_links":{"self":[{"href":"https:\/\/attualebrasil.com.br\/es\/wp-json\/wp\/v2\/pages\/2265","targetHints":{"allow":["GET"]}}],"collection":[{"href":"https:\/\/attualebrasil.com.br\/es\/wp-json\/wp\/v2\/pages"}],"about":[{"href":"https:\/\/attualebrasil.com.br\/es\/wp-json\/wp\/v2\/types\/page"}],"author":[{"embeddable":true,"href":"https:\/\/attualebrasil.com.br\/es\/wp-json\/wp\/v2\/users\/4"}],"replies":[{"embeddable":true,"href":"https:\/\/attualebrasil.com.br\/es\/wp-json\/wp\/v2\/comments?post=2265"}],"version-history":[{"count":1,"href":"https:\/\/attualebrasil.com.br\/es\/wp-json\/wp\/v2\/pages\/2265\/revisions"}],"predecessor-version":[{"id":3195,"href":"https:\/\/attualebrasil.com.br\/es\/wp-json\/wp\/v2\/pages\/2265\/revisions\/3195"}],"wp:attachment":[{"href":"https:\/\/attualebrasil.com.br\/es\/wp-json\/wp\/v2\/media?parent=2265"}],"curies":[{"name":"wp","href":"https:\/\/api.w.org\/{rel}","templated":true}]}}