{"id":2258,"date":"2022-06-07T18:15:25","date_gmt":"2022-06-07T21:15:25","guid":{"rendered":"https:\/\/attualebrasil.com.br\/?page_id=2258"},"modified":"2025-07-07T17:33:03","modified_gmt":"2025-07-07T20:33:03","slug":"politica-de-privacidade","status":"publish","type":"page","link":"https:\/\/attualebrasil.com.br\/es\/politica-de-privacidade\/","title":{"rendered":"Pol\u00edtica de privacidad"},"content":{"rendered":"<div data-elementor-type=\"wp-page\" data-elementor-id=\"2258\" class=\"elementor elementor-2258\">\n\t\t\t\t\t\t<section class=\"elementor-section elementor-top-section elementor-element elementor-element-9936429 animated-slow elementor-section-boxed elementor-section-height-default elementor-section-height-default elementor-invisible\" data-id=\"9936429\" data-element_type=\"section\" data-e-type=\"section\" data-settings=\"{&quot;animation&quot;:&quot;fadeInUp&quot;,&quot;background_background&quot;:&quot;classic&quot;}\">\n\t\t\t\t\t\t<div class=\"elementor-container elementor-column-gap-default\">\n\t\t\t\t\t<div class=\"elementor-column elementor-col-100 elementor-top-column elementor-element elementor-element-e3558f2\" data-id=\"e3558f2\" data-element_type=\"column\" data-e-type=\"column\">\n\t\t\t<div class=\"elementor-widget-wrap elementor-element-populated\">\n\t\t\t\t\t\t<div class=\"elementor-element elementor-element-7781e05 animated-slow elementor-invisible elementor-widget elementor-widget-heading\" data-id=\"7781e05\" data-element_type=\"widget\" data-e-type=\"widget\" data-settings=\"{&quot;_animation&quot;:&quot;fadeIn&quot;}\" data-widget_type=\"heading.default\">\n\t\t\t\t<div class=\"elementor-widget-container\">\n\t\t\t\t\t<h2 class=\"elementor-heading-title elementor-size-default\">Pol\u00edtica de privacidad<\/h2>\t\t\t\t<\/div>\n\t\t\t\t<\/div>\n\t\t\t\t<div class=\"elementor-element elementor-element-d91f0d8 elementor-widget elementor-widget-text-editor\" data-id=\"d91f0d8\" data-element_type=\"widget\" data-e-type=\"widget\" data-widget_type=\"text-editor.default\">\n\t\t\t\t<div class=\"elementor-widget-container\">\n\t\t\t\t\t\t\t\t\t<p>Esta Pol\u00edtica de Privacidad pretende demostrar el compromiso de Attuale con su privacidad y la protecci\u00f3n de sus datos personales, asegurando la transparencia en relaci\u00f3n con el tratamiento de sus datos personales.<\/p><h4><strong>Definiciones<\/strong><\/h4><ul><li>\u201cDatos Personales\u201d: informaci\u00f3n relativa a una persona f\u00edsica identificada o identificable;<\/li><li>\u201cDatos Personales Sensibles\u201d: datos personales sobre origen racial o \u00e9tnico, convicci\u00f3n religiosa, opini\u00f3n pol\u00edtica, afiliaci\u00f3n a una organizaci\u00f3n sindical u organizaci\u00f3n de car\u00e1cter religioso, filos\u00f3fico o pol\u00edtico, datos relativos a la salud o vida sexual, datos gen\u00e9ticos o biom\u00e9tricos, cuando vinculado a una persona f\u00edsica;<\/li><li>\u201cSujeto de los datos\u201d: persona f\u00edsica a quien se refieren los datos personales objeto de tratamiento;<\/li><li>\u201cTratamiento\u201d: cualquier operaci\u00f3n realizada con datos personales, tales como las relativas a la recolecci\u00f3n, producci\u00f3n, recepci\u00f3n, clasificaci\u00f3n, uso, acceso, reproducci\u00f3n, transmisi\u00f3n, distribuci\u00f3n, procesamiento, archivo, almacenamiento, eliminaci\u00f3n, evaluaci\u00f3n o control de la informaci\u00f3n, modificaci\u00f3n, comunicaci\u00f3n, cesi\u00f3n, difusi\u00f3n o extracci\u00f3n;<\/li><li>\u201cResponsable\u201d: persona f\u00edsica o jur\u00eddica, de derecho p\u00fablico o privado, responsable de las decisiones relativas al tratamiento de datos personales;<\/li><\/ul><p>Attuale es el controlador de los datos personales que recopila en su sitio web. Esto significa que la empresa es responsable de tomar decisiones sobre el tratamiento de los datos personales, de conformidad con los t\u00e9rminos que se establecen a continuaci\u00f3n.<\/p><h4><strong><br \/>Tipo de datos personales recopilados<\/strong><\/h4><p>Recopilamos y procesamos los siguientes datos personales:<\/p><ul><li><strong>Datos personales de registro:<\/strong>nombre completo; Email; tel\u00e9fono; Direcci\u00f3n; CPF; fecha de nacimiento; sexo; profesi\u00f3n; oficina; empresa; actividad; segmento.<\/li><li><strong>Datos personales recopilados autom\u00e1ticamente:<\/strong>informaci\u00f3n estad\u00edstica agregada.<\/li><\/ul><h4><strong><br \/>C\u00f3mo recopilamos datos personales <\/strong><\/h4><p>Sus datos personales podr\u00e1n ser recabados por Attuale a trav\u00e9s de los siguientes medios:<\/p><ul><li><strong>Datos personales proporcionados por el usuario: <\/strong>a trav\u00e9s del registro voluntario en nuestro sitio web; descargando libros electr\u00f3nicos o similares; registr\u00e1ndose en webinars o eventos.<\/li><li><strong>Datos recopilados autom\u00e1ticamente: <\/strong>a trav\u00e9s de cookies anal\u00edticas. Para m\u00e1s detalles, recomendamos leer nuestro <strong><u>Pol\u00edtica de cookies<\/u><\/strong>.<\/li><\/ul><h4><strong><br \/>prop\u00f3sitos <\/strong><\/h4><p>Los datos personales recabados ser\u00e1n utilizados para las siguientes finalidades:<\/p><ul><li><strong>Datos personales de registro:<\/strong> para el env\u00edo de boletines, mailings y mailings personalizados para la prospecci\u00f3n y oferta de productos y contenidos producidos por Attuale, y en eventos con participaci\u00f3n de socios, los datos personales podr\u00e1n ser compartidos con ellos;<\/li><li><strong>Datos recopilados autom\u00e1ticamente: <\/strong>para mejorar la presentaci\u00f3n y navegaci\u00f3n en nuestro sitio web.<\/li><\/ul><h4><strong><br \/>Compartir datos personales<\/strong><\/h4><p>Solo compartimos datos personales en situaciones en las que es estrictamente necesario para cumplir con los fines enumerados anteriormente. De esta forma, podemos compartir informaci\u00f3n con terceros para que puedan prestar nuestros servicios.<br \/>Asimismo, los datos personales podr\u00e1n ser compartidos con autoridades judiciales y administrativas siempre que exista una determinaci\u00f3n legal o reglamentaria al respecto.<br \/>Vale la pena recordar que, al acceder al sitio web, puede ser dirigido, a trav\u00e9s de un enlace, a otros portales que pueden recopilar sus datos personales. En este caso, depende de usted leer y aceptar las Pol\u00edticas de Privacidad respectivas. No somos responsables de las Pol\u00edticas de terceros, ni del contenido de ning\u00fan sitio o servicio vinculado a entornos que no sean los de Attuale.<\/p><h4><strong><br \/>C\u00f3mo almacenamos sus datos personales <\/strong><\/h4><p>Sus datos personales se almacenar\u00e1n de forma segura en nuestros sistemas y servidores durante el per\u00edodo necesario para llevar a cabo nuestras actividades. Cuando se logren los fines del procesamiento, eliminaremos sus datos personales de acuerdo con nuestras pol\u00edticas internas y observando el cumplimiento de las obligaciones legales y\/o reglamentarias.<\/p><h4><strong><br \/>Plazo de conservaci\u00f3n y disposici\u00f3n de los datos personales<\/strong><\/h4><p>Conservamos sus datos personales durante el tiempo que sea necesario procesarlos para prestar nuestros servicios, as\u00ed como para cumplir con los requisitos legales o reglamentarios. Una vez finalizado el tratamiento, sus datos personales ser\u00e1n eliminados de forma segura.<\/p><h4><strong><br \/>Medidas de seguridad <\/strong><\/h4><p>Durante todo el tratamiento de sus datos personales, se utilizan medidas t\u00e9cnicas y administrativas para mantenerlos seguros y evitar cualquier acceso no autorizado, situaciones accidentales o il\u00edcitas de destrucci\u00f3n, p\u00e9rdida, alteraci\u00f3n, comunicaci\u00f3n o cualquier forma de tratamiento inapropiado o il\u00edcito.<\/p><h4><strong><br \/>Cambios en la Pol\u00edtica de Privacidad<\/strong><\/h4><p>Attuale se compromete a mantener actualizada esta Pol\u00edtica de acuerdo con las nuevas regulaciones y actividades incorporadas a la prestaci\u00f3n de los servicios. Por lo tanto, puede actualizar esta Pol\u00edtica de vez en cuando. Para tener acceso a la nueva versi\u00f3n, solo visite nuestra p\u00e1gina peri\u00f3dicamente para mantenerse informado sobre cualquier actualizaci\u00f3n.<\/p>\t\t\t\t\t\t\t\t<\/div>\n\t\t\t\t<\/div>\n\t\t\t\t\t<\/div>\n\t\t<\/div>\n\t\t\t\t\t<\/div>\n\t\t<\/section>\n\t\t\t\t<\/div>","protected":false},"excerpt":{"rendered":"<p>Pol\u00edtica de Privacidade A presente Pol\u00edtica de Privacidade possui a finalidade de demonstrar o compromisso da Attuale com a sua privacidade e a prote\u00e7\u00e3o de seus dados pessoais, garantindo transpar\u00eancia em rela\u00e7\u00e3o ao tratamento de seus dados pessoais. Defini\u00e7\u00f5es \u201cDado Pessoal\u201d: informa\u00e7\u00e3o relacionada a pessoa natural identificada ou identific\u00e1vel; \u201cDado Pessoal Sens\u00edvel\u201d: dado pessoal sobre [&hellip;]<\/p>\n","protected":false},"author":4,"featured_media":0,"parent":0,"menu_order":0,"comment_status":"closed","ping_status":"closed","template":"elementor_header_footer","meta":{"footnotes":""},"class_list":["post-2258","page","type-page","status-publish","hentry"],"yoast_head":"<!-- This site is optimized with the Yoast SEO Premium plugin v21.1 (Yoast SEO v27.4) - https:\/\/yoast.com\/product\/yoast-seo-premium-wordpress\/ -->\n<title>Pol\u00edtica de Privacidade | Attuale Brasil<\/title>\n<meta name=\"description\" content=\"Pol\u00edtica de Privacidade A presente Pol\u00edtica de Privacidade possui a finalidade de demonstrar o compromisso da Attuale com a sua privacidade e a prote\u00e7\u00e3o\" \/>\n<meta name=\"robots\" content=\"index, follow, max-snippet:-1, max-image-preview:large, max-video-preview:-1\" \/>\n<link rel=\"canonical\" href=\"https:\/\/attualebrasil.com.br\/es\/politica-de-privacidade\/\" \/>\n<meta property=\"og:locale\" content=\"es_ES\" \/>\n<meta property=\"og:type\" content=\"article\" \/>\n<meta property=\"og:title\" content=\"Pol\u00edtica de Privacidade\" \/>\n<meta property=\"og:description\" content=\"Pol\u00edtica de Privacidade A presente Pol\u00edtica de Privacidade possui a finalidade de demonstrar o compromisso da Attuale com a sua privacidade e a prote\u00e7\u00e3o\" \/>\n<meta property=\"og:url\" content=\"https:\/\/attualebrasil.com.br\/es\/politica-de-privacidade\/\" \/>\n<meta property=\"og:site_name\" content=\"Attuale Brasil\" \/>\n<meta property=\"article:publisher\" content=\"https:\/\/www.facebook.com\/attualebrasil.com.br\/\" \/>\n<meta property=\"article:modified_time\" content=\"2025-07-07T20:33:03+00:00\" \/>\n<meta name=\"twitter:card\" content=\"summary_large_image\" \/>\n<meta name=\"twitter:label1\" content=\"Tiempo de lectura\" \/>\n\t<meta name=\"twitter:data1\" content=\"4 minutos\" \/>\n<script type=\"application\/ld+json\" class=\"yoast-schema-graph\">{\"@context\":\"https:\\\/\\\/schema.org\",\"@graph\":[{\"@type\":\"WebPage\",\"@id\":\"https:\\\/\\\/attualebrasil.com.br\\\/politica-de-privacidade\\\/\",\"url\":\"https:\\\/\\\/attualebrasil.com.br\\\/politica-de-privacidade\\\/\",\"name\":\"Pol\u00edtica de Privacidade | Attuale Brasil\",\"isPartOf\":{\"@id\":\"https:\\\/\\\/attualebrasil.com.br\\\/#website\"},\"datePublished\":\"2022-06-07T21:15:25+00:00\",\"dateModified\":\"2025-07-07T20:33:03+00:00\",\"description\":\"Pol\u00edtica de Privacidade A presente Pol\u00edtica de Privacidade possui a finalidade de demonstrar o compromisso da Attuale com a sua privacidade e a prote\u00e7\u00e3o\",\"breadcrumb\":{\"@id\":\"https:\\\/\\\/attualebrasil.com.br\\\/politica-de-privacidade\\\/#breadcrumb\"},\"inLanguage\":\"es\",\"potentialAction\":[{\"@type\":\"ReadAction\",\"target\":[\"https:\\\/\\\/attualebrasil.com.br\\\/politica-de-privacidade\\\/\"]}]},{\"@type\":\"BreadcrumbList\",\"@id\":\"https:\\\/\\\/attualebrasil.com.br\\\/politica-de-privacidade\\\/#breadcrumb\",\"itemListElement\":[{\"@type\":\"ListItem\",\"position\":1,\"name\":\"In\u00edcio\",\"item\":\"https:\\\/\\\/attualebrasil.com.br\\\/\"},{\"@type\":\"ListItem\",\"position\":2,\"name\":\"Pol\u00edtica de Privacidade\"}]},{\"@type\":\"WebSite\",\"@id\":\"https:\\\/\\\/attualebrasil.com.br\\\/#website\",\"url\":\"https:\\\/\\\/attualebrasil.com.br\\\/\",\"name\":\"Attuale Brasil\",\"description\":\"Limpeza p\u00f3s morte e Servi\u00e7os de Descontamina\u00e7\u00e3o \",\"publisher\":{\"@id\":\"https:\\\/\\\/attualebrasil.com.br\\\/#organization\"},\"potentialAction\":[{\"@type\":\"SearchAction\",\"target\":{\"@type\":\"EntryPoint\",\"urlTemplate\":\"https:\\\/\\\/attualebrasil.com.br\\\/?s={search_term_string}\"},\"query-input\":{\"@type\":\"PropertyValueSpecification\",\"valueRequired\":true,\"valueName\":\"search_term_string\"}}],\"inLanguage\":\"es\"},{\"@type\":\"Organization\",\"@id\":\"https:\\\/\\\/attualebrasil.com.br\\\/#organization\",\"name\":\"Attuale Brasil\",\"url\":\"https:\\\/\\\/attualebrasil.com.br\\\/\",\"logo\":{\"@type\":\"ImageObject\",\"inLanguage\":\"es\",\"@id\":\"https:\\\/\\\/attualebrasil.com.br\\\/#\\\/schema\\\/logo\\\/image\\\/\",\"url\":\"https:\\\/\\\/attualebrasil.com.br\\\/wp-content\\\/uploads\\\/2022\\\/05\\\/logo-1.jpg\",\"contentUrl\":\"https:\\\/\\\/attualebrasil.com.br\\\/wp-content\\\/uploads\\\/2022\\\/05\\\/logo-1.jpg\",\"width\":100,\"height\":100,\"caption\":\"Attuale Brasil\"},\"image\":{\"@id\":\"https:\\\/\\\/attualebrasil.com.br\\\/#\\\/schema\\\/logo\\\/image\\\/\"},\"sameAs\":[\"https:\\\/\\\/www.facebook.com\\\/attualebrasil.com.br\\\/\"]}]}<\/script>\n<!-- \/ Yoast SEO Premium plugin. -->","yoast_head_json":{"title":"Pol\u00edtica de Privacidade | Attuale Brasil","description":"Pol\u00edtica de Privacidade A presente Pol\u00edtica de Privacidade possui a finalidade de demonstrar o compromisso da Attuale com a sua privacidade e a prote\u00e7\u00e3o","robots":{"index":"index","follow":"follow","max-snippet":"max-snippet:-1","max-image-preview":"max-image-preview:large","max-video-preview":"max-video-preview:-1"},"canonical":"https:\/\/attualebrasil.com.br\/es\/politica-de-privacidade\/","og_locale":"es_ES","og_type":"article","og_title":"Pol\u00edtica de Privacidade","og_description":"Pol\u00edtica de Privacidade A presente Pol\u00edtica de Privacidade possui a finalidade de demonstrar o compromisso da Attuale com a sua privacidade e a prote\u00e7\u00e3o","og_url":"https:\/\/attualebrasil.com.br\/es\/politica-de-privacidade\/","og_site_name":"Attuale Brasil","article_publisher":"https:\/\/www.facebook.com\/attualebrasil.com.br\/","article_modified_time":"2025-07-07T20:33:03+00:00","twitter_card":"summary_large_image","twitter_misc":{"Tiempo de lectura":"4 minutos"},"schema":{"@context":"https:\/\/schema.org","@graph":[{"@type":"WebPage","@id":"https:\/\/attualebrasil.com.br\/politica-de-privacidade\/","url":"https:\/\/attualebrasil.com.br\/politica-de-privacidade\/","name":"Pol\u00edtica de Privacidade | Attuale Brasil","isPartOf":{"@id":"https:\/\/attualebrasil.com.br\/#website"},"datePublished":"2022-06-07T21:15:25+00:00","dateModified":"2025-07-07T20:33:03+00:00","description":"Pol\u00edtica de Privacidade A presente Pol\u00edtica de Privacidade possui a finalidade de demonstrar o compromisso da Attuale com a sua privacidade e a prote\u00e7\u00e3o","breadcrumb":{"@id":"https:\/\/attualebrasil.com.br\/politica-de-privacidade\/#breadcrumb"},"inLanguage":"es","potentialAction":[{"@type":"ReadAction","target":["https:\/\/attualebrasil.com.br\/politica-de-privacidade\/"]}]},{"@type":"BreadcrumbList","@id":"https:\/\/attualebrasil.com.br\/politica-de-privacidade\/#breadcrumb","itemListElement":[{"@type":"ListItem","position":1,"name":"In\u00edcio","item":"https:\/\/attualebrasil.com.br\/"},{"@type":"ListItem","position":2,"name":"Pol\u00edtica de Privacidade"}]},{"@type":"WebSite","@id":"https:\/\/attualebrasil.com.br\/#website","url":"https:\/\/attualebrasil.com.br\/","name":"Brasil actual","description":"Limpeza p\u00f3s morte e Servi\u00e7os de Descontamina\u00e7\u00e3o","publisher":{"@id":"https:\/\/attualebrasil.com.br\/#organization"},"potentialAction":[{"@type":"SearchAction","target":{"@type":"EntryPoint","urlTemplate":"https:\/\/attualebrasil.com.br\/?s={search_term_string}"},"query-input":{"@type":"PropertyValueSpecification","valueRequired":true,"valueName":"search_term_string"}}],"inLanguage":"es"},{"@type":"Organization","@id":"https:\/\/attualebrasil.com.br\/#organization","name":"Brasil actual","url":"https:\/\/attualebrasil.com.br\/","logo":{"@type":"ImageObject","inLanguage":"es","@id":"https:\/\/attualebrasil.com.br\/#\/schema\/logo\/image\/","url":"https:\/\/attualebrasil.com.br\/wp-content\/uploads\/2022\/05\/logo-1.jpg","contentUrl":"https:\/\/attualebrasil.com.br\/wp-content\/uploads\/2022\/05\/logo-1.jpg","width":100,"height":100,"caption":"Attuale Brasil"},"image":{"@id":"https:\/\/attualebrasil.com.br\/#\/schema\/logo\/image\/"},"sameAs":["https:\/\/www.facebook.com\/attualebrasil.com.br\/"]}]}},"_links":{"self":[{"href":"https:\/\/attualebrasil.com.br\/es\/wp-json\/wp\/v2\/pages\/2258","targetHints":{"allow":["GET"]}}],"collection":[{"href":"https:\/\/attualebrasil.com.br\/es\/wp-json\/wp\/v2\/pages"}],"about":[{"href":"https:\/\/attualebrasil.com.br\/es\/wp-json\/wp\/v2\/types\/page"}],"author":[{"embeddable":true,"href":"https:\/\/attualebrasil.com.br\/es\/wp-json\/wp\/v2\/users\/4"}],"replies":[{"embeddable":true,"href":"https:\/\/attualebrasil.com.br\/es\/wp-json\/wp\/v2\/comments?post=2258"}],"version-history":[{"count":1,"href":"https:\/\/attualebrasil.com.br\/es\/wp-json\/wp\/v2\/pages\/2258\/revisions"}],"predecessor-version":[{"id":3196,"href":"https:\/\/attualebrasil.com.br\/es\/wp-json\/wp\/v2\/pages\/2258\/revisions\/3196"}],"wp:attachment":[{"href":"https:\/\/attualebrasil.com.br\/es\/wp-json\/wp\/v2\/media?parent=2258"}],"curies":[{"name":"wp","href":"https:\/\/api.w.org\/{rel}","templated":true}]}}