{"id":1179,"date":"2021-11-25T22:26:34","date_gmt":"2021-11-26T01:26:34","guid":{"rendered":"https:\/\/iuri0078.hospedagemdesites.ws\/~attualebrasil\/?page_id=1179"},"modified":"2023-04-12T23:22:49","modified_gmt":"2023-04-13T02:22:49","slug":"limpeza-de-acumulacoes","status":"publish","type":"page","link":"https:\/\/attualebrasil.com.br\/es\/servicos\/limpeza-de-acumulacoes\/","title":{"rendered":"limpieza de acumulaciones"},"content":{"rendered":"<div data-elementor-type=\"wp-page\" data-elementor-id=\"1179\" class=\"elementor elementor-1179\">\n\t\t\t\t\t\t<section class=\"elementor-section elementor-top-section elementor-element elementor-element-699a952 elementor-section-full_width animated-slow elementor-section-height-default elementor-section-height-default elementor-invisible\" data-id=\"699a952\" data-element_type=\"section\" data-e-type=\"section\" data-settings=\"{&quot;background_background&quot;:&quot;video&quot;,&quot;background_video_link&quot;:&quot;https:\\\/\\\/www.youtube.com\\\/watch?v=D_iDapCWiX4&quot;,&quot;background_play_on_mobile&quot;:&quot;yes&quot;,&quot;animation&quot;:&quot;fadeIn&quot;,&quot;animation_delay&quot;:500}\">\n\t\t\t\t\t\t\t\t<div class=\"elementor-background-video-container\">\n\t\t\t\t\t\t\t\t\t\t\t\t\t<div class=\"elementor-background-video-embed\" role=\"presentation\"><\/div>\n\t\t\t\t\t\t\t\t\t\t\t\t<\/div>\n\t\t\t\t\t\t\t\t<div class=\"elementor-container elementor-column-gap-default\">\n\t\t\t\t\t<div class=\"elementor-column elementor-col-100 elementor-top-column elementor-element elementor-element-7298012\" data-id=\"7298012\" data-element_type=\"column\" data-e-type=\"column\" data-settings=\"{&quot;background_background&quot;:&quot;classic&quot;}\">\n\t\t\t<div class=\"elementor-widget-wrap elementor-element-populated\">\n\t\t\t\t\t\t<section class=\"elementor-section elementor-inner-section elementor-element elementor-element-7f24c41 elementor-section-boxed elementor-section-height-default elementor-section-height-default\" data-id=\"7f24c41\" data-element_type=\"section\" data-e-type=\"section\" data-settings=\"{&quot;background_background&quot;:&quot;classic&quot;}\">\n\t\t\t\t\t\t<div class=\"elementor-container elementor-column-gap-default\">\n\t\t\t\t\t<div class=\"elementor-column elementor-col-50 elementor-inner-column elementor-element elementor-element-74fced2\" data-id=\"74fced2\" data-element_type=\"column\" data-e-type=\"column\">\n\t\t\t<div class=\"elementor-widget-wrap elementor-element-populated\">\n\t\t\t\t\t\t<div class=\"elementor-element elementor-element-edc20ce elementor-widget elementor-widget-image\" data-id=\"edc20ce\" data-element_type=\"widget\" data-e-type=\"widget\" data-widget_type=\"image.default\">\n\t\t\t\t<div class=\"elementor-widget-container\">\n\t\t\t\t\t\t\t\t\t\t\t\t\t\t\t<img fetchpriority=\"high\" decoding=\"async\" width=\"800\" height=\"534\" src=\"https:\/\/attualebrasil.com.br\/wp-content\/uploads\/2022\/05\/Acumuladores-1-1024x683.jpg\" class=\"attachment-large size-large wp-image-2021\" alt=\"\" srcset=\"https:\/\/attualebrasil.com.br\/wp-content\/uploads\/2022\/05\/Acumuladores-1-1024x683.jpg 1024w, https:\/\/attualebrasil.com.br\/wp-content\/uploads\/2022\/05\/Acumuladores-1-300x200.jpg 300w, https:\/\/attualebrasil.com.br\/wp-content\/uploads\/2022\/05\/Acumuladores-1-768x512.jpg 768w, https:\/\/attualebrasil.com.br\/wp-content\/uploads\/2022\/05\/Acumuladores-1-18x12.jpg 18w, https:\/\/attualebrasil.com.br\/wp-content\/uploads\/2022\/05\/Acumuladores-1.jpg 1200w\" sizes=\"(max-width: 800px) 100vw, 800px\" \/>\t\t\t\t\t\t\t\t\t\t\t\t\t\t\t<\/div>\n\t\t\t\t<\/div>\n\t\t\t\t\t<\/div>\n\t\t<\/div>\n\t\t\t\t<div class=\"elementor-column elementor-col-50 elementor-inner-column elementor-element elementor-element-0c740d0\" data-id=\"0c740d0\" data-element_type=\"column\" data-e-type=\"column\">\n\t\t\t<div class=\"elementor-widget-wrap elementor-element-populated\">\n\t\t\t\t\t\t<div class=\"elementor-element elementor-element-d236bc1 elementor-widget elementor-widget-heading\" data-id=\"d236bc1\" data-element_type=\"widget\" data-e-type=\"widget\" data-widget_type=\"heading.default\">\n\t\t\t\t<div class=\"elementor-widget-container\">\n\t\t\t\t\t<h2 class=\"elementor-heading-title elementor-size-default\">limpieza de acumulaciones<\/h2>\t\t\t\t<\/div>\n\t\t\t\t<\/div>\n\t\t\t\t<div class=\"elementor-element elementor-element-4b4a3b4 elementor-widget elementor-widget-text-editor\" data-id=\"4b4a3b4\" data-element_type=\"widget\" data-e-type=\"widget\" data-widget_type=\"text-editor.default\">\n\t\t\t\t<div class=\"elementor-widget-container\">\n\t\t\t\t\t\t\t\t\t<p>As\u00ed como fuimos los primeros en limpiar lugares con muerte, tambi\u00e9n fuimos los primeros en realizar el servicio de limpieza en lugares de acumulaci\u00f3n compulsiva. Attuale Brasil explica un poco sobre esta enfermedad y sabemos que es importante que familiares, amigos y vecinos ayuden en todo lo que puedan para aliviar este sufrimiento. Trabajamos en la intervenci\u00f3n de lugares insalubres, limpiando y restaurando estos entornos, aportando calidad de vida a todas las personas implicadas.<\/p><p>Poco se dice en Brasil pero el acaparamiento compulsivo o acaparamiento patol\u00f3gico es un trastorno que lleva a la persona a acumular objetos que muchas veces incluso pueden provenir de la basura. Es una enfermedad cr\u00f3nica, dif\u00edcil de controlar y tiende a empeorar con la edad.<\/p><p>Este h\u00e1bito de acumuladores compulsivos, hasta 2013, se consideraba un s\u00edntoma del Trastorno Obsesivo Compulsivo (TOC), pero a partir de este a\u00f1o, por ser una enfermedad tan espec\u00edfica y que genera tanto da\u00f1o al individuo, se consider\u00f3 una entidad, es decir, una enfermedad aislada.<\/p>\t\t\t\t\t\t\t\t<\/div>\n\t\t\t\t<\/div>\n\t\t\t\t<div class=\"elementor-element elementor-element-0b1a049 elementor-hidden-mobile elementor-widget elementor-widget-button\" data-id=\"0b1a049\" data-element_type=\"widget\" data-e-type=\"widget\" data-widget_type=\"button.default\">\n\t\t\t\t<div class=\"elementor-widget-container\">\n\t\t\t\t\t\t\t\t\t<div class=\"elementor-button-wrapper\">\n\t\t\t\t\t<a class=\"elementor-button elementor-button-link elementor-size-sm\" href=\"https:\/\/web.whatsapp.com\/send?phone=+5511987893692\" target=\"_blank\">\n\t\t\t\t\t\t<span class=\"elementor-button-content-wrapper\">\n\t\t\t\t\t\t<span class=\"elementor-button-icon\">\n\t\t\t\t<i aria-hidden=\"true\" class=\"fab fa-whatsapp\"><\/i>\t\t\t<\/span>\n\t\t\t\t\t\t\t\t\t<span class=\"elementor-button-text\">Habla con un consultor<\/span>\n\t\t\t\t\t<\/span>\n\t\t\t\t\t<\/a>\n\t\t\t\t<\/div>\n\t\t\t\t\t\t\t\t<\/div>\n\t\t\t\t<\/div>\n\t\t\t\t<div class=\"elementor-element elementor-element-527c15c elementor-hidden-desktop elementor-hidden-tablet elementor-widget elementor-widget-button\" data-id=\"527c15c\" data-element_type=\"widget\" data-e-type=\"widget\" data-widget_type=\"button.default\">\n\t\t\t\t<div class=\"elementor-widget-container\">\n\t\t\t\t\t\t\t\t\t<div class=\"elementor-button-wrapper\">\n\t\t\t\t\t<a class=\"elementor-button elementor-button-link elementor-size-sm\" href=\"https:\/\/api.whatsapp.com\/send?phone=+5511987893692\" target=\"_blank\">\n\t\t\t\t\t\t<span class=\"elementor-button-content-wrapper\">\n\t\t\t\t\t\t<span class=\"elementor-button-icon\">\n\t\t\t\t<i aria-hidden=\"true\" class=\"fab fa-whatsapp\"><\/i>\t\t\t<\/span>\n\t\t\t\t\t\t\t\t\t<span class=\"elementor-button-text\">Habla con un consultor<\/span>\n\t\t\t\t\t<\/span>\n\t\t\t\t\t<\/a>\n\t\t\t\t<\/div>\n\t\t\t\t\t\t\t\t<\/div>\n\t\t\t\t<\/div>\n\t\t\t\t\t<\/div>\n\t\t<\/div>\n\t\t\t\t\t<\/div>\n\t\t<\/section>\n\t\t\t\t\t<\/div>\n\t\t<\/div>\n\t\t\t\t\t<\/div>\n\t\t<\/section>\n\t\t\t\t<section class=\"elementor-section elementor-top-section elementor-element elementor-element-22a148b animated-slow elementor-section-boxed elementor-section-height-default elementor-section-height-default elementor-invisible\" data-id=\"22a148b\" data-element_type=\"section\" data-e-type=\"section\" data-settings=\"{&quot;animation&quot;:&quot;fadeIn&quot;}\">\n\t\t\t\t\t\t<div class=\"elementor-container elementor-column-gap-default\">\n\t\t\t\t\t<div class=\"elementor-column elementor-col-100 elementor-top-column elementor-element elementor-element-6e2c81c\" data-id=\"6e2c81c\" data-element_type=\"column\" data-e-type=\"column\">\n\t\t\t<div class=\"elementor-widget-wrap elementor-element-populated\">\n\t\t\t\t\t\t<div class=\"elementor-element elementor-element-c6a0cb1 elementor-widget elementor-widget-heading\" data-id=\"c6a0cb1\" data-element_type=\"widget\" data-e-type=\"widget\" data-widget_type=\"heading.default\">\n\t\t\t\t<div class=\"elementor-widget-container\">\n\t\t\t\t\t<h2 class=\"elementor-heading-title elementor-size-default\">referencias<\/h2>\t\t\t\t<\/div>\n\t\t\t\t<\/div>\n\t\t\t\t<div class=\"elementor-element elementor-element-5fa9e5e elementor-pagination-position-outside elementor-widget elementor-widget-image-carousel\" data-id=\"5fa9e5e\" data-element_type=\"widget\" data-e-type=\"widget\" data-settings=\"{&quot;slides_to_show&quot;:&quot;5&quot;,&quot;slides_to_show_tablet&quot;:&quot;4&quot;,&quot;navigation&quot;:&quot;dots&quot;,&quot;image_spacing_custom&quot;:{&quot;unit&quot;:&quot;px&quot;,&quot;size&quot;:45,&quot;sizes&quot;:[]},&quot;slides_to_show_mobile&quot;:&quot;2&quot;,&quot;autoplay&quot;:&quot;yes&quot;,&quot;pause_on_hover&quot;:&quot;yes&quot;,&quot;pause_on_interaction&quot;:&quot;yes&quot;,&quot;autoplay_speed&quot;:5000,&quot;infinite&quot;:&quot;yes&quot;,&quot;speed&quot;:500,&quot;image_spacing_custom_tablet&quot;:{&quot;unit&quot;:&quot;px&quot;,&quot;size&quot;:&quot;&quot;,&quot;sizes&quot;:[]},&quot;image_spacing_custom_mobile&quot;:{&quot;unit&quot;:&quot;px&quot;,&quot;size&quot;:&quot;&quot;,&quot;sizes&quot;:[]}}\" data-widget_type=\"image-carousel.default\">\n\t\t\t\t<div class=\"elementor-widget-container\">\n\t\t\t\t\t\t\t<div class=\"elementor-image-carousel-wrapper swiper\" role=\"region\" aria-roledescription=\"carousel\" aria-label=\"Carrossel de imagem\" dir=\"ltr\">\n\t\t\t<div class=\"elementor-image-carousel swiper-wrapper\" aria-live=\"off\">\n\t\t\t\t\t\t\t\t<div class=\"swiper-slide\" role=\"group\" aria-roledescription=\"slide\" aria-label=\"1 de 14\"><figure class=\"swiper-slide-inner\"><img decoding=\"async\" class=\"swiper-slide-image\" src=\"https:\/\/attualebrasil.com.br\/wp-content\/uploads\/2022\/05\/athie-300x176-1.jpg\" alt=\"athie-300x176\" \/><\/figure><\/div><div class=\"swiper-slide\" role=\"group\" aria-roledescription=\"slide\" aria-label=\"2 de 14\"><figure class=\"swiper-slide-inner\"><img decoding=\"async\" class=\"swiper-slide-image\" src=\"https:\/\/attualebrasil.com.br\/wp-content\/uploads\/2022\/05\/bahia-300x176-1.jpg\" alt=\"bahia-300x176\" \/><\/figure><\/div><div class=\"swiper-slide\" role=\"group\" aria-roledescription=\"slide\" aria-label=\"3 de 14\"><figure class=\"swiper-slide-inner\"><img decoding=\"async\" class=\"swiper-slide-image\" src=\"https:\/\/attualebrasil.com.br\/wp-content\/uploads\/2022\/05\/bny-mellon-300x176-1.jpg\" alt=\"bny-mellon-300x176\" \/><\/figure><\/div><div class=\"swiper-slide\" role=\"group\" aria-roledescription=\"slide\" aria-label=\"4 de 14\"><figure class=\"swiper-slide-inner\"><img decoding=\"async\" class=\"swiper-slide-image\" src=\"https:\/\/attualebrasil.com.br\/wp-content\/uploads\/2022\/05\/china-construction-bank-300x176-1.jpg\" alt=\"china-construction-bank-300x176\" \/><\/figure><\/div><div class=\"swiper-slide\" role=\"group\" aria-roledescription=\"slide\" aria-label=\"5 de 14\"><figure class=\"swiper-slide-inner\"><img decoding=\"async\" class=\"swiper-slide-image\" src=\"https:\/\/attualebrasil.com.br\/wp-content\/uploads\/2022\/05\/credit-300x176-1.jpg\" alt=\"credit-300x176\" \/><\/figure><\/div><div class=\"swiper-slide\" role=\"group\" aria-roledescription=\"slide\" aria-label=\"6 de 14\"><figure class=\"swiper-slide-inner\"><img decoding=\"async\" class=\"swiper-slide-image\" src=\"https:\/\/attualebrasil.com.br\/wp-content\/uploads\/2022\/05\/faesp-1-300x176-1.jpg\" alt=\"faesp-1-300x176\" \/><\/figure><\/div><div class=\"swiper-slide\" role=\"group\" aria-roledescription=\"slide\" aria-label=\"7 de 14\"><figure class=\"swiper-slide-inner\"><img decoding=\"async\" class=\"swiper-slide-image\" src=\"https:\/\/attualebrasil.com.br\/wp-content\/uploads\/2022\/05\/implacil-1-300x176-1.jpg\" alt=\"implacil-1-300x176\" \/><\/figure><\/div><div class=\"swiper-slide\" role=\"group\" aria-roledescription=\"slide\" aria-label=\"8 de 14\"><figure class=\"swiper-slide-inner\"><img decoding=\"async\" class=\"swiper-slide-image\" src=\"https:\/\/attualebrasil.com.br\/wp-content\/uploads\/2022\/05\/scalina-300x176-1.jpg\" alt=\"scalina-300x176\" \/><\/figure><\/div><div class=\"swiper-slide\" role=\"group\" aria-roledescription=\"slide\" aria-label=\"9 de 14\"><figure class=\"swiper-slide-inner\"><img decoding=\"async\" class=\"swiper-slide-image\" src=\"https:\/\/attualebrasil.com.br\/wp-content\/uploads\/2022\/05\/sephora-300x176-1.jpg\" alt=\"sephora-300x176\" \/><\/figure><\/div><div class=\"swiper-slide\" role=\"group\" aria-roledescription=\"slide\" aria-label=\"10 de 14\"><figure class=\"swiper-slide-inner\"><img decoding=\"async\" class=\"swiper-slide-image\" src=\"https:\/\/attualebrasil.com.br\/wp-content\/uploads\/2022\/05\/supergasbras-1-300x176-1.jpg\" alt=\"supergasbras-1-300x176\" \/><\/figure><\/div><div class=\"swiper-slide\" role=\"group\" aria-roledescription=\"slide\" aria-label=\"11 de 14\"><figure class=\"swiper-slide-inner\"><img decoding=\"async\" class=\"swiper-slide-image\" src=\"https:\/\/attualebrasil.com.br\/wp-content\/uploads\/2022\/05\/tgs-300x176-1.jpg\" alt=\"tgs-300x176\" \/><\/figure><\/div><div class=\"swiper-slide\" role=\"group\" aria-roledescription=\"slide\" aria-label=\"12 de 14\"><figure class=\"swiper-slide-inner\"><img decoding=\"async\" class=\"swiper-slide-image\" src=\"https:\/\/attualebrasil.com.br\/wp-content\/uploads\/2022\/05\/universal-300x176-1.jpg\" alt=\"universal-300x176\" \/><\/figure><\/div><div class=\"swiper-slide\" role=\"group\" aria-roledescription=\"slide\" aria-label=\"13 de 14\"><figure class=\"swiper-slide-inner\"><img decoding=\"async\" class=\"swiper-slide-image\" src=\"https:\/\/attualebrasil.com.br\/wp-content\/uploads\/2022\/05\/vinci-300x176-1.jpg\" alt=\"vinci-300x176\" \/><\/figure><\/div><div class=\"swiper-slide\" role=\"group\" aria-roledescription=\"slide\" aria-label=\"14 de 14\"><figure class=\"swiper-slide-inner\"><img decoding=\"async\" class=\"swiper-slide-image\" src=\"https:\/\/attualebrasil.com.br\/wp-content\/uploads\/2022\/05\/zte-300x176-1.jpg\" alt=\"zte-300x176\" \/><\/figure><\/div>\t\t\t<\/div>\n\t\t\t\t\t\t\t\n\t\t\t\t\t\t\t\t\t<div class=\"swiper-pagination\"><\/div>\n\t\t\t\t\t\t\t\t\t<\/div>\n\t\t\t\t\t\t<\/div>\n\t\t\t\t<\/div>\n\t\t\t\t\t<\/div>\n\t\t<\/div>\n\t\t\t\t\t<\/div>\n\t\t<\/section>\n\t\t\t\t<\/div>","protected":false},"excerpt":{"rendered":"<p>Limpeza de acumula\u00e7\u00f5es Assim como fomos os primeiros a limpar locais com \u00f3bito tamb\u00e9m fomos os primeiros a executar o servi\u00e7o de limpeza em locais de acumula\u00e7\u00e3o compulsiva. A Attuale Brasil explica um pouco sobre essa doen\u00e7a e sabemos que \u00e9 importante a fam\u00edlia, amigos e vizinhos ajudarem no que puderem para amenizar esse sofrimento. [&hellip;]<\/p>\n","protected":false},"author":2,"featured_media":0,"parent":19,"menu_order":2,"comment_status":"closed","ping_status":"closed","template":"elementor_header_footer","meta":{"footnotes":""},"class_list":["post-1179","page","type-page","status-publish","hentry"],"yoast_head":"<!-- This site is optimized with the Yoast SEO Premium plugin v21.1 (Yoast SEO v27.4) - https:\/\/yoast.com\/product\/yoast-seo-premium-wordpress\/ -->\n<title>Limpeza de acumula\u00e7\u00f5es | Attuale Brasil<\/title>\n<meta name=\"description\" content=\"Limpeza de acumula\u00e7\u00f5es Assim como fomos os primeiros a limpar locais com \u00f3bito tamb\u00e9m fomos os primeiros a executar o servi\u00e7o de limpeza em locais de\" \/>\n<meta name=\"robots\" content=\"index, follow, max-snippet:-1, max-image-preview:large, max-video-preview:-1\" \/>\n<link rel=\"canonical\" href=\"https:\/\/attualebrasil.com.br\/es\/servicos\/limpeza-de-acumulacoes\/\" \/>\n<meta property=\"og:locale\" content=\"es_ES\" \/>\n<meta property=\"og:type\" content=\"article\" \/>\n<meta property=\"og:title\" content=\"Limpeza de acumula\u00e7\u00f5es\" \/>\n<meta property=\"og:description\" content=\"Limpeza de acumula\u00e7\u00f5es Assim como fomos os primeiros a limpar locais com \u00f3bito tamb\u00e9m fomos os primeiros a executar o servi\u00e7o de limpeza em locais de\" \/>\n<meta property=\"og:url\" content=\"https:\/\/attualebrasil.com.br\/es\/servicos\/limpeza-de-acumulacoes\/\" \/>\n<meta property=\"og:site_name\" content=\"Attuale Brasil\" \/>\n<meta property=\"article:publisher\" content=\"https:\/\/www.facebook.com\/attualebrasil.com.br\/\" \/>\n<meta property=\"article:modified_time\" content=\"2023-04-13T02:22:49+00:00\" \/>\n<meta property=\"og:image\" content=\"https:\/\/attualebrasil.com.br\/wp-content\/uploads\/2022\/05\/Acumuladores-1-1024x683.jpg\" \/>\n<meta name=\"twitter:card\" content=\"summary_large_image\" \/>\n<meta name=\"twitter:label1\" content=\"Tiempo de lectura\" \/>\n\t<meta name=\"twitter:data1\" content=\"4 minutos\" \/>\n<script type=\"application\/ld+json\" class=\"yoast-schema-graph\">{\"@context\":\"https:\\\/\\\/schema.org\",\"@graph\":[{\"@type\":\"WebPage\",\"@id\":\"https:\\\/\\\/attualebrasil.com.br\\\/servicos\\\/limpeza-de-acumulacoes\\\/\",\"url\":\"https:\\\/\\\/attualebrasil.com.br\\\/servicos\\\/limpeza-de-acumulacoes\\\/\",\"name\":\"Limpeza de acumula\u00e7\u00f5es | Attuale Brasil\",\"isPartOf\":{\"@id\":\"https:\\\/\\\/attualebrasil.com.br\\\/#website\"},\"primaryImageOfPage\":{\"@id\":\"https:\\\/\\\/attualebrasil.com.br\\\/servicos\\\/limpeza-de-acumulacoes\\\/#primaryimage\"},\"image\":{\"@id\":\"https:\\\/\\\/attualebrasil.com.br\\\/servicos\\\/limpeza-de-acumulacoes\\\/#primaryimage\"},\"thumbnailUrl\":\"https:\\\/\\\/attualebrasil.com.br\\\/wp-content\\\/uploads\\\/2022\\\/05\\\/Acumuladores-1-1024x683.jpg\",\"datePublished\":\"2021-11-26T01:26:34+00:00\",\"dateModified\":\"2023-04-13T02:22:49+00:00\",\"description\":\"Limpeza de acumula\u00e7\u00f5es Assim como fomos os primeiros a limpar locais com \u00f3bito tamb\u00e9m fomos os primeiros a executar o servi\u00e7o de limpeza em locais de\",\"breadcrumb\":{\"@id\":\"https:\\\/\\\/attualebrasil.com.br\\\/servicos\\\/limpeza-de-acumulacoes\\\/#breadcrumb\"},\"inLanguage\":\"es\",\"potentialAction\":[{\"@type\":\"ReadAction\",\"target\":[\"https:\\\/\\\/attualebrasil.com.br\\\/servicos\\\/limpeza-de-acumulacoes\\\/\"]}]},{\"@type\":\"ImageObject\",\"inLanguage\":\"es\",\"@id\":\"https:\\\/\\\/attualebrasil.com.br\\\/servicos\\\/limpeza-de-acumulacoes\\\/#primaryimage\",\"url\":\"https:\\\/\\\/attualebrasil.com.br\\\/wp-content\\\/uploads\\\/2022\\\/05\\\/Acumuladores-1-1024x683.jpg\",\"contentUrl\":\"https:\\\/\\\/attualebrasil.com.br\\\/wp-content\\\/uploads\\\/2022\\\/05\\\/Acumuladores-1-1024x683.jpg\"},{\"@type\":\"BreadcrumbList\",\"@id\":\"https:\\\/\\\/attualebrasil.com.br\\\/servicos\\\/limpeza-de-acumulacoes\\\/#breadcrumb\",\"itemListElement\":[{\"@type\":\"ListItem\",\"position\":1,\"name\":\"In\u00edcio\",\"item\":\"https:\\\/\\\/attualebrasil.com.br\\\/\"},{\"@type\":\"ListItem\",\"position\":2,\"name\":\"Servi\u00e7os\",\"item\":\"https:\\\/\\\/attualebrasil.com.br\\\/servicos\\\/\"},{\"@type\":\"ListItem\",\"position\":3,\"name\":\"Limpeza de acumula\u00e7\u00f5es\"}]},{\"@type\":\"WebSite\",\"@id\":\"https:\\\/\\\/attualebrasil.com.br\\\/#website\",\"url\":\"https:\\\/\\\/attualebrasil.com.br\\\/\",\"name\":\"Attuale Brasil\",\"description\":\"Limpeza p\u00f3s morte e Servi\u00e7os de Descontamina\u00e7\u00e3o \",\"publisher\":{\"@id\":\"https:\\\/\\\/attualebrasil.com.br\\\/#organization\"},\"potentialAction\":[{\"@type\":\"SearchAction\",\"target\":{\"@type\":\"EntryPoint\",\"urlTemplate\":\"https:\\\/\\\/attualebrasil.com.br\\\/?s={search_term_string}\"},\"query-input\":{\"@type\":\"PropertyValueSpecification\",\"valueRequired\":true,\"valueName\":\"search_term_string\"}}],\"inLanguage\":\"es\"},{\"@type\":\"Organization\",\"@id\":\"https:\\\/\\\/attualebrasil.com.br\\\/#organization\",\"name\":\"Attuale Brasil\",\"url\":\"https:\\\/\\\/attualebrasil.com.br\\\/\",\"logo\":{\"@type\":\"ImageObject\",\"inLanguage\":\"es\",\"@id\":\"https:\\\/\\\/attualebrasil.com.br\\\/#\\\/schema\\\/logo\\\/image\\\/\",\"url\":\"https:\\\/\\\/attualebrasil.com.br\\\/wp-content\\\/uploads\\\/2022\\\/05\\\/logo-1.jpg\",\"contentUrl\":\"https:\\\/\\\/attualebrasil.com.br\\\/wp-content\\\/uploads\\\/2022\\\/05\\\/logo-1.jpg\",\"width\":100,\"height\":100,\"caption\":\"Attuale Brasil\"},\"image\":{\"@id\":\"https:\\\/\\\/attualebrasil.com.br\\\/#\\\/schema\\\/logo\\\/image\\\/\"},\"sameAs\":[\"https:\\\/\\\/www.facebook.com\\\/attualebrasil.com.br\\\/\"]}]}<\/script>\n<!-- \/ Yoast SEO Premium plugin. -->","yoast_head_json":{"title":"Limpeza de acumula\u00e7\u00f5es | Attuale Brasil","description":"Limpeza de acumula\u00e7\u00f5es Assim como fomos os primeiros a limpar locais com \u00f3bito tamb\u00e9m fomos os primeiros a executar o servi\u00e7o de limpeza em locais de","robots":{"index":"index","follow":"follow","max-snippet":"max-snippet:-1","max-image-preview":"max-image-preview:large","max-video-preview":"max-video-preview:-1"},"canonical":"https:\/\/attualebrasil.com.br\/es\/servicos\/limpeza-de-acumulacoes\/","og_locale":"es_ES","og_type":"article","og_title":"Limpeza de acumula\u00e7\u00f5es","og_description":"Limpeza de acumula\u00e7\u00f5es Assim como fomos os primeiros a limpar locais com \u00f3bito tamb\u00e9m fomos os primeiros a executar o servi\u00e7o de limpeza em locais de","og_url":"https:\/\/attualebrasil.com.br\/es\/servicos\/limpeza-de-acumulacoes\/","og_site_name":"Attuale Brasil","article_publisher":"https:\/\/www.facebook.com\/attualebrasil.com.br\/","article_modified_time":"2023-04-13T02:22:49+00:00","og_image":[{"url":"https:\/\/attualebrasil.com.br\/wp-content\/uploads\/2022\/05\/Acumuladores-1-1024x683.jpg","type":"","width":"","height":""}],"twitter_card":"summary_large_image","twitter_misc":{"Tiempo de lectura":"4 minutos"},"schema":{"@context":"https:\/\/schema.org","@graph":[{"@type":"WebPage","@id":"https:\/\/attualebrasil.com.br\/servicos\/limpeza-de-acumulacoes\/","url":"https:\/\/attualebrasil.com.br\/servicos\/limpeza-de-acumulacoes\/","name":"Limpeza de acumula\u00e7\u00f5es | Attuale Brasil","isPartOf":{"@id":"https:\/\/attualebrasil.com.br\/#website"},"primaryImageOfPage":{"@id":"https:\/\/attualebrasil.com.br\/servicos\/limpeza-de-acumulacoes\/#primaryimage"},"image":{"@id":"https:\/\/attualebrasil.com.br\/servicos\/limpeza-de-acumulacoes\/#primaryimage"},"thumbnailUrl":"https:\/\/attualebrasil.com.br\/wp-content\/uploads\/2022\/05\/Acumuladores-1-1024x683.jpg","datePublished":"2021-11-26T01:26:34+00:00","dateModified":"2023-04-13T02:22:49+00:00","description":"Limpeza de acumula\u00e7\u00f5es Assim como fomos os primeiros a limpar locais com \u00f3bito tamb\u00e9m fomos os primeiros a executar o servi\u00e7o de limpeza em locais de","breadcrumb":{"@id":"https:\/\/attualebrasil.com.br\/servicos\/limpeza-de-acumulacoes\/#breadcrumb"},"inLanguage":"es","potentialAction":[{"@type":"ReadAction","target":["https:\/\/attualebrasil.com.br\/servicos\/limpeza-de-acumulacoes\/"]}]},{"@type":"ImageObject","inLanguage":"es","@id":"https:\/\/attualebrasil.com.br\/servicos\/limpeza-de-acumulacoes\/#primaryimage","url":"https:\/\/attualebrasil.com.br\/wp-content\/uploads\/2022\/05\/Acumuladores-1-1024x683.jpg","contentUrl":"https:\/\/attualebrasil.com.br\/wp-content\/uploads\/2022\/05\/Acumuladores-1-1024x683.jpg"},{"@type":"BreadcrumbList","@id":"https:\/\/attualebrasil.com.br\/servicos\/limpeza-de-acumulacoes\/#breadcrumb","itemListElement":[{"@type":"ListItem","position":1,"name":"In\u00edcio","item":"https:\/\/attualebrasil.com.br\/"},{"@type":"ListItem","position":2,"name":"Servi\u00e7os","item":"https:\/\/attualebrasil.com.br\/servicos\/"},{"@type":"ListItem","position":3,"name":"Limpeza de acumula\u00e7\u00f5es"}]},{"@type":"WebSite","@id":"https:\/\/attualebrasil.com.br\/#website","url":"https:\/\/attualebrasil.com.br\/","name":"Brasil actual","description":"Limpeza p\u00f3s morte e Servi\u00e7os de Descontamina\u00e7\u00e3o","publisher":{"@id":"https:\/\/attualebrasil.com.br\/#organization"},"potentialAction":[{"@type":"SearchAction","target":{"@type":"EntryPoint","urlTemplate":"https:\/\/attualebrasil.com.br\/?s={search_term_string}"},"query-input":{"@type":"PropertyValueSpecification","valueRequired":true,"valueName":"search_term_string"}}],"inLanguage":"es"},{"@type":"Organization","@id":"https:\/\/attualebrasil.com.br\/#organization","name":"Brasil actual","url":"https:\/\/attualebrasil.com.br\/","logo":{"@type":"ImageObject","inLanguage":"es","@id":"https:\/\/attualebrasil.com.br\/#\/schema\/logo\/image\/","url":"https:\/\/attualebrasil.com.br\/wp-content\/uploads\/2022\/05\/logo-1.jpg","contentUrl":"https:\/\/attualebrasil.com.br\/wp-content\/uploads\/2022\/05\/logo-1.jpg","width":100,"height":100,"caption":"Attuale Brasil"},"image":{"@id":"https:\/\/attualebrasil.com.br\/#\/schema\/logo\/image\/"},"sameAs":["https:\/\/www.facebook.com\/attualebrasil.com.br\/"]}]}},"_links":{"self":[{"href":"https:\/\/attualebrasil.com.br\/es\/wp-json\/wp\/v2\/pages\/1179","targetHints":{"allow":["GET"]}}],"collection":[{"href":"https:\/\/attualebrasil.com.br\/es\/wp-json\/wp\/v2\/pages"}],"about":[{"href":"https:\/\/attualebrasil.com.br\/es\/wp-json\/wp\/v2\/types\/page"}],"author":[{"embeddable":true,"href":"https:\/\/attualebrasil.com.br\/es\/wp-json\/wp\/v2\/users\/2"}],"replies":[{"embeddable":true,"href":"https:\/\/attualebrasil.com.br\/es\/wp-json\/wp\/v2\/comments?post=1179"}],"version-history":[{"count":1,"href":"https:\/\/attualebrasil.com.br\/es\/wp-json\/wp\/v2\/pages\/1179\/revisions"}],"predecessor-version":[{"id":2681,"href":"https:\/\/attualebrasil.com.br\/es\/wp-json\/wp\/v2\/pages\/1179\/revisions\/2681"}],"up":[{"embeddable":true,"href":"https:\/\/attualebrasil.com.br\/es\/wp-json\/wp\/v2\/pages\/19"}],"wp:attachment":[{"href":"https:\/\/attualebrasil.com.br\/es\/wp-json\/wp\/v2\/media?parent=1179"}],"curies":[{"name":"wp","href":"https:\/\/api.w.org\/{rel}","templated":true}]}}