{"id":1118,"date":"2021-11-24T21:22:32","date_gmt":"2021-11-25T00:22:32","guid":{"rendered":"https:\/\/iuri0078.hospedagemdesites.ws\/~attualebrasil\/?page_id=1118"},"modified":"2025-08-27T23:30:52","modified_gmt":"2025-08-28T02:30:52","slug":"proposta","status":"publish","type":"page","link":"https:\/\/attualebrasil.com.br\/es\/proposta\/","title":{"rendered":"Propuesta"},"content":{"rendered":"<p>[vc_row][vc_column][vc_custom_heading text=&#8221;Solicite uma Proposta&#8221; font_container=&#8221;tag:h3|text_align:center|color:%23777777&#8243; use_theme_fonts=&#8221;yes&#8221; font_weight=&#8221;700&#8243; skin=&#8221;primary&#8221; letter_spacing=&#8221;-0.05em&#8221; animation_delay=&#8221;200&#8243; el_class=&#8221;mb-4 pb-3 primary-punc-mark&#8221; animation_type=&#8221;fadeInLeft&#8221;][\/vc_column][\/vc_row][vc_row][vc_column width=&#8221;1\/5&#8243;][\/vc_column][vc_column width=&#8221;1\/5&#8243;][porto_info_box icon_type=&#8221;custom&#8221; img_width=&#8221;25&#8243; icon_border_radius=&#8221;0&#8243; pos=&#8221;left&#8221; animation_delay=&#8221;250&#8243; desc_font_style=&#8221;500&#8243; desc_font_size=&#8221;18&#8243; desc_font_line_height=&#8221;26px&#8221; desc_font_letter_spacing=&#8221;0&#8243; desc_font_color=&#8221;#777777&#8243; el_class=&#8221;mb-0&#8243; animation_type1=&#8221;fadeInLeft&#8221;]<i class=\"fab fa-whatsapp\"><\/i> (11) 98789-3692[\/porto_info_box][\/vc_column][vc_column width=&#8221;1\/5&#8243;][porto_info_box icon_size=&#8221;32&#8243; icon_border_radius=&#8221;0&#8243; pos=&#8221;left&#8221; animation_delay=&#8221;350&#8243; desc_font_style=&#8221;500&#8243; desc_font_size=&#8221;18&#8243; desc_font_line_height=&#8221;26px&#8221; desc_font_letter_spacing=&#8221;0&#8243; desc_font_color=&#8221;#777777&#8243; el_class=&#8221;mb-0&#8243; animation_type1=&#8221;fadeInLeft&#8221;]<i class=\"fab fa-whatsapp\"><\/i> (21) 99660-3478[\/porto_info_box][\/vc_column][vc_column width=&#8221;1\/5&#8243;][porto_info_box icon_type=&#8221;custom&#8221; img_width=&#8221;25&#8243; icon_border_radius=&#8221;0&#8243; pos=&#8221;left&#8221; animation_delay=&#8221;450&#8243; desc_font_style=&#8221;500&#8243; desc_font_size=&#8221;18&#8243; desc_font_line_height=&#8221;26px&#8221; desc_font_letter_spacing=&#8221;0&#8243; desc_font_color=&#8221;#777777&#8243; el_class=&#8221;mb-0&#8243; animation_type1=&#8221;fadeInLeft&#8221;]<i class=\"fab fa-whatsapp\"><\/i> (13) 97419-1082[\/porto_info_box][\/vc_column][vc_column width=&#8221;1\/5&#8243;][\/vc_column][\/vc_row][vc_row content_placement=&#8221;middle&#8221;][vc_column width=&#8221;1\/6&#8243;][\/vc_column][vc_column width=&#8221;2\/3&#8243;][vc_empty_space][porto_info_box icon_size=&#8221;32&#8243; icon_border_radius=&#8221;0&#8243; pos=&#8221;left&#8221; animation_delay=&#8221;350&#8243; desc_font_style=&#8221;500&#8243; desc_font_size=&#8221;18&#8243; desc_font_line_height=&#8221;26px&#8221; desc_font_letter_spacing=&#8221;0&#8243; desc_font_color=&#8221;#777777&#8243; el_class=&#8221;mb-0&#8243; animation_type1=&#8221;fadeInLeft&#8221;]<\/p>\n<p style=\"text-align: center;\"><a href=\"mailto:attualebrasil@attualebrasil.com.br\"> attualebrasil@attualebrasil.com.br<\/a><\/p>\n<p>[\/porto_info_box][vc_custom_heading text=&#8221;Preencha o formul\u00e1rio abaixo e solicite uma proposta. Estamos prontos para lhe atender!&#8221; font_container=&#8221;tag:p|text_align:center&#8221; use_theme_fonts=&#8221;yes&#8221; animation_delay=&#8221;550&#8243; animation_type=&#8221;fadeInLeft&#8221; css=&#8221;.vc_custom_1637800441981{margin-top: 20px !important;}&#8221;][vc_column_text]<\/p>\n<p style=\"text-align: center;\">[Form id=&#8221;2&#8243;]<\/p>\n<p>[\/vc_column_text][\/vc_column][vc_column width=&#8221;1\/6&#8243;][\/vc_column][\/vc_row]<\/p>\n","protected":false},"excerpt":{"rendered":"<p>[vc_row][vc_column][vc_custom_heading text=&#8221;Solicite uma Proposta&#8221; font_container=&#8221;tag:h3|text_align:center|color:%23777777&#8243; use_theme_fonts=&#8221;yes&#8221; font_weight=&#8221;700&#8243; skin=&#8221;primary&#8221; letter_spacing=&#8221;-0.05em&#8221; animation_delay=&#8221;200&#8243; el_class=&#8221;mb-4 pb-3 primary-punc-mark&#8221; animation_type=&#8221;fadeInLeft&#8221;][\/vc_column][\/vc_row][vc_row][vc_column width=&#8221;1\/5&#8243;][\/vc_column][vc_column width=&#8221;1\/5&#8243;][porto_info_box icon_type=&#8221;custom&#8221; img_width=&#8221;25&#8243; icon_border_radius=&#8221;0&#8243; pos=&#8221;left&#8221; animation_delay=&#8221;250&#8243; desc_font_style=&#8221;500&#8243; desc_font_size=&#8221;18&#8243; desc_font_line_height=&#8221;26px&#8221; desc_font_letter_spacing=&#8221;0&#8243; desc_font_color=&#8221;#777777&#8243; el_class=&#8221;mb-0&#8243; animation_type1=&#8221;fadeInLeft&#8221;] (11) 98789-3692[\/porto_info_box][\/vc_column][vc_column width=&#8221;1\/5&#8243;][porto_info_box icon_size=&#8221;32&#8243; icon_border_radius=&#8221;0&#8243; pos=&#8221;left&#8221; animation_delay=&#8221;350&#8243; desc_font_style=&#8221;500&#8243; desc_font_size=&#8221;18&#8243; desc_font_line_height=&#8221;26px&#8221; desc_font_letter_spacing=&#8221;0&#8243; desc_font_color=&#8221;#777777&#8243; el_class=&#8221;mb-0&#8243; animation_type1=&#8221;fadeInLeft&#8221;] (21) 99660-3478[\/porto_info_box][\/vc_column][vc_column width=&#8221;1\/5&#8243;][porto_info_box icon_type=&#8221;custom&#8221; img_width=&#8221;25&#8243; icon_border_radius=&#8221;0&#8243; pos=&#8221;left&#8221; animation_delay=&#8221;450&#8243; desc_font_style=&#8221;500&#8243; desc_font_size=&#8221;18&#8243; desc_font_line_height=&#8221;26px&#8221; desc_font_letter_spacing=&#8221;0&#8243; desc_font_color=&#8221;#777777&#8243; [&hellip;]<\/p>\n","protected":false},"author":2,"featured_media":0,"parent":0,"menu_order":0,"comment_status":"closed","ping_status":"closed","template":"","meta":{"footnotes":""},"class_list":["post-1118","page","type-page","status-publish","hentry"],"yoast_head":"<!-- This site is optimized with the Yoast SEO Premium plugin v21.1 (Yoast SEO v27.4) - https:\/\/yoast.com\/product\/yoast-seo-premium-wordpress\/ -->\n<title>Proposta | Attuale Brasil<\/title>\n<meta name=\"description\" content=\"(11) 98789-3692 (21) 99660-3478 (13) 97419-1082 attualebrasil@attualebrasil.com.br\" \/>\n<meta name=\"robots\" content=\"index, follow, max-snippet:-1, max-image-preview:large, max-video-preview:-1\" \/>\n<link rel=\"canonical\" href=\"https:\/\/attualebrasil.com.br\/es\/proposta\/\" \/>\n<meta property=\"og:locale\" content=\"es_ES\" \/>\n<meta property=\"og:type\" content=\"article\" \/>\n<meta property=\"og:title\" content=\"Proposta\" \/>\n<meta property=\"og:description\" content=\"(11) 98789-3692 (21) 99660-3478 (13) 97419-1082 attualebrasil@attualebrasil.com.br\" \/>\n<meta property=\"og:url\" content=\"https:\/\/attualebrasil.com.br\/es\/proposta\/\" \/>\n<meta property=\"og:site_name\" content=\"Attuale Brasil\" \/>\n<meta property=\"article:publisher\" content=\"https:\/\/www.facebook.com\/attualebrasil.com.br\/\" \/>\n<meta property=\"article:modified_time\" content=\"2025-08-28T02:30:52+00:00\" \/>\n<meta name=\"twitter:card\" content=\"summary_large_image\" \/>\n<meta name=\"twitter:label1\" content=\"Tiempo de lectura\" \/>\n\t<meta name=\"twitter:data1\" content=\"1 minuto\" \/>\n<script type=\"application\/ld+json\" class=\"yoast-schema-graph\">{\"@context\":\"https:\\\/\\\/schema.org\",\"@graph\":[{\"@type\":\"WebPage\",\"@id\":\"https:\\\/\\\/attualebrasil.com.br\\\/proposta\\\/\",\"url\":\"https:\\\/\\\/attualebrasil.com.br\\\/proposta\\\/\",\"name\":\"Proposta | Attuale Brasil\",\"isPartOf\":{\"@id\":\"https:\\\/\\\/attualebrasil.com.br\\\/#website\"},\"datePublished\":\"2021-11-25T00:22:32+00:00\",\"dateModified\":\"2025-08-28T02:30:52+00:00\",\"description\":\"(11) 98789-3692 (21) 99660-3478 (13) 97419-1082 attualebrasil@attualebrasil.com.br\",\"breadcrumb\":{\"@id\":\"https:\\\/\\\/attualebrasil.com.br\\\/proposta\\\/#breadcrumb\"},\"inLanguage\":\"es\",\"potentialAction\":[{\"@type\":\"ReadAction\",\"target\":[\"https:\\\/\\\/attualebrasil.com.br\\\/proposta\\\/\"]}]},{\"@type\":\"BreadcrumbList\",\"@id\":\"https:\\\/\\\/attualebrasil.com.br\\\/proposta\\\/#breadcrumb\",\"itemListElement\":[{\"@type\":\"ListItem\",\"position\":1,\"name\":\"In\u00edcio\",\"item\":\"https:\\\/\\\/attualebrasil.com.br\\\/\"},{\"@type\":\"ListItem\",\"position\":2,\"name\":\"Proposta\"}]},{\"@type\":\"WebSite\",\"@id\":\"https:\\\/\\\/attualebrasil.com.br\\\/#website\",\"url\":\"https:\\\/\\\/attualebrasil.com.br\\\/\",\"name\":\"Attuale Brasil\",\"description\":\"Limpeza p\u00f3s morte e Servi\u00e7os de Descontamina\u00e7\u00e3o \",\"publisher\":{\"@id\":\"https:\\\/\\\/attualebrasil.com.br\\\/#organization\"},\"potentialAction\":[{\"@type\":\"SearchAction\",\"target\":{\"@type\":\"EntryPoint\",\"urlTemplate\":\"https:\\\/\\\/attualebrasil.com.br\\\/?s={search_term_string}\"},\"query-input\":{\"@type\":\"PropertyValueSpecification\",\"valueRequired\":true,\"valueName\":\"search_term_string\"}}],\"inLanguage\":\"es\"},{\"@type\":\"Organization\",\"@id\":\"https:\\\/\\\/attualebrasil.com.br\\\/#organization\",\"name\":\"Attuale Brasil\",\"url\":\"https:\\\/\\\/attualebrasil.com.br\\\/\",\"logo\":{\"@type\":\"ImageObject\",\"inLanguage\":\"es\",\"@id\":\"https:\\\/\\\/attualebrasil.com.br\\\/#\\\/schema\\\/logo\\\/image\\\/\",\"url\":\"https:\\\/\\\/attualebrasil.com.br\\\/wp-content\\\/uploads\\\/2022\\\/05\\\/logo-1.jpg\",\"contentUrl\":\"https:\\\/\\\/attualebrasil.com.br\\\/wp-content\\\/uploads\\\/2022\\\/05\\\/logo-1.jpg\",\"width\":100,\"height\":100,\"caption\":\"Attuale Brasil\"},\"image\":{\"@id\":\"https:\\\/\\\/attualebrasil.com.br\\\/#\\\/schema\\\/logo\\\/image\\\/\"},\"sameAs\":[\"https:\\\/\\\/www.facebook.com\\\/attualebrasil.com.br\\\/\"]}]}<\/script>\n<!-- \/ Yoast SEO Premium plugin. -->","yoast_head_json":{"title":"Proposta | Attuale Brasil","description":"(11) 98789-3692 (21) 99660-3478 (13) 97419-1082 attualebrasil@attualebrasil.com.br","robots":{"index":"index","follow":"follow","max-snippet":"max-snippet:-1","max-image-preview":"max-image-preview:large","max-video-preview":"max-video-preview:-1"},"canonical":"https:\/\/attualebrasil.com.br\/es\/proposta\/","og_locale":"es_ES","og_type":"article","og_title":"Proposta","og_description":"(11) 98789-3692 (21) 99660-3478 (13) 97419-1082 attualebrasil@attualebrasil.com.br","og_url":"https:\/\/attualebrasil.com.br\/es\/proposta\/","og_site_name":"Attuale Brasil","article_publisher":"https:\/\/www.facebook.com\/attualebrasil.com.br\/","article_modified_time":"2025-08-28T02:30:52+00:00","twitter_card":"summary_large_image","twitter_misc":{"Tiempo de lectura":"1 minuto"},"schema":{"@context":"https:\/\/schema.org","@graph":[{"@type":"WebPage","@id":"https:\/\/attualebrasil.com.br\/proposta\/","url":"https:\/\/attualebrasil.com.br\/proposta\/","name":"Proposta | Attuale Brasil","isPartOf":{"@id":"https:\/\/attualebrasil.com.br\/#website"},"datePublished":"2021-11-25T00:22:32+00:00","dateModified":"2025-08-28T02:30:52+00:00","description":"(11) 98789-3692 (21) 99660-3478 (13) 97419-1082 attualebrasil@attualebrasil.com.br","breadcrumb":{"@id":"https:\/\/attualebrasil.com.br\/proposta\/#breadcrumb"},"inLanguage":"es","potentialAction":[{"@type":"ReadAction","target":["https:\/\/attualebrasil.com.br\/proposta\/"]}]},{"@type":"BreadcrumbList","@id":"https:\/\/attualebrasil.com.br\/proposta\/#breadcrumb","itemListElement":[{"@type":"ListItem","position":1,"name":"In\u00edcio","item":"https:\/\/attualebrasil.com.br\/"},{"@type":"ListItem","position":2,"name":"Proposta"}]},{"@type":"WebSite","@id":"https:\/\/attualebrasil.com.br\/#website","url":"https:\/\/attualebrasil.com.br\/","name":"Brasil actual","description":"Limpeza p\u00f3s morte e Servi\u00e7os de Descontamina\u00e7\u00e3o","publisher":{"@id":"https:\/\/attualebrasil.com.br\/#organization"},"potentialAction":[{"@type":"SearchAction","target":{"@type":"EntryPoint","urlTemplate":"https:\/\/attualebrasil.com.br\/?s={search_term_string}"},"query-input":{"@type":"PropertyValueSpecification","valueRequired":true,"valueName":"search_term_string"}}],"inLanguage":"es"},{"@type":"Organization","@id":"https:\/\/attualebrasil.com.br\/#organization","name":"Brasil actual","url":"https:\/\/attualebrasil.com.br\/","logo":{"@type":"ImageObject","inLanguage":"es","@id":"https:\/\/attualebrasil.com.br\/#\/schema\/logo\/image\/","url":"https:\/\/attualebrasil.com.br\/wp-content\/uploads\/2022\/05\/logo-1.jpg","contentUrl":"https:\/\/attualebrasil.com.br\/wp-content\/uploads\/2022\/05\/logo-1.jpg","width":100,"height":100,"caption":"Attuale Brasil"},"image":{"@id":"https:\/\/attualebrasil.com.br\/#\/schema\/logo\/image\/"},"sameAs":["https:\/\/www.facebook.com\/attualebrasil.com.br\/"]}]}},"_links":{"self":[{"href":"https:\/\/attualebrasil.com.br\/es\/wp-json\/wp\/v2\/pages\/1118","targetHints":{"allow":["GET"]}}],"collection":[{"href":"https:\/\/attualebrasil.com.br\/es\/wp-json\/wp\/v2\/pages"}],"about":[{"href":"https:\/\/attualebrasil.com.br\/es\/wp-json\/wp\/v2\/types\/page"}],"author":[{"embeddable":true,"href":"https:\/\/attualebrasil.com.br\/es\/wp-json\/wp\/v2\/users\/2"}],"replies":[{"embeddable":true,"href":"https:\/\/attualebrasil.com.br\/es\/wp-json\/wp\/v2\/comments?post=1118"}],"version-history":[{"count":1,"href":"https:\/\/attualebrasil.com.br\/es\/wp-json\/wp\/v2\/pages\/1118\/revisions"}],"predecessor-version":[{"id":3245,"href":"https:\/\/attualebrasil.com.br\/es\/wp-json\/wp\/v2\/pages\/1118\/revisions\/3245"}],"wp:attachment":[{"href":"https:\/\/attualebrasil.com.br\/es\/wp-json\/wp\/v2\/media?parent=1118"}],"curies":[{"name":"wp","href":"https:\/\/api.w.org\/{rel}","templated":true}]}}