{"id":1100,"date":"2021-11-24T19:53:47","date_gmt":"2021-11-24T22:53:47","guid":{"rendered":"https:\/\/iuri0078.hospedagemdesites.ws\/~attualebrasil\/?page_id=1100"},"modified":"2025-08-10T23:46:15","modified_gmt":"2025-08-11T02:46:15","slug":"cursos-treinamentos-limpeza-forense","status":"publish","type":"page","link":"https:\/\/attualebrasil.com.br\/es\/cursos-treinamentos-limpeza-forense\/","title":{"rendered":"Cursos\/treinamentos Limpeza Forense"},"content":{"rendered":"<p>[vc_row][vc_column][vc_empty_space][vc_custom_heading text=&#8221;Em constru\u00e7\u00e3o&#8221; font_container=&#8221;tag:h3|text_align:center|color:%23777777&#8243; use_theme_fonts=&#8221;yes&#8221;][vc_empty_space height=&#8221;150px&#8221;][\/vc_column][\/vc_row]<\/p>\n","protected":false},"excerpt":{"rendered":"<p>[vc_row][vc_column][vc_empty_space][vc_custom_heading text=&#8221;Em constru\u00e7\u00e3o&#8221; font_container=&#8221;tag:h3|text_align:center|color:%23777777&#8243; use_theme_fonts=&#8221;yes&#8221;][vc_empty_space height=&#8221;150px&#8221;][\/vc_column][\/vc_row]<\/p>\n","protected":false},"author":2,"featured_media":0,"parent":0,"menu_order":0,"comment_status":"closed","ping_status":"closed","template":"","meta":{"footnotes":""},"class_list":["post-1100","page","type-page","status-publish","hentry"],"yoast_head":"<!-- This site is optimized with the Yoast SEO Premium plugin v21.1 (Yoast SEO v27.4) - https:\/\/yoast.com\/product\/yoast-seo-premium-wordpress\/ -->\n<title>Cursos\/treinamentos Limpeza Forense | Attuale Brasil<\/title>\n<meta name=\"description\" content=\"A limpeza Forense \u00e9 extremamente importante para o sucesso de um local livre de contamina\u00e7\u00f5es. Voc\u00ea deve sempre optar pelo melhor para o seu neg\u00f3cio em quest\u00f5es de descontamina\u00e7\u00e3o. E quando o assunto \u00e9 higiene, somos especialistas e nossos treinamentos \/cursos\/palestras sobre Limpeza Forense Attuale Brasil enriquecer\u00e1 seu conhecimento sobre a Ind\u00fastria Profissional de Limpeza Forense, acumula\u00e7\u00f5es e traumas. Estabele\u00e7a um plano de aperfei\u00e7oamento para voc\u00ea que quer aprender sobre Limpeza P\u00f3s morte\/Forense, traumas e acumula\u00e7\u00f5es. O conhecimento \u00e9 a solu\u00e7\u00e3o para alcan\u00e7ar a melhor solu\u00e7\u00e3o e evitar preju\u00edzos que uma limpeza ineficaz pode trazer.\" \/>\n<meta name=\"robots\" content=\"index, follow, max-snippet:-1, max-image-preview:large, max-video-preview:-1\" \/>\n<link rel=\"canonical\" href=\"https:\/\/attualebrasil.com.br\/es\/cursos-treinamentos-limpeza-forense\/\" \/>\n<meta property=\"og:locale\" content=\"es_ES\" \/>\n<meta property=\"og:type\" content=\"article\" \/>\n<meta property=\"og:title\" content=\"Cursos\/treinamentos Limpeza Forense\" \/>\n<meta property=\"og:description\" content=\"A limpeza Forense \u00e9 extremamente importante para o sucesso de um local livre de contamina\u00e7\u00f5es. Voc\u00ea deve sempre optar pelo melhor para o seu neg\u00f3cio em quest\u00f5es de descontamina\u00e7\u00e3o. E quando o assunto \u00e9 higiene, somos especialistas e nossos treinamentos \/cursos\/palestras sobre Limpeza Forense Attuale Brasil enriquecer\u00e1 seu conhecimento sobre a Ind\u00fastria Profissional de Limpeza Forense, acumula\u00e7\u00f5es e traumas. Estabele\u00e7a um plano de aperfei\u00e7oamento para voc\u00ea que quer aprender sobre Limpeza P\u00f3s morte\/Forense, traumas e acumula\u00e7\u00f5es. O conhecimento \u00e9 a solu\u00e7\u00e3o para alcan\u00e7ar a melhor solu\u00e7\u00e3o e evitar preju\u00edzos que uma limpeza ineficaz pode trazer.\" \/>\n<meta property=\"og:url\" content=\"https:\/\/attualebrasil.com.br\/es\/cursos-treinamentos-limpeza-forense\/\" \/>\n<meta property=\"og:site_name\" content=\"Attuale Brasil\" \/>\n<meta property=\"article:publisher\" content=\"https:\/\/www.facebook.com\/attualebrasil.com.br\/\" \/>\n<meta property=\"article:modified_time\" content=\"2025-08-11T02:46:15+00:00\" \/>\n<meta name=\"twitter:card\" content=\"summary_large_image\" \/>\n<meta name=\"twitter:label1\" content=\"Tiempo de lectura\" \/>\n\t<meta name=\"twitter:data1\" content=\"1 minuto\" \/>\n<script type=\"application\/ld+json\" class=\"yoast-schema-graph\">{\"@context\":\"https:\\\/\\\/schema.org\",\"@graph\":[{\"@type\":\"WebPage\",\"@id\":\"https:\\\/\\\/attualebrasil.com.br\\\/cursos-treinamentos-limpeza-forense\\\/\",\"url\":\"https:\\\/\\\/attualebrasil.com.br\\\/cursos-treinamentos-limpeza-forense\\\/\",\"name\":\"Cursos\\\/treinamentos Limpeza Forense | Attuale Brasil\",\"isPartOf\":{\"@id\":\"https:\\\/\\\/attualebrasil.com.br\\\/#website\"},\"datePublished\":\"2021-11-24T22:53:47+00:00\",\"dateModified\":\"2025-08-11T02:46:15+00:00\",\"description\":\"A limpeza Forense \u00e9 extremamente importante para o sucesso de um local livre de contamina\u00e7\u00f5es. Voc\u00ea deve sempre optar pelo melhor para o seu neg\u00f3cio em quest\u00f5es de descontamina\u00e7\u00e3o. E quando o assunto \u00e9 higiene, somos especialistas e nossos treinamentos \\\/cursos\\\/palestras sobre Limpeza Forense Attuale Brasil enriquecer\u00e1 seu conhecimento sobre a Ind\u00fastria Profissional de Limpeza Forense, acumula\u00e7\u00f5es e traumas. Estabele\u00e7a um plano de aperfei\u00e7oamento para voc\u00ea que quer aprender sobre Limpeza P\u00f3s morte\\\/Forense, traumas e acumula\u00e7\u00f5es. O conhecimento \u00e9 a solu\u00e7\u00e3o para alcan\u00e7ar a melhor solu\u00e7\u00e3o e evitar preju\u00edzos que uma limpeza ineficaz pode trazer.\",\"breadcrumb\":{\"@id\":\"https:\\\/\\\/attualebrasil.com.br\\\/cursos-treinamentos-limpeza-forense\\\/#breadcrumb\"},\"inLanguage\":\"es\",\"potentialAction\":[{\"@type\":\"ReadAction\",\"target\":[\"https:\\\/\\\/attualebrasil.com.br\\\/cursos-treinamentos-limpeza-forense\\\/\"]}]},{\"@type\":\"BreadcrumbList\",\"@id\":\"https:\\\/\\\/attualebrasil.com.br\\\/cursos-treinamentos-limpeza-forense\\\/#breadcrumb\",\"itemListElement\":[{\"@type\":\"ListItem\",\"position\":1,\"name\":\"In\u00edcio\",\"item\":\"https:\\\/\\\/attualebrasil.com.br\\\/\"},{\"@type\":\"ListItem\",\"position\":2,\"name\":\"Cursos\\\/treinamentos Limpeza Forense\"}]},{\"@type\":\"WebSite\",\"@id\":\"https:\\\/\\\/attualebrasil.com.br\\\/#website\",\"url\":\"https:\\\/\\\/attualebrasil.com.br\\\/\",\"name\":\"Attuale Brasil\",\"description\":\"Limpeza p\u00f3s morte e Servi\u00e7os de Descontamina\u00e7\u00e3o \",\"publisher\":{\"@id\":\"https:\\\/\\\/attualebrasil.com.br\\\/#organization\"},\"potentialAction\":[{\"@type\":\"SearchAction\",\"target\":{\"@type\":\"EntryPoint\",\"urlTemplate\":\"https:\\\/\\\/attualebrasil.com.br\\\/?s={search_term_string}\"},\"query-input\":{\"@type\":\"PropertyValueSpecification\",\"valueRequired\":true,\"valueName\":\"search_term_string\"}}],\"inLanguage\":\"es\"},{\"@type\":\"Organization\",\"@id\":\"https:\\\/\\\/attualebrasil.com.br\\\/#organization\",\"name\":\"Attuale Brasil\",\"url\":\"https:\\\/\\\/attualebrasil.com.br\\\/\",\"logo\":{\"@type\":\"ImageObject\",\"inLanguage\":\"es\",\"@id\":\"https:\\\/\\\/attualebrasil.com.br\\\/#\\\/schema\\\/logo\\\/image\\\/\",\"url\":\"https:\\\/\\\/attualebrasil.com.br\\\/wp-content\\\/uploads\\\/2022\\\/05\\\/logo-1.jpg\",\"contentUrl\":\"https:\\\/\\\/attualebrasil.com.br\\\/wp-content\\\/uploads\\\/2022\\\/05\\\/logo-1.jpg\",\"width\":100,\"height\":100,\"caption\":\"Attuale Brasil\"},\"image\":{\"@id\":\"https:\\\/\\\/attualebrasil.com.br\\\/#\\\/schema\\\/logo\\\/image\\\/\"},\"sameAs\":[\"https:\\\/\\\/www.facebook.com\\\/attualebrasil.com.br\\\/\"]}]}<\/script>\n<!-- \/ Yoast SEO Premium plugin. -->","yoast_head_json":{"title":"Cursos\/treinamentos Limpeza Forense | Attuale Brasil","description":"A limpeza Forense \u00e9 extremamente importante para o sucesso de um local livre de contamina\u00e7\u00f5es. Voc\u00ea deve sempre optar pelo melhor para o seu neg\u00f3cio em quest\u00f5es de descontamina\u00e7\u00e3o. E quando o assunto \u00e9 higiene, somos especialistas e nossos treinamentos \/cursos\/palestras sobre Limpeza Forense Attuale Brasil enriquecer\u00e1 seu conhecimento sobre a Ind\u00fastria Profissional de Limpeza Forense, acumula\u00e7\u00f5es e traumas. Estabele\u00e7a um plano de aperfei\u00e7oamento para voc\u00ea que quer aprender sobre Limpeza P\u00f3s morte\/Forense, traumas e acumula\u00e7\u00f5es. O conhecimento \u00e9 a solu\u00e7\u00e3o para alcan\u00e7ar a melhor solu\u00e7\u00e3o e evitar preju\u00edzos que uma limpeza ineficaz pode trazer.","robots":{"index":"index","follow":"follow","max-snippet":"max-snippet:-1","max-image-preview":"max-image-preview:large","max-video-preview":"max-video-preview:-1"},"canonical":"https:\/\/attualebrasil.com.br\/es\/cursos-treinamentos-limpeza-forense\/","og_locale":"es_ES","og_type":"article","og_title":"Cursos\/treinamentos Limpeza Forense","og_description":"A limpeza Forense \u00e9 extremamente importante para o sucesso de um local livre de contamina\u00e7\u00f5es. Voc\u00ea deve sempre optar pelo melhor para o seu neg\u00f3cio em quest\u00f5es de descontamina\u00e7\u00e3o. E quando o assunto \u00e9 higiene, somos especialistas e nossos treinamentos \/cursos\/palestras sobre Limpeza Forense Attuale Brasil enriquecer\u00e1 seu conhecimento sobre a Ind\u00fastria Profissional de Limpeza Forense, acumula\u00e7\u00f5es e traumas. Estabele\u00e7a um plano de aperfei\u00e7oamento para voc\u00ea que quer aprender sobre Limpeza P\u00f3s morte\/Forense, traumas e acumula\u00e7\u00f5es. O conhecimento \u00e9 a solu\u00e7\u00e3o para alcan\u00e7ar a melhor solu\u00e7\u00e3o e evitar preju\u00edzos que uma limpeza ineficaz pode trazer.","og_url":"https:\/\/attualebrasil.com.br\/es\/cursos-treinamentos-limpeza-forense\/","og_site_name":"Attuale Brasil","article_publisher":"https:\/\/www.facebook.com\/attualebrasil.com.br\/","article_modified_time":"2025-08-11T02:46:15+00:00","twitter_card":"summary_large_image","twitter_misc":{"Tiempo de lectura":"1 minuto"},"schema":{"@context":"https:\/\/schema.org","@graph":[{"@type":"WebPage","@id":"https:\/\/attualebrasil.com.br\/cursos-treinamentos-limpeza-forense\/","url":"https:\/\/attualebrasil.com.br\/cursos-treinamentos-limpeza-forense\/","name":"Cursos\/treinamentos Limpeza Forense | Attuale Brasil","isPartOf":{"@id":"https:\/\/attualebrasil.com.br\/#website"},"datePublished":"2021-11-24T22:53:47+00:00","dateModified":"2025-08-11T02:46:15+00:00","description":"A limpeza Forense \u00e9 extremamente importante para o sucesso de um local livre de contamina\u00e7\u00f5es. Voc\u00ea deve sempre optar pelo melhor para o seu neg\u00f3cio em quest\u00f5es de descontamina\u00e7\u00e3o. E quando o assunto \u00e9 higiene, somos especialistas e nossos treinamentos \/cursos\/palestras sobre Limpeza Forense Attuale Brasil enriquecer\u00e1 seu conhecimento sobre a Ind\u00fastria Profissional de Limpeza Forense, acumula\u00e7\u00f5es e traumas. Estabele\u00e7a um plano de aperfei\u00e7oamento para voc\u00ea que quer aprender sobre Limpeza P\u00f3s morte\/Forense, traumas e acumula\u00e7\u00f5es. O conhecimento \u00e9 a solu\u00e7\u00e3o para alcan\u00e7ar a melhor solu\u00e7\u00e3o e evitar preju\u00edzos que uma limpeza ineficaz pode trazer.","breadcrumb":{"@id":"https:\/\/attualebrasil.com.br\/cursos-treinamentos-limpeza-forense\/#breadcrumb"},"inLanguage":"es","potentialAction":[{"@type":"ReadAction","target":["https:\/\/attualebrasil.com.br\/cursos-treinamentos-limpeza-forense\/"]}]},{"@type":"BreadcrumbList","@id":"https:\/\/attualebrasil.com.br\/cursos-treinamentos-limpeza-forense\/#breadcrumb","itemListElement":[{"@type":"ListItem","position":1,"name":"In\u00edcio","item":"https:\/\/attualebrasil.com.br\/"},{"@type":"ListItem","position":2,"name":"Cursos\/treinamentos Limpeza Forense"}]},{"@type":"WebSite","@id":"https:\/\/attualebrasil.com.br\/#website","url":"https:\/\/attualebrasil.com.br\/","name":"Brasil actual","description":"Limpeza p\u00f3s morte e Servi\u00e7os de Descontamina\u00e7\u00e3o","publisher":{"@id":"https:\/\/attualebrasil.com.br\/#organization"},"potentialAction":[{"@type":"SearchAction","target":{"@type":"EntryPoint","urlTemplate":"https:\/\/attualebrasil.com.br\/?s={search_term_string}"},"query-input":{"@type":"PropertyValueSpecification","valueRequired":true,"valueName":"search_term_string"}}],"inLanguage":"es"},{"@type":"Organization","@id":"https:\/\/attualebrasil.com.br\/#organization","name":"Brasil actual","url":"https:\/\/attualebrasil.com.br\/","logo":{"@type":"ImageObject","inLanguage":"es","@id":"https:\/\/attualebrasil.com.br\/#\/schema\/logo\/image\/","url":"https:\/\/attualebrasil.com.br\/wp-content\/uploads\/2022\/05\/logo-1.jpg","contentUrl":"https:\/\/attualebrasil.com.br\/wp-content\/uploads\/2022\/05\/logo-1.jpg","width":100,"height":100,"caption":"Attuale Brasil"},"image":{"@id":"https:\/\/attualebrasil.com.br\/#\/schema\/logo\/image\/"},"sameAs":["https:\/\/www.facebook.com\/attualebrasil.com.br\/"]}]}},"_links":{"self":[{"href":"https:\/\/attualebrasil.com.br\/es\/wp-json\/wp\/v2\/pages\/1100","targetHints":{"allow":["GET"]}}],"collection":[{"href":"https:\/\/attualebrasil.com.br\/es\/wp-json\/wp\/v2\/pages"}],"about":[{"href":"https:\/\/attualebrasil.com.br\/es\/wp-json\/wp\/v2\/types\/page"}],"author":[{"embeddable":true,"href":"https:\/\/attualebrasil.com.br\/es\/wp-json\/wp\/v2\/users\/2"}],"replies":[{"embeddable":true,"href":"https:\/\/attualebrasil.com.br\/es\/wp-json\/wp\/v2\/comments?post=1100"}],"version-history":[{"count":3,"href":"https:\/\/attualebrasil.com.br\/es\/wp-json\/wp\/v2\/pages\/1100\/revisions"}],"predecessor-version":[{"id":3041,"href":"https:\/\/attualebrasil.com.br\/es\/wp-json\/wp\/v2\/pages\/1100\/revisions\/3041"}],"wp:attachment":[{"href":"https:\/\/attualebrasil.com.br\/es\/wp-json\/wp\/v2\/media?parent=1100"}],"curies":[{"name":"wp","href":"https:\/\/api.w.org\/{rel}","templated":true}]}}