{"id":2265,"date":"2022-06-07T18:19:29","date_gmt":"2022-06-07T21:19:29","guid":{"rendered":"https:\/\/attualebrasil.com.br\/?page_id=2265"},"modified":"2025-07-07T17:10:46","modified_gmt":"2025-07-07T20:10:46","slug":"politica-de-cookies","status":"publish","type":"page","link":"https:\/\/attualebrasil.com.br\/en\/politica-de-cookies\/","title":{"rendered":"Cookies Policy"},"content":{"rendered":"<div data-elementor-type=\"wp-page\" data-elementor-id=\"2265\" class=\"elementor elementor-2265\">\n\t\t\t\t\t\t<section class=\"elementor-section elementor-top-section elementor-element elementor-element-9936429 animated-slow elementor-section-boxed elementor-section-height-default elementor-section-height-default elementor-invisible\" data-id=\"9936429\" data-element_type=\"section\" data-e-type=\"section\" data-settings=\"{&quot;animation&quot;:&quot;fadeInUp&quot;,&quot;background_background&quot;:&quot;classic&quot;}\">\n\t\t\t\t\t\t<div class=\"elementor-container elementor-column-gap-default\">\n\t\t\t\t\t<div class=\"elementor-column elementor-col-100 elementor-top-column elementor-element elementor-element-e3558f2\" data-id=\"e3558f2\" data-element_type=\"column\" data-e-type=\"column\">\n\t\t\t<div class=\"elementor-widget-wrap elementor-element-populated\">\n\t\t\t\t\t\t<div class=\"elementor-element elementor-element-7781e05 animated-slow elementor-invisible elementor-widget elementor-widget-heading\" data-id=\"7781e05\" data-element_type=\"widget\" data-e-type=\"widget\" data-settings=\"{&quot;_animation&quot;:&quot;fadeIn&quot;}\" data-widget_type=\"heading.default\">\n\t\t\t\t<div class=\"elementor-widget-container\">\n\t\t\t\t\t<h2 class=\"elementor-heading-title elementor-size-default\">Cookies Policy<\/h2>\t\t\t\t<\/div>\n\t\t\t\t<\/div>\n\t\t\t\t<div class=\"elementor-element elementor-element-d91f0d8 elementor-widget elementor-widget-text-editor\" data-id=\"d91f0d8\" data-element_type=\"widget\" data-e-type=\"widget\" data-widget_type=\"text-editor.default\">\n\t\t\t\t<div class=\"elementor-widget-container\">\n\t\t\t\t\t\t\t\t\t<h4><strong>Definition\n<\/strong><\/h4>\nCookies are small text files that are stored on the user&#039;s device by the internet browser. They are widely used to make websites work more generally or more efficiently, as well as to provide information to website owners.\n<h4><\/h4>\n<h4><strong>purposes<\/strong><\/h4>\nAttuale uses cookies to collect and store information regarding the user&#039;s personal preferences when visiting the site. This information consists of data relating to browsing preferences and pages visited by the user by sending one or more cookies or anonymous identifiers, which are collected in an automated manner. We inform you that this information is used to improve and personalize the browsing experience on the website in order to align the presentation of our website to the user&#039;s personal interests. When carrying out this type of processing of the data collected, Attuale guarantees to observe the applicable data protection principles, so that the use of the information collected for a purpose other than that informed in this Policy will not be allowed.\n<h4><\/h4>\n<h4><strong>Types of Cookies used<\/strong><\/h4>\n<ul>\n \t<li><strong>Strictly Necessary Cookies:<\/strong>These cookies allow navigation and use of applications, as well as access to secure areas of the site. Without strictly necessary cookies, the website will not function properly.<\/li>\n \t<li><strong>Functionality Cookies:<\/strong>These cookies are used to ensure the availability of additional features of the website or to save the preferences defined by the user when browsing the internet, whenever using the same device.<\/li>\n<\/ul>\n<h4><\/h4>\n<h4><strong>How to manage Cookies<\/strong><\/h4>\nInternet browsers are generally configured to automatically accept cookies, but the user can change the settings to block them. Please be advised that it may be necessary to refresh the website page for the new settings to take effect. We emphasize that any changes may influence the interaction with our website, including the possibility of generating errors in some of its features.\n<h4><strong>Update of this Policy<\/strong><\/h4>\nThis Policy may be amended at any time, as Attuale adopts new technologies, as well as to remain updated with the purposes for which we use cookies and the best data protection practices. Therefore, we recommend that you visit our website from time to time to keep up to date on how we use cookies.\t\t\t\t\t\t\t\t<\/div>\n\t\t\t\t<\/div>\n\t\t\t\t\t<\/div>\n\t\t<\/div>\n\t\t\t\t\t<\/div>\n\t\t<\/section>\n\t\t\t\t<\/div>","protected":false},"excerpt":{"rendered":"<p>Pol\u00edtica de Cookies Defini\u00e7\u00e3o Cookies s\u00e3o pequenos arquivos em texto que s\u00e3o armazenados no dispositivo do usu\u00e1rio pelo navegador de internet. Eles s\u00e3o amplamente utilizados para que os sites funcionem de forma geral ou com mais efici\u00eancia, bem como para fornecer informa\u00e7\u00f5es aos propriet\u00e1rios do site. Finalidades A Attuale faz a utiliza\u00e7\u00e3o de cookies para [&hellip;]<\/p>\n","protected":false},"author":4,"featured_media":0,"parent":0,"menu_order":0,"comment_status":"closed","ping_status":"closed","template":"elementor_header_footer","meta":{"footnotes":""},"class_list":["post-2265","page","type-page","status-publish","hentry"],"yoast_head":"<!-- This site is optimized with the Yoast SEO Premium plugin v21.1 (Yoast SEO v27.4) - https:\/\/yoast.com\/product\/yoast-seo-premium-wordpress\/ -->\n<title>Pol\u00edtica de Cookies | Attuale Brasil<\/title>\n<meta name=\"description\" content=\"Attuale Brasil usa cookies para melhorar sua experi\u00eancia em nossos servi\u00e7os e recomendar conte\u00fado do seu interesse.\" \/>\n<meta name=\"robots\" content=\"index, follow, max-snippet:-1, max-image-preview:large, max-video-preview:-1\" \/>\n<link rel=\"canonical\" href=\"https:\/\/attualebrasil.com.br\/en\/politica-de-cookies\/\" \/>\n<meta property=\"og:locale\" content=\"en_US\" \/>\n<meta property=\"og:type\" content=\"article\" \/>\n<meta property=\"og:title\" content=\"Pol\u00edtica de Cookies\" \/>\n<meta property=\"og:description\" content=\"Attuale Brasil usa cookies para melhorar sua experi\u00eancia em nossos servi\u00e7os e recomendar conte\u00fado do seu interesse.\" \/>\n<meta property=\"og:url\" content=\"https:\/\/attualebrasil.com.br\/en\/politica-de-cookies\/\" \/>\n<meta property=\"og:site_name\" content=\"Attuale Brasil\" \/>\n<meta property=\"article:publisher\" content=\"https:\/\/www.facebook.com\/attualebrasil.com.br\/\" \/>\n<meta property=\"article:modified_time\" content=\"2025-07-07T20:10:46+00:00\" \/>\n<meta name=\"twitter:card\" content=\"summary_large_image\" \/>\n<meta name=\"twitter:label1\" content=\"Est. reading time\" \/>\n\t<meta name=\"twitter:data1\" content=\"3 minutes\" \/>\n<script type=\"application\/ld+json\" class=\"yoast-schema-graph\">{\"@context\":\"https:\\\/\\\/schema.org\",\"@graph\":[{\"@type\":\"WebPage\",\"@id\":\"https:\\\/\\\/attualebrasil.com.br\\\/politica-de-cookies\\\/\",\"url\":\"https:\\\/\\\/attualebrasil.com.br\\\/politica-de-cookies\\\/\",\"name\":\"Pol\u00edtica de Cookies | Attuale Brasil\",\"isPartOf\":{\"@id\":\"https:\\\/\\\/attualebrasil.com.br\\\/#website\"},\"datePublished\":\"2022-06-07T21:19:29+00:00\",\"dateModified\":\"2025-07-07T20:10:46+00:00\",\"description\":\"Attuale Brasil usa cookies para melhorar sua experi\u00eancia em nossos servi\u00e7os e recomendar conte\u00fado do seu interesse.\",\"breadcrumb\":{\"@id\":\"https:\\\/\\\/attualebrasil.com.br\\\/politica-de-cookies\\\/#breadcrumb\"},\"inLanguage\":\"en-US\",\"potentialAction\":[{\"@type\":\"ReadAction\",\"target\":[\"https:\\\/\\\/attualebrasil.com.br\\\/politica-de-cookies\\\/\"]}]},{\"@type\":\"BreadcrumbList\",\"@id\":\"https:\\\/\\\/attualebrasil.com.br\\\/politica-de-cookies\\\/#breadcrumb\",\"itemListElement\":[{\"@type\":\"ListItem\",\"position\":1,\"name\":\"In\u00edcio\",\"item\":\"https:\\\/\\\/attualebrasil.com.br\\\/\"},{\"@type\":\"ListItem\",\"position\":2,\"name\":\"Pol\u00edtica de Cookies\"}]},{\"@type\":\"WebSite\",\"@id\":\"https:\\\/\\\/attualebrasil.com.br\\\/#website\",\"url\":\"https:\\\/\\\/attualebrasil.com.br\\\/\",\"name\":\"Attuale Brasil\",\"description\":\"Limpeza p\u00f3s morte e Servi\u00e7os de Descontamina\u00e7\u00e3o \",\"publisher\":{\"@id\":\"https:\\\/\\\/attualebrasil.com.br\\\/#organization\"},\"potentialAction\":[{\"@type\":\"SearchAction\",\"target\":{\"@type\":\"EntryPoint\",\"urlTemplate\":\"https:\\\/\\\/attualebrasil.com.br\\\/?s={search_term_string}\"},\"query-input\":{\"@type\":\"PropertyValueSpecification\",\"valueRequired\":true,\"valueName\":\"search_term_string\"}}],\"inLanguage\":\"en-US\"},{\"@type\":\"Organization\",\"@id\":\"https:\\\/\\\/attualebrasil.com.br\\\/#organization\",\"name\":\"Attuale Brasil\",\"url\":\"https:\\\/\\\/attualebrasil.com.br\\\/\",\"logo\":{\"@type\":\"ImageObject\",\"inLanguage\":\"en-US\",\"@id\":\"https:\\\/\\\/attualebrasil.com.br\\\/#\\\/schema\\\/logo\\\/image\\\/\",\"url\":\"https:\\\/\\\/attualebrasil.com.br\\\/wp-content\\\/uploads\\\/2022\\\/05\\\/logo-1.jpg\",\"contentUrl\":\"https:\\\/\\\/attualebrasil.com.br\\\/wp-content\\\/uploads\\\/2022\\\/05\\\/logo-1.jpg\",\"width\":100,\"height\":100,\"caption\":\"Attuale Brasil\"},\"image\":{\"@id\":\"https:\\\/\\\/attualebrasil.com.br\\\/#\\\/schema\\\/logo\\\/image\\\/\"},\"sameAs\":[\"https:\\\/\\\/www.facebook.com\\\/attualebrasil.com.br\\\/\"]}]}<\/script>\n<!-- \/ Yoast SEO Premium plugin. -->","yoast_head_json":{"title":"Pol\u00edtica de Cookies | Attuale Brasil","description":"Attuale Brasil usa cookies para melhorar sua experi\u00eancia em nossos servi\u00e7os e recomendar conte\u00fado do seu interesse.","robots":{"index":"index","follow":"follow","max-snippet":"max-snippet:-1","max-image-preview":"max-image-preview:large","max-video-preview":"max-video-preview:-1"},"canonical":"https:\/\/attualebrasil.com.br\/en\/politica-de-cookies\/","og_locale":"en_US","og_type":"article","og_title":"Pol\u00edtica de Cookies","og_description":"Attuale Brasil usa cookies para melhorar sua experi\u00eancia em nossos servi\u00e7os e recomendar conte\u00fado do seu interesse.","og_url":"https:\/\/attualebrasil.com.br\/en\/politica-de-cookies\/","og_site_name":"Attuale Brasil","article_publisher":"https:\/\/www.facebook.com\/attualebrasil.com.br\/","article_modified_time":"2025-07-07T20:10:46+00:00","twitter_card":"summary_large_image","twitter_misc":{"Est. reading time":"3 minutes"},"schema":{"@context":"https:\/\/schema.org","@graph":[{"@type":"WebPage","@id":"https:\/\/attualebrasil.com.br\/politica-de-cookies\/","url":"https:\/\/attualebrasil.com.br\/politica-de-cookies\/","name":"Pol\u00edtica de Cookies | Attuale Brasil","isPartOf":{"@id":"https:\/\/attualebrasil.com.br\/#website"},"datePublished":"2022-06-07T21:19:29+00:00","dateModified":"2025-07-07T20:10:46+00:00","description":"Attuale Brasil usa cookies para melhorar sua experi\u00eancia em nossos servi\u00e7os e recomendar conte\u00fado do seu interesse.","breadcrumb":{"@id":"https:\/\/attualebrasil.com.br\/politica-de-cookies\/#breadcrumb"},"inLanguage":"en-US","potentialAction":[{"@type":"ReadAction","target":["https:\/\/attualebrasil.com.br\/politica-de-cookies\/"]}]},{"@type":"BreadcrumbList","@id":"https:\/\/attualebrasil.com.br\/politica-de-cookies\/#breadcrumb","itemListElement":[{"@type":"ListItem","position":1,"name":"In\u00edcio","item":"https:\/\/attualebrasil.com.br\/"},{"@type":"ListItem","position":2,"name":"Pol\u00edtica de Cookies"}]},{"@type":"WebSite","@id":"https:\/\/attualebrasil.com.br\/#website","url":"https:\/\/attualebrasil.com.br\/","name":"Current Brazil","description":"Limpeza p\u00f3s morte e Servi\u00e7os de Descontamina\u00e7\u00e3o","publisher":{"@id":"https:\/\/attualebrasil.com.br\/#organization"},"potentialAction":[{"@type":"SearchAction","target":{"@type":"EntryPoint","urlTemplate":"https:\/\/attualebrasil.com.br\/?s={search_term_string}"},"query-input":{"@type":"PropertyValueSpecification","valueRequired":true,"valueName":"search_term_string"}}],"inLanguage":"en-US"},{"@type":"Organization","@id":"https:\/\/attualebrasil.com.br\/#organization","name":"Current Brazil","url":"https:\/\/attualebrasil.com.br\/","logo":{"@type":"ImageObject","inLanguage":"en-US","@id":"https:\/\/attualebrasil.com.br\/#\/schema\/logo\/image\/","url":"https:\/\/attualebrasil.com.br\/wp-content\/uploads\/2022\/05\/logo-1.jpg","contentUrl":"https:\/\/attualebrasil.com.br\/wp-content\/uploads\/2022\/05\/logo-1.jpg","width":100,"height":100,"caption":"Attuale Brasil"},"image":{"@id":"https:\/\/attualebrasil.com.br\/#\/schema\/logo\/image\/"},"sameAs":["https:\/\/www.facebook.com\/attualebrasil.com.br\/"]}]}},"_links":{"self":[{"href":"https:\/\/attualebrasil.com.br\/en\/wp-json\/wp\/v2\/pages\/2265","targetHints":{"allow":["GET"]}}],"collection":[{"href":"https:\/\/attualebrasil.com.br\/en\/wp-json\/wp\/v2\/pages"}],"about":[{"href":"https:\/\/attualebrasil.com.br\/en\/wp-json\/wp\/v2\/types\/page"}],"author":[{"embeddable":true,"href":"https:\/\/attualebrasil.com.br\/en\/wp-json\/wp\/v2\/users\/4"}],"replies":[{"embeddable":true,"href":"https:\/\/attualebrasil.com.br\/en\/wp-json\/wp\/v2\/comments?post=2265"}],"version-history":[{"count":1,"href":"https:\/\/attualebrasil.com.br\/en\/wp-json\/wp\/v2\/pages\/2265\/revisions"}],"predecessor-version":[{"id":3195,"href":"https:\/\/attualebrasil.com.br\/en\/wp-json\/wp\/v2\/pages\/2265\/revisions\/3195"}],"wp:attachment":[{"href":"https:\/\/attualebrasil.com.br\/en\/wp-json\/wp\/v2\/media?parent=2265"}],"curies":[{"name":"wp","href":"https:\/\/api.w.org\/{rel}","templated":true}]}}