{"id":2258,"date":"2022-06-07T18:15:25","date_gmt":"2022-06-07T21:15:25","guid":{"rendered":"https:\/\/attualebrasil.com.br\/?page_id=2258"},"modified":"2025-07-07T17:33:03","modified_gmt":"2025-07-07T20:33:03","slug":"politica-de-privacidade","status":"publish","type":"page","link":"https:\/\/attualebrasil.com.br\/en\/politica-de-privacidade\/","title":{"rendered":"Privacy Policy"},"content":{"rendered":"<div data-elementor-type=\"wp-page\" data-elementor-id=\"2258\" class=\"elementor elementor-2258\">\n\t\t\t\t\t\t<section class=\"elementor-section elementor-top-section elementor-element elementor-element-9936429 animated-slow elementor-section-boxed elementor-section-height-default elementor-section-height-default elementor-invisible\" data-id=\"9936429\" data-element_type=\"section\" data-e-type=\"section\" data-settings=\"{&quot;animation&quot;:&quot;fadeInUp&quot;,&quot;background_background&quot;:&quot;classic&quot;}\">\n\t\t\t\t\t\t<div class=\"elementor-container elementor-column-gap-default\">\n\t\t\t\t\t<div class=\"elementor-column elementor-col-100 elementor-top-column elementor-element elementor-element-e3558f2\" data-id=\"e3558f2\" data-element_type=\"column\" data-e-type=\"column\">\n\t\t\t<div class=\"elementor-widget-wrap elementor-element-populated\">\n\t\t\t\t\t\t<div class=\"elementor-element elementor-element-7781e05 animated-slow elementor-invisible elementor-widget elementor-widget-heading\" data-id=\"7781e05\" data-element_type=\"widget\" data-e-type=\"widget\" data-settings=\"{&quot;_animation&quot;:&quot;fadeIn&quot;}\" data-widget_type=\"heading.default\">\n\t\t\t\t<div class=\"elementor-widget-container\">\n\t\t\t\t\t<h2 class=\"elementor-heading-title elementor-size-default\">Privacy Policy<\/h2>\t\t\t\t<\/div>\n\t\t\t\t<\/div>\n\t\t\t\t<div class=\"elementor-element elementor-element-d91f0d8 elementor-widget elementor-widget-text-editor\" data-id=\"d91f0d8\" data-element_type=\"widget\" data-e-type=\"widget\" data-widget_type=\"text-editor.default\">\n\t\t\t\t<div class=\"elementor-widget-container\">\n\t\t\t\t\t\t\t\t\t<p>This Privacy Policy is intended to demonstrate Attuale&#039;s commitment to your privacy and the protection of your personal data, ensuring transparency in relation to the treatment of your personal data.<\/p><h4><strong>Definitions<\/strong><\/h4><ul><li>\u201cPersonal Data\u201d: information related to an identified or identifiable natural person;<\/li><li>\u201cSensitive Personal Data\u201d: personal data on racial or ethnic origin, religious conviction, political opinion, membership of a trade union or organization of a religious, philosophical or political nature, data relating to health or sex life, genetic or biometric data, when linked to a natural person;<\/li><li>\u201cData Subject\u201d: natural person to whom the personal data being processed refers;<\/li><li>\u201cProcessing\u201d: any operation carried out with personal data, such as those relating to the collection, production, reception, classification, use, access, reproduction, transmission, distribution, processing, archiving, storage, elimination, evaluation or control of information, modification , communication, transfer, diffusion or extraction;<\/li><li>\u201cController\u201d: natural or legal person, governed by public or private law, responsible for decisions regarding the processing of personal data;<\/li><\/ul><p>Attuale is the controller of the personal data it collects on its website. This means that the company is responsible for making decisions about how personal data will be treated, in accordance with the terms set out below.<\/p><h4><strong><br \/>Type of personal data collected<\/strong><\/h4><p>We collect and process the following personal data:<\/p><ul><li><strong>Registration personal data:<\/strong>full name; email; telephone; address; CPF; birth date; sex; profession; office; company; activity; segment.<\/li><li><strong>Personal data collected automatically:<\/strong>aggregated statistical information.<\/li><\/ul><h4><strong><br \/>How we collect personal data <\/strong><\/h4><p>Your personal data may be collected by Attuale by the following means:<\/p><ul><li><strong>Personal data provided by the user: <\/strong>through voluntary registration on our website; by downloading e-books or similar; by registering for webinars or events.<\/li><li><strong>Data collected automatically: <\/strong>through analytical cookies.For more details, we recommend reading our <strong><u>Cookies Policy<\/u><\/strong>.<\/li><\/ul><h4><strong><br \/>purposes <\/strong><\/h4><p>The personal data collected will be used for the following purposes:<\/p><ul><li><strong>Registration personal data:<\/strong> for sending newsletters, mailings and personalized mailings for prospecting and offering products and content produced by Attuale, and in events with the participation of partners, personal data may be shared with them;<\/li><li><strong>Data collected automatically: <\/strong>to improve the presentation and navigation on our website.<\/li><\/ul><h4><strong><br \/>Sharing Personal Data<\/strong><\/h4><p>We only share personal data in situations where it is strictly necessary to fulfill the purposes listed above. In this way, we may share information with third parties to make it possible for them to provide our services.<br \/>In addition, personal data may be shared with judicial and administrative authorities whenever there is a legal or regulatory determination to that effect.<br \/>It is worth remembering that, when accessing the website, you may be led, via a link, to other portals that may collect your personal data. In this case, it is up to you to read and accept the respective Privacy Policies. We are not responsible for Third Party Policies, nor for the content of any sites or services linked to environments other than Attuale&#039;s.<\/p><h4><strong><br \/>How we store your personal data <\/strong><\/h4><p>Your personal data will be stored securely on our systems and servers for the period necessary for us to carry out our activities. When the processing purposes are achieved, we will delete your personal data in accordance with our internal policies and observing compliance with legal and\/or regulatory obligations.<\/p><h4><strong><br \/>Personal data retention period and disposal<\/strong><\/h4><p>We retain your personal data for as long as there is a need for processing to perform our services, as well as to meet legal or regulatory requirements. After the end of the treatment, your personal data will be securely discarded.<\/p><h4><strong><br \/>Security measures <\/strong><\/h4><p>During the entire processing of your personal data, technical and administrative measures are used to keep them safe and prevent any unauthorized access, accidental or unlawful situations of destruction, loss, alteration, communication or any form of inappropriate or illicit treatment.<\/p><h4><strong><br \/>Changes to the Privacy Policy<\/strong><\/h4><p>Attuale is committed to keeping this Policy updated in accordance with new regulations and activities incorporated into the provision of services. Therefore, you may update this Policy from time to time. To have access to the new version, just visit our page periodically in order to stay informed about any updates.<\/p>\t\t\t\t\t\t\t\t<\/div>\n\t\t\t\t<\/div>\n\t\t\t\t\t<\/div>\n\t\t<\/div>\n\t\t\t\t\t<\/div>\n\t\t<\/section>\n\t\t\t\t<\/div>","protected":false},"excerpt":{"rendered":"<p>Pol\u00edtica de Privacidade A presente Pol\u00edtica de Privacidade possui a finalidade de demonstrar o compromisso da Attuale com a sua privacidade e a prote\u00e7\u00e3o de seus dados pessoais, garantindo transpar\u00eancia em rela\u00e7\u00e3o ao tratamento de seus dados pessoais. Defini\u00e7\u00f5es \u201cDado Pessoal\u201d: informa\u00e7\u00e3o relacionada a pessoa natural identificada ou identific\u00e1vel; \u201cDado Pessoal Sens\u00edvel\u201d: dado pessoal sobre [&hellip;]<\/p>\n","protected":false},"author":4,"featured_media":0,"parent":0,"menu_order":0,"comment_status":"closed","ping_status":"closed","template":"elementor_header_footer","meta":{"footnotes":""},"class_list":["post-2258","page","type-page","status-publish","hentry"],"yoast_head":"<!-- This site is optimized with the Yoast SEO Premium plugin v21.1 (Yoast SEO v27.4) - https:\/\/yoast.com\/product\/yoast-seo-premium-wordpress\/ -->\n<title>Pol\u00edtica de Privacidade | Attuale Brasil<\/title>\n<meta name=\"description\" content=\"Pol\u00edtica de Privacidade A presente Pol\u00edtica de Privacidade possui a finalidade de demonstrar o compromisso da Attuale com a sua privacidade e a prote\u00e7\u00e3o\" \/>\n<meta name=\"robots\" content=\"index, follow, max-snippet:-1, max-image-preview:large, max-video-preview:-1\" \/>\n<link rel=\"canonical\" href=\"https:\/\/attualebrasil.com.br\/en\/politica-de-privacidade\/\" \/>\n<meta property=\"og:locale\" content=\"en_US\" \/>\n<meta property=\"og:type\" content=\"article\" \/>\n<meta property=\"og:title\" content=\"Pol\u00edtica de Privacidade\" \/>\n<meta property=\"og:description\" content=\"Pol\u00edtica de Privacidade A presente Pol\u00edtica de Privacidade possui a finalidade de demonstrar o compromisso da Attuale com a sua privacidade e a prote\u00e7\u00e3o\" \/>\n<meta property=\"og:url\" content=\"https:\/\/attualebrasil.com.br\/en\/politica-de-privacidade\/\" \/>\n<meta property=\"og:site_name\" content=\"Attuale Brasil\" \/>\n<meta property=\"article:publisher\" content=\"https:\/\/www.facebook.com\/attualebrasil.com.br\/\" \/>\n<meta property=\"article:modified_time\" content=\"2025-07-07T20:33:03+00:00\" \/>\n<meta name=\"twitter:card\" content=\"summary_large_image\" \/>\n<meta name=\"twitter:label1\" content=\"Est. reading time\" \/>\n\t<meta name=\"twitter:data1\" content=\"4 minutes\" \/>\n<script type=\"application\/ld+json\" class=\"yoast-schema-graph\">{\"@context\":\"https:\\\/\\\/schema.org\",\"@graph\":[{\"@type\":\"WebPage\",\"@id\":\"https:\\\/\\\/attualebrasil.com.br\\\/politica-de-privacidade\\\/\",\"url\":\"https:\\\/\\\/attualebrasil.com.br\\\/politica-de-privacidade\\\/\",\"name\":\"Pol\u00edtica de Privacidade | Attuale Brasil\",\"isPartOf\":{\"@id\":\"https:\\\/\\\/attualebrasil.com.br\\\/#website\"},\"datePublished\":\"2022-06-07T21:15:25+00:00\",\"dateModified\":\"2025-07-07T20:33:03+00:00\",\"description\":\"Pol\u00edtica de Privacidade A presente Pol\u00edtica de Privacidade possui a finalidade de demonstrar o compromisso da Attuale com a sua privacidade e a prote\u00e7\u00e3o\",\"breadcrumb\":{\"@id\":\"https:\\\/\\\/attualebrasil.com.br\\\/politica-de-privacidade\\\/#breadcrumb\"},\"inLanguage\":\"en-US\",\"potentialAction\":[{\"@type\":\"ReadAction\",\"target\":[\"https:\\\/\\\/attualebrasil.com.br\\\/politica-de-privacidade\\\/\"]}]},{\"@type\":\"BreadcrumbList\",\"@id\":\"https:\\\/\\\/attualebrasil.com.br\\\/politica-de-privacidade\\\/#breadcrumb\",\"itemListElement\":[{\"@type\":\"ListItem\",\"position\":1,\"name\":\"In\u00edcio\",\"item\":\"https:\\\/\\\/attualebrasil.com.br\\\/\"},{\"@type\":\"ListItem\",\"position\":2,\"name\":\"Pol\u00edtica de Privacidade\"}]},{\"@type\":\"WebSite\",\"@id\":\"https:\\\/\\\/attualebrasil.com.br\\\/#website\",\"url\":\"https:\\\/\\\/attualebrasil.com.br\\\/\",\"name\":\"Attuale Brasil\",\"description\":\"Limpeza p\u00f3s morte e Servi\u00e7os de Descontamina\u00e7\u00e3o \",\"publisher\":{\"@id\":\"https:\\\/\\\/attualebrasil.com.br\\\/#organization\"},\"potentialAction\":[{\"@type\":\"SearchAction\",\"target\":{\"@type\":\"EntryPoint\",\"urlTemplate\":\"https:\\\/\\\/attualebrasil.com.br\\\/?s={search_term_string}\"},\"query-input\":{\"@type\":\"PropertyValueSpecification\",\"valueRequired\":true,\"valueName\":\"search_term_string\"}}],\"inLanguage\":\"en-US\"},{\"@type\":\"Organization\",\"@id\":\"https:\\\/\\\/attualebrasil.com.br\\\/#organization\",\"name\":\"Attuale Brasil\",\"url\":\"https:\\\/\\\/attualebrasil.com.br\\\/\",\"logo\":{\"@type\":\"ImageObject\",\"inLanguage\":\"en-US\",\"@id\":\"https:\\\/\\\/attualebrasil.com.br\\\/#\\\/schema\\\/logo\\\/image\\\/\",\"url\":\"https:\\\/\\\/attualebrasil.com.br\\\/wp-content\\\/uploads\\\/2022\\\/05\\\/logo-1.jpg\",\"contentUrl\":\"https:\\\/\\\/attualebrasil.com.br\\\/wp-content\\\/uploads\\\/2022\\\/05\\\/logo-1.jpg\",\"width\":100,\"height\":100,\"caption\":\"Attuale Brasil\"},\"image\":{\"@id\":\"https:\\\/\\\/attualebrasil.com.br\\\/#\\\/schema\\\/logo\\\/image\\\/\"},\"sameAs\":[\"https:\\\/\\\/www.facebook.com\\\/attualebrasil.com.br\\\/\"]}]}<\/script>\n<!-- \/ Yoast SEO Premium plugin. -->","yoast_head_json":{"title":"Pol\u00edtica de Privacidade | Attuale Brasil","description":"Pol\u00edtica de Privacidade A presente Pol\u00edtica de Privacidade possui a finalidade de demonstrar o compromisso da Attuale com a sua privacidade e a prote\u00e7\u00e3o","robots":{"index":"index","follow":"follow","max-snippet":"max-snippet:-1","max-image-preview":"max-image-preview:large","max-video-preview":"max-video-preview:-1"},"canonical":"https:\/\/attualebrasil.com.br\/en\/politica-de-privacidade\/","og_locale":"en_US","og_type":"article","og_title":"Pol\u00edtica de Privacidade","og_description":"Pol\u00edtica de Privacidade A presente Pol\u00edtica de Privacidade possui a finalidade de demonstrar o compromisso da Attuale com a sua privacidade e a prote\u00e7\u00e3o","og_url":"https:\/\/attualebrasil.com.br\/en\/politica-de-privacidade\/","og_site_name":"Attuale Brasil","article_publisher":"https:\/\/www.facebook.com\/attualebrasil.com.br\/","article_modified_time":"2025-07-07T20:33:03+00:00","twitter_card":"summary_large_image","twitter_misc":{"Est. reading time":"4 minutes"},"schema":{"@context":"https:\/\/schema.org","@graph":[{"@type":"WebPage","@id":"https:\/\/attualebrasil.com.br\/politica-de-privacidade\/","url":"https:\/\/attualebrasil.com.br\/politica-de-privacidade\/","name":"Pol\u00edtica de Privacidade | Attuale Brasil","isPartOf":{"@id":"https:\/\/attualebrasil.com.br\/#website"},"datePublished":"2022-06-07T21:15:25+00:00","dateModified":"2025-07-07T20:33:03+00:00","description":"Pol\u00edtica de Privacidade A presente Pol\u00edtica de Privacidade possui a finalidade de demonstrar o compromisso da Attuale com a sua privacidade e a prote\u00e7\u00e3o","breadcrumb":{"@id":"https:\/\/attualebrasil.com.br\/politica-de-privacidade\/#breadcrumb"},"inLanguage":"en-US","potentialAction":[{"@type":"ReadAction","target":["https:\/\/attualebrasil.com.br\/politica-de-privacidade\/"]}]},{"@type":"BreadcrumbList","@id":"https:\/\/attualebrasil.com.br\/politica-de-privacidade\/#breadcrumb","itemListElement":[{"@type":"ListItem","position":1,"name":"In\u00edcio","item":"https:\/\/attualebrasil.com.br\/"},{"@type":"ListItem","position":2,"name":"Pol\u00edtica de Privacidade"}]},{"@type":"WebSite","@id":"https:\/\/attualebrasil.com.br\/#website","url":"https:\/\/attualebrasil.com.br\/","name":"Current Brazil","description":"Limpeza p\u00f3s morte e Servi\u00e7os de Descontamina\u00e7\u00e3o","publisher":{"@id":"https:\/\/attualebrasil.com.br\/#organization"},"potentialAction":[{"@type":"SearchAction","target":{"@type":"EntryPoint","urlTemplate":"https:\/\/attualebrasil.com.br\/?s={search_term_string}"},"query-input":{"@type":"PropertyValueSpecification","valueRequired":true,"valueName":"search_term_string"}}],"inLanguage":"en-US"},{"@type":"Organization","@id":"https:\/\/attualebrasil.com.br\/#organization","name":"Current Brazil","url":"https:\/\/attualebrasil.com.br\/","logo":{"@type":"ImageObject","inLanguage":"en-US","@id":"https:\/\/attualebrasil.com.br\/#\/schema\/logo\/image\/","url":"https:\/\/attualebrasil.com.br\/wp-content\/uploads\/2022\/05\/logo-1.jpg","contentUrl":"https:\/\/attualebrasil.com.br\/wp-content\/uploads\/2022\/05\/logo-1.jpg","width":100,"height":100,"caption":"Attuale Brasil"},"image":{"@id":"https:\/\/attualebrasil.com.br\/#\/schema\/logo\/image\/"},"sameAs":["https:\/\/www.facebook.com\/attualebrasil.com.br\/"]}]}},"_links":{"self":[{"href":"https:\/\/attualebrasil.com.br\/en\/wp-json\/wp\/v2\/pages\/2258","targetHints":{"allow":["GET"]}}],"collection":[{"href":"https:\/\/attualebrasil.com.br\/en\/wp-json\/wp\/v2\/pages"}],"about":[{"href":"https:\/\/attualebrasil.com.br\/en\/wp-json\/wp\/v2\/types\/page"}],"author":[{"embeddable":true,"href":"https:\/\/attualebrasil.com.br\/en\/wp-json\/wp\/v2\/users\/4"}],"replies":[{"embeddable":true,"href":"https:\/\/attualebrasil.com.br\/en\/wp-json\/wp\/v2\/comments?post=2258"}],"version-history":[{"count":1,"href":"https:\/\/attualebrasil.com.br\/en\/wp-json\/wp\/v2\/pages\/2258\/revisions"}],"predecessor-version":[{"id":3196,"href":"https:\/\/attualebrasil.com.br\/en\/wp-json\/wp\/v2\/pages\/2258\/revisions\/3196"}],"wp:attachment":[{"href":"https:\/\/attualebrasil.com.br\/en\/wp-json\/wp\/v2\/media?parent=2258"}],"curies":[{"name":"wp","href":"https:\/\/api.w.org\/{rel}","templated":true}]}}