{"id":1908,"date":"2022-05-18T17:21:30","date_gmt":"2022-05-18T20:21:30","guid":{"rendered":"https:\/\/attualebrasil.com.br\/2022\/?page_id=1908"},"modified":"2025-07-02T13:16:43","modified_gmt":"2025-07-02T16:16:43","slug":"limpeza-cena-de-crime","status":"publish","type":"page","link":"https:\/\/attualebrasil.com.br\/en\/servicos\/limpeza-cena-de-crime\/","title":{"rendered":"crime scene cleanup"},"content":{"rendered":"<div data-elementor-type=\"wp-page\" data-elementor-id=\"1908\" class=\"elementor elementor-1908\">\n\t\t\t\t\t\t<section class=\"elementor-section elementor-top-section elementor-element elementor-element-699a952 elementor-section-full_width animated-slow elementor-section-height-default elementor-section-height-default elementor-invisible\" data-id=\"699a952\" data-element_type=\"section\" data-e-type=\"section\" data-settings=\"{&quot;background_background&quot;:&quot;video&quot;,&quot;background_video_link&quot;:&quot;https:\\\/\\\/youtu.be\\\/ZfaaSOSyU2U&quot;,&quot;background_play_on_mobile&quot;:&quot;yes&quot;,&quot;animation&quot;:&quot;fadeIn&quot;,&quot;animation_delay&quot;:500}\">\n\t\t\t\t\t\t\t\t<div class=\"elementor-background-video-container\">\n\t\t\t\t\t\t\t\t\t\t\t\t\t<div class=\"elementor-background-video-embed\" role=\"presentation\"><\/div>\n\t\t\t\t\t\t\t\t\t\t\t\t<\/div>\n\t\t\t\t\t\t\t\t<div class=\"elementor-container elementor-column-gap-default\">\n\t\t\t\t\t<div class=\"elementor-column elementor-col-100 elementor-top-column elementor-element elementor-element-7298012\" data-id=\"7298012\" data-element_type=\"column\" data-e-type=\"column\" data-settings=\"{&quot;background_background&quot;:&quot;classic&quot;}\">\n\t\t\t<div class=\"elementor-widget-wrap elementor-element-populated\">\n\t\t\t\t\t\t<section class=\"elementor-section elementor-inner-section elementor-element elementor-element-7f24c41 elementor-section-boxed elementor-section-height-default elementor-section-height-default\" data-id=\"7f24c41\" data-element_type=\"section\" data-e-type=\"section\" data-settings=\"{&quot;background_background&quot;:&quot;classic&quot;}\">\n\t\t\t\t\t\t<div class=\"elementor-container elementor-column-gap-default\">\n\t\t\t\t\t<div class=\"elementor-column elementor-col-50 elementor-inner-column elementor-element elementor-element-74fced2\" data-id=\"74fced2\" data-element_type=\"column\" data-e-type=\"column\">\n\t\t\t<div class=\"elementor-widget-wrap elementor-element-populated\">\n\t\t\t\t\t\t<div class=\"elementor-element elementor-element-edc20ce elementor-widget elementor-widget-image\" data-id=\"edc20ce\" data-element_type=\"widget\" data-e-type=\"widget\" data-widget_type=\"image.default\">\n\t\t\t\t<div class=\"elementor-widget-container\">\n\t\t\t\t\t\t\t\t\t\t\t\t\t\t\t<img fetchpriority=\"high\" decoding=\"async\" width=\"500\" height=\"333\" src=\"https:\/\/attualebrasil.com.br\/wp-content\/uploads\/2023\/10\/cotton-GDS-crime-scene-biohazard-cleanup.jpg\" class=\"attachment-medium_large size-medium_large wp-image-2904\" alt=\"\" srcset=\"https:\/\/attualebrasil.com.br\/wp-content\/uploads\/2023\/10\/cotton-GDS-crime-scene-biohazard-cleanup.jpg 500w, https:\/\/attualebrasil.com.br\/wp-content\/uploads\/2023\/10\/cotton-GDS-crime-scene-biohazard-cleanup-300x200.jpg 300w, https:\/\/attualebrasil.com.br\/wp-content\/uploads\/2023\/10\/cotton-GDS-crime-scene-biohazard-cleanup-18x12.jpg 18w\" sizes=\"(max-width: 500px) 100vw, 500px\" \/>\t\t\t\t\t\t\t\t\t\t\t\t\t\t\t<\/div>\n\t\t\t\t<\/div>\n\t\t\t\t\t<\/div>\n\t\t<\/div>\n\t\t\t\t<div class=\"elementor-column elementor-col-50 elementor-inner-column elementor-element elementor-element-0c740d0\" data-id=\"0c740d0\" data-element_type=\"column\" data-e-type=\"column\">\n\t\t\t<div class=\"elementor-widget-wrap elementor-element-populated\">\n\t\t\t\t\t\t<div class=\"elementor-element elementor-element-d236bc1 elementor-widget elementor-widget-heading\" data-id=\"d236bc1\" data-element_type=\"widget\" data-e-type=\"widget\" data-widget_type=\"heading.default\">\n\t\t\t\t<div class=\"elementor-widget-container\">\n\t\t\t\t\t<h2 class=\"elementor-heading-title elementor-size-default\">Crime Scene Cleanup<\/h2>\t\t\t\t<\/div>\n\t\t\t\t<\/div>\n\t\t\t\t<div class=\"elementor-element elementor-element-4b4a3b4 elementor-widget elementor-widget-text-editor\" data-id=\"4b4a3b4\" data-element_type=\"widget\" data-e-type=\"widget\" data-widget_type=\"text-editor.default\">\n\t\t\t\t<div class=\"elementor-widget-container\">\n\t\t\t\t\t\t\t\t\t<p>At the end of the 1980s, the Crime Scene cleaning industry was born in the USA.<\/p><p>But many times it&#039;s not crimes we clean up but sites of suicides, natural deaths and decay.<\/p><p>In Brazil, ATTUALE was the first to carry out this type of service. We are beyond cleaning and removing toxic and biological waste from these situations.<\/p><p>\u00a0We work on cleaning and total recovery of the affected area, cleaning, restoring and even renovating.<\/p><p>With a qualified team, we have experience in leaving the site fully recovered at each stage.<\/p><p>As a pioneer in the field of forensic cleaning, we are ready to fully recover and restore any environment. We also work with cleaning followed by renovation of the site, delivering the environment ready for the customer.<\/p>\t\t\t\t\t\t\t\t<\/div>\n\t\t\t\t<\/div>\n\t\t\t\t<div class=\"elementor-element elementor-element-b17ecc6 elementor-hidden-mobile elementor-widget elementor-widget-button\" data-id=\"b17ecc6\" data-element_type=\"widget\" data-e-type=\"widget\" data-widget_type=\"button.default\">\n\t\t\t\t<div class=\"elementor-widget-container\">\n\t\t\t\t\t\t\t\t\t<div class=\"elementor-button-wrapper\">\n\t\t\t\t\t<a class=\"elementor-button elementor-button-link elementor-size-sm\" href=\"https:\/\/web.whatsapp.com\/send?phone=+5511987893692\" target=\"_blank\">\n\t\t\t\t\t\t<span class=\"elementor-button-content-wrapper\">\n\t\t\t\t\t\t<span class=\"elementor-button-icon\">\n\t\t\t\t<i aria-hidden=\"true\" class=\"fab fa-whatsapp\"><\/i>\t\t\t<\/span>\n\t\t\t\t\t\t\t\t\t<span class=\"elementor-button-text\">Talk to a consultant<\/span>\n\t\t\t\t\t<\/span>\n\t\t\t\t\t<\/a>\n\t\t\t\t<\/div>\n\t\t\t\t\t\t\t\t<\/div>\n\t\t\t\t<\/div>\n\t\t\t\t<div class=\"elementor-element elementor-element-1476eb5 elementor-hidden-desktop elementor-hidden-tablet elementor-widget elementor-widget-button\" data-id=\"1476eb5\" data-element_type=\"widget\" data-e-type=\"widget\" data-widget_type=\"button.default\">\n\t\t\t\t<div class=\"elementor-widget-container\">\n\t\t\t\t\t\t\t\t\t<div class=\"elementor-button-wrapper\">\n\t\t\t\t\t<a class=\"elementor-button elementor-button-link elementor-size-sm\" href=\"https:\/\/api.whatsapp.com\/send?phone=+5511987893692\" target=\"_blank\">\n\t\t\t\t\t\t<span class=\"elementor-button-content-wrapper\">\n\t\t\t\t\t\t<span class=\"elementor-button-icon\">\n\t\t\t\t<i aria-hidden=\"true\" class=\"fab fa-whatsapp\"><\/i>\t\t\t<\/span>\n\t\t\t\t\t\t\t\t\t<span class=\"elementor-button-text\">Talk to a consultant<\/span>\n\t\t\t\t\t<\/span>\n\t\t\t\t\t<\/a>\n\t\t\t\t<\/div>\n\t\t\t\t\t\t\t\t<\/div>\n\t\t\t\t<\/div>\n\t\t\t\t\t<\/div>\n\t\t<\/div>\n\t\t\t\t\t<\/div>\n\t\t<\/section>\n\t\t\t\t\t<\/div>\n\t\t<\/div>\n\t\t\t\t\t<\/div>\n\t\t<\/section>\n\t\t\t\t<section class=\"elementor-section elementor-top-section elementor-element elementor-element-23ee9f3 animated-slow elementor-section-boxed elementor-section-height-default elementor-section-height-default elementor-invisible\" data-id=\"23ee9f3\" data-element_type=\"section\" data-e-type=\"section\" data-settings=\"{&quot;animation&quot;:&quot;fadeIn&quot;}\">\n\t\t\t\t\t\t<div class=\"elementor-container elementor-column-gap-default\">\n\t\t\t\t\t<div class=\"elementor-column elementor-col-100 elementor-top-column elementor-element elementor-element-5d9ca63\" data-id=\"5d9ca63\" data-element_type=\"column\" data-e-type=\"column\">\n\t\t\t<div class=\"elementor-widget-wrap elementor-element-populated\">\n\t\t\t\t\t\t<div class=\"elementor-element elementor-element-890479e elementor-widget elementor-widget-heading\" data-id=\"890479e\" data-element_type=\"widget\" data-e-type=\"widget\" data-widget_type=\"heading.default\">\n\t\t\t\t<div class=\"elementor-widget-container\">\n\t\t\t\t\t<h2 class=\"elementor-heading-title elementor-size-default\">references<\/h2>\t\t\t\t<\/div>\n\t\t\t\t<\/div>\n\t\t\t\t<div class=\"elementor-element elementor-element-f0d1764 elementor-pagination-position-outside elementor-widget elementor-widget-image-carousel\" data-id=\"f0d1764\" data-element_type=\"widget\" data-e-type=\"widget\" data-settings=\"{&quot;slides_to_show&quot;:&quot;5&quot;,&quot;slides_to_show_tablet&quot;:&quot;4&quot;,&quot;navigation&quot;:&quot;dots&quot;,&quot;image_spacing_custom&quot;:{&quot;unit&quot;:&quot;px&quot;,&quot;size&quot;:45,&quot;sizes&quot;:[]},&quot;slides_to_show_mobile&quot;:&quot;2&quot;,&quot;autoplay&quot;:&quot;yes&quot;,&quot;pause_on_hover&quot;:&quot;yes&quot;,&quot;pause_on_interaction&quot;:&quot;yes&quot;,&quot;autoplay_speed&quot;:5000,&quot;infinite&quot;:&quot;yes&quot;,&quot;speed&quot;:500,&quot;image_spacing_custom_tablet&quot;:{&quot;unit&quot;:&quot;px&quot;,&quot;size&quot;:&quot;&quot;,&quot;sizes&quot;:[]},&quot;image_spacing_custom_mobile&quot;:{&quot;unit&quot;:&quot;px&quot;,&quot;size&quot;:&quot;&quot;,&quot;sizes&quot;:[]}}\" data-widget_type=\"image-carousel.default\">\n\t\t\t\t<div class=\"elementor-widget-container\">\n\t\t\t\t\t\t\t<div class=\"elementor-image-carousel-wrapper swiper\" role=\"region\" aria-roledescription=\"carousel\" aria-label=\"Carrossel de imagem\" dir=\"ltr\">\n\t\t\t<div class=\"elementor-image-carousel swiper-wrapper\" aria-live=\"off\">\n\t\t\t\t\t\t\t\t<div class=\"swiper-slide\" role=\"group\" aria-roledescription=\"slide\" aria-label=\"1 de 14\"><figure class=\"swiper-slide-inner\"><img decoding=\"async\" class=\"swiper-slide-image\" src=\"https:\/\/attualebrasil.com.br\/wp-content\/uploads\/2022\/05\/athie-300x176-1.jpg\" alt=\"athie-300x176\" \/><\/figure><\/div><div class=\"swiper-slide\" role=\"group\" aria-roledescription=\"slide\" aria-label=\"2 de 14\"><figure class=\"swiper-slide-inner\"><img decoding=\"async\" class=\"swiper-slide-image\" src=\"https:\/\/attualebrasil.com.br\/wp-content\/uploads\/2022\/05\/bahia-300x176-1.jpg\" alt=\"bahia-300x176\" \/><\/figure><\/div><div class=\"swiper-slide\" role=\"group\" aria-roledescription=\"slide\" aria-label=\"3 de 14\"><figure class=\"swiper-slide-inner\"><img decoding=\"async\" class=\"swiper-slide-image\" src=\"https:\/\/attualebrasil.com.br\/wp-content\/uploads\/2022\/05\/bny-mellon-300x176-1.jpg\" alt=\"bny-mellon-300x176\" \/><\/figure><\/div><div class=\"swiper-slide\" role=\"group\" aria-roledescription=\"slide\" aria-label=\"4 de 14\"><figure class=\"swiper-slide-inner\"><img decoding=\"async\" class=\"swiper-slide-image\" src=\"https:\/\/attualebrasil.com.br\/wp-content\/uploads\/2022\/05\/china-construction-bank-300x176-1.jpg\" alt=\"china-construction-bank-300x176\" \/><\/figure><\/div><div class=\"swiper-slide\" role=\"group\" aria-roledescription=\"slide\" aria-label=\"5 de 14\"><figure class=\"swiper-slide-inner\"><img decoding=\"async\" class=\"swiper-slide-image\" src=\"https:\/\/attualebrasil.com.br\/wp-content\/uploads\/2022\/05\/credit-300x176-1.jpg\" alt=\"credit-300x176\" \/><\/figure><\/div><div class=\"swiper-slide\" role=\"group\" aria-roledescription=\"slide\" aria-label=\"6 de 14\"><figure class=\"swiper-slide-inner\"><img decoding=\"async\" class=\"swiper-slide-image\" src=\"https:\/\/attualebrasil.com.br\/wp-content\/uploads\/2022\/05\/faesp-1-300x176-1.jpg\" alt=\"faesp-1-300x176\" \/><\/figure><\/div><div class=\"swiper-slide\" role=\"group\" aria-roledescription=\"slide\" aria-label=\"7 de 14\"><figure class=\"swiper-slide-inner\"><img decoding=\"async\" class=\"swiper-slide-image\" src=\"https:\/\/attualebrasil.com.br\/wp-content\/uploads\/2022\/05\/implacil-1-300x176-1.jpg\" alt=\"implacil-1-300x176\" \/><\/figure><\/div><div class=\"swiper-slide\" role=\"group\" aria-roledescription=\"slide\" aria-label=\"8 de 14\"><figure class=\"swiper-slide-inner\"><img decoding=\"async\" class=\"swiper-slide-image\" src=\"https:\/\/attualebrasil.com.br\/wp-content\/uploads\/2022\/05\/scalina-300x176-1.jpg\" alt=\"scalina-300x176\" \/><\/figure><\/div><div class=\"swiper-slide\" role=\"group\" aria-roledescription=\"slide\" aria-label=\"9 de 14\"><figure class=\"swiper-slide-inner\"><img decoding=\"async\" class=\"swiper-slide-image\" src=\"https:\/\/attualebrasil.com.br\/wp-content\/uploads\/2022\/05\/sephora-300x176-1.jpg\" alt=\"sephora-300x176\" \/><\/figure><\/div><div class=\"swiper-slide\" role=\"group\" aria-roledescription=\"slide\" aria-label=\"10 de 14\"><figure class=\"swiper-slide-inner\"><img decoding=\"async\" class=\"swiper-slide-image\" src=\"https:\/\/attualebrasil.com.br\/wp-content\/uploads\/2022\/05\/supergasbras-1-300x176-1.jpg\" alt=\"supergasbras-1-300x176\" \/><\/figure><\/div><div class=\"swiper-slide\" role=\"group\" aria-roledescription=\"slide\" aria-label=\"11 de 14\"><figure class=\"swiper-slide-inner\"><img decoding=\"async\" class=\"swiper-slide-image\" src=\"https:\/\/attualebrasil.com.br\/wp-content\/uploads\/2022\/05\/tgs-300x176-1.jpg\" alt=\"tgs-300x176\" \/><\/figure><\/div><div class=\"swiper-slide\" role=\"group\" aria-roledescription=\"slide\" aria-label=\"12 de 14\"><figure class=\"swiper-slide-inner\"><img decoding=\"async\" class=\"swiper-slide-image\" src=\"https:\/\/attualebrasil.com.br\/wp-content\/uploads\/2022\/05\/universal-300x176-1.jpg\" alt=\"universal-300x176\" \/><\/figure><\/div><div class=\"swiper-slide\" role=\"group\" aria-roledescription=\"slide\" aria-label=\"13 de 14\"><figure class=\"swiper-slide-inner\"><img decoding=\"async\" class=\"swiper-slide-image\" src=\"https:\/\/attualebrasil.com.br\/wp-content\/uploads\/2022\/05\/vinci-300x176-1.jpg\" alt=\"vinci-300x176\" \/><\/figure><\/div><div class=\"swiper-slide\" role=\"group\" aria-roledescription=\"slide\" aria-label=\"14 de 14\"><figure class=\"swiper-slide-inner\"><img decoding=\"async\" class=\"swiper-slide-image\" src=\"https:\/\/attualebrasil.com.br\/wp-content\/uploads\/2022\/05\/zte-300x176-1.jpg\" alt=\"zte-300x176\" \/><\/figure><\/div>\t\t\t<\/div>\n\t\t\t\t\t\t\t\n\t\t\t\t\t\t\t\t\t<div class=\"swiper-pagination\"><\/div>\n\t\t\t\t\t\t\t\t\t<\/div>\n\t\t\t\t\t\t<\/div>\n\t\t\t\t<\/div>\n\t\t\t\t\t<\/div>\n\t\t<\/div>\n\t\t\t\t\t<\/div>\n\t\t<\/section>\n\t\t\t\t<\/div>","protected":false},"excerpt":{"rendered":"<p>Limpeza Cenas de Crime No final dos anos 80 nasce nos EUA a ind\u00fastria de limpeza de Cenas de Crime. Mas muitas vezes n\u00e3o s\u00e3o crimes que limpamos e sim locais de suic\u00eddios, mortes naturais e decomposi\u00e7\u00f5es. No Brasil a&nbsp; ATTUALE foi a primeira a executar esse tipo de servi\u00e7o estamos al\u00e9m da limpeza e [&hellip;]<\/p>\n","protected":false},"author":4,"featured_media":0,"parent":19,"menu_order":2,"comment_status":"closed","ping_status":"closed","template":"elementor_header_footer","meta":{"footnotes":""},"class_list":["post-1908","page","type-page","status-publish","hentry"],"yoast_head":"<!-- This site is optimized with the Yoast SEO Premium plugin v21.1 (Yoast SEO v27.4) - https:\/\/yoast.com\/product\/yoast-seo-premium-wordpress\/ -->\n<title>Limpeza cenas de crime | Attuale Brasil<\/title>\n<meta name=\"description\" content=\"Limpeza Cenas de Crime No final dos anos 80 nasce nos EUA a ind\u00fastria de limpeza de Cenas de Crime. Mas muitas vezes n\u00e3o s\u00e3o crimes que limpamos e sim Limpeza cenas de crime. Atuamos na limpeza e recupera\u00e7\u00e3o total do local afetado.\" \/>\n<meta name=\"robots\" content=\"index, follow, max-snippet:-1, max-image-preview:large, max-video-preview:-1\" \/>\n<link rel=\"canonical\" href=\"https:\/\/attualebrasil.com.br\/en\/servicos\/limpeza-cena-de-crime\/\" \/>\n<meta property=\"og:locale\" content=\"en_US\" \/>\n<meta property=\"og:type\" content=\"article\" \/>\n<meta property=\"og:title\" content=\"Limpeza cenas de crime\" \/>\n<meta property=\"og:description\" content=\"Limpeza Cenas de Crime No final dos anos 80 nasce nos EUA a ind\u00fastria de limpeza de Cenas de Crime. Mas muitas vezes n\u00e3o s\u00e3o crimes que limpamos e sim Limpeza cenas de crime. Atuamos na limpeza e recupera\u00e7\u00e3o total do local afetado.\" \/>\n<meta property=\"og:url\" content=\"https:\/\/attualebrasil.com.br\/en\/servicos\/limpeza-cena-de-crime\/\" \/>\n<meta property=\"og:site_name\" content=\"Attuale Brasil\" \/>\n<meta property=\"article:publisher\" content=\"https:\/\/www.facebook.com\/attualebrasil.com.br\/\" \/>\n<meta property=\"article:modified_time\" content=\"2025-07-02T16:16:43+00:00\" \/>\n<meta property=\"og:image\" content=\"https:\/\/attualebrasil.com.br\/wp-content\/uploads\/2023\/10\/cotton-GDS-crime-scene-biohazard-cleanup.jpg\" \/>\n<meta name=\"twitter:card\" content=\"summary_large_image\" \/>\n<meta name=\"twitter:label1\" content=\"Est. reading time\" \/>\n\t<meta name=\"twitter:data1\" content=\"4 minutes\" \/>\n<script type=\"application\/ld+json\" class=\"yoast-schema-graph\">{\"@context\":\"https:\\\/\\\/schema.org\",\"@graph\":[{\"@type\":\"WebPage\",\"@id\":\"https:\\\/\\\/attualebrasil.com.br\\\/servicos\\\/limpeza-cena-de-crime\\\/\",\"url\":\"https:\\\/\\\/attualebrasil.com.br\\\/servicos\\\/limpeza-cena-de-crime\\\/\",\"name\":\"Limpeza cenas de crime | Attuale Brasil\",\"isPartOf\":{\"@id\":\"https:\\\/\\\/attualebrasil.com.br\\\/#website\"},\"primaryImageOfPage\":{\"@id\":\"https:\\\/\\\/attualebrasil.com.br\\\/servicos\\\/limpeza-cena-de-crime\\\/#primaryimage\"},\"image\":{\"@id\":\"https:\\\/\\\/attualebrasil.com.br\\\/servicos\\\/limpeza-cena-de-crime\\\/#primaryimage\"},\"thumbnailUrl\":\"https:\\\/\\\/attualebrasil.com.br\\\/wp-content\\\/uploads\\\/2023\\\/10\\\/cotton-GDS-crime-scene-biohazard-cleanup.jpg\",\"datePublished\":\"2022-05-18T20:21:30+00:00\",\"dateModified\":\"2025-07-02T16:16:43+00:00\",\"description\":\"Limpeza Cenas de Crime No final dos anos 80 nasce nos EUA a ind\u00fastria de limpeza de Cenas de Crime. Mas muitas vezes n\u00e3o s\u00e3o crimes que limpamos e sim Limpeza cenas de crime. Atuamos na limpeza e recupera\u00e7\u00e3o total do local afetado.\",\"breadcrumb\":{\"@id\":\"https:\\\/\\\/attualebrasil.com.br\\\/servicos\\\/limpeza-cena-de-crime\\\/#breadcrumb\"},\"inLanguage\":\"en-US\",\"potentialAction\":[{\"@type\":\"ReadAction\",\"target\":[\"https:\\\/\\\/attualebrasil.com.br\\\/servicos\\\/limpeza-cena-de-crime\\\/\"]}]},{\"@type\":\"ImageObject\",\"inLanguage\":\"en-US\",\"@id\":\"https:\\\/\\\/attualebrasil.com.br\\\/servicos\\\/limpeza-cena-de-crime\\\/#primaryimage\",\"url\":\"https:\\\/\\\/attualebrasil.com.br\\\/wp-content\\\/uploads\\\/2023\\\/10\\\/cotton-GDS-crime-scene-biohazard-cleanup.jpg\",\"contentUrl\":\"https:\\\/\\\/attualebrasil.com.br\\\/wp-content\\\/uploads\\\/2023\\\/10\\\/cotton-GDS-crime-scene-biohazard-cleanup.jpg\"},{\"@type\":\"BreadcrumbList\",\"@id\":\"https:\\\/\\\/attualebrasil.com.br\\\/servicos\\\/limpeza-cena-de-crime\\\/#breadcrumb\",\"itemListElement\":[{\"@type\":\"ListItem\",\"position\":1,\"name\":\"In\u00edcio\",\"item\":\"https:\\\/\\\/attualebrasil.com.br\\\/\"},{\"@type\":\"ListItem\",\"position\":2,\"name\":\"Servi\u00e7os\",\"item\":\"https:\\\/\\\/attualebrasil.com.br\\\/servicos\\\/\"},{\"@type\":\"ListItem\",\"position\":3,\"name\":\"Limpeza cenas de crime\"}]},{\"@type\":\"WebSite\",\"@id\":\"https:\\\/\\\/attualebrasil.com.br\\\/#website\",\"url\":\"https:\\\/\\\/attualebrasil.com.br\\\/\",\"name\":\"Attuale Brasil\",\"description\":\"Limpeza p\u00f3s morte e Servi\u00e7os de Descontamina\u00e7\u00e3o \",\"publisher\":{\"@id\":\"https:\\\/\\\/attualebrasil.com.br\\\/#organization\"},\"potentialAction\":[{\"@type\":\"SearchAction\",\"target\":{\"@type\":\"EntryPoint\",\"urlTemplate\":\"https:\\\/\\\/attualebrasil.com.br\\\/?s={search_term_string}\"},\"query-input\":{\"@type\":\"PropertyValueSpecification\",\"valueRequired\":true,\"valueName\":\"search_term_string\"}}],\"inLanguage\":\"en-US\"},{\"@type\":\"Organization\",\"@id\":\"https:\\\/\\\/attualebrasil.com.br\\\/#organization\",\"name\":\"Attuale Brasil\",\"url\":\"https:\\\/\\\/attualebrasil.com.br\\\/\",\"logo\":{\"@type\":\"ImageObject\",\"inLanguage\":\"en-US\",\"@id\":\"https:\\\/\\\/attualebrasil.com.br\\\/#\\\/schema\\\/logo\\\/image\\\/\",\"url\":\"https:\\\/\\\/attualebrasil.com.br\\\/wp-content\\\/uploads\\\/2022\\\/05\\\/logo-1.jpg\",\"contentUrl\":\"https:\\\/\\\/attualebrasil.com.br\\\/wp-content\\\/uploads\\\/2022\\\/05\\\/logo-1.jpg\",\"width\":100,\"height\":100,\"caption\":\"Attuale Brasil\"},\"image\":{\"@id\":\"https:\\\/\\\/attualebrasil.com.br\\\/#\\\/schema\\\/logo\\\/image\\\/\"},\"sameAs\":[\"https:\\\/\\\/www.facebook.com\\\/attualebrasil.com.br\\\/\"]}]}<\/script>\n<!-- \/ Yoast SEO Premium plugin. -->","yoast_head_json":{"title":"Limpeza cenas de crime | Attuale Brasil","description":"Limpeza Cenas de Crime No final dos anos 80 nasce nos EUA a ind\u00fastria de limpeza de Cenas de Crime. Mas muitas vezes n\u00e3o s\u00e3o crimes que limpamos e sim Limpeza cenas de crime. Atuamos na limpeza e recupera\u00e7\u00e3o total do local afetado.","robots":{"index":"index","follow":"follow","max-snippet":"max-snippet:-1","max-image-preview":"max-image-preview:large","max-video-preview":"max-video-preview:-1"},"canonical":"https:\/\/attualebrasil.com.br\/en\/servicos\/limpeza-cena-de-crime\/","og_locale":"en_US","og_type":"article","og_title":"Limpeza cenas de crime","og_description":"Limpeza Cenas de Crime No final dos anos 80 nasce nos EUA a ind\u00fastria de limpeza de Cenas de Crime. Mas muitas vezes n\u00e3o s\u00e3o crimes que limpamos e sim Limpeza cenas de crime. Atuamos na limpeza e recupera\u00e7\u00e3o total do local afetado.","og_url":"https:\/\/attualebrasil.com.br\/en\/servicos\/limpeza-cena-de-crime\/","og_site_name":"Attuale Brasil","article_publisher":"https:\/\/www.facebook.com\/attualebrasil.com.br\/","article_modified_time":"2025-07-02T16:16:43+00:00","og_image":[{"url":"https:\/\/attualebrasil.com.br\/wp-content\/uploads\/2023\/10\/cotton-GDS-crime-scene-biohazard-cleanup.jpg","type":"","width":"","height":""}],"twitter_card":"summary_large_image","twitter_misc":{"Est. reading time":"4 minutes"},"schema":{"@context":"https:\/\/schema.org","@graph":[{"@type":"WebPage","@id":"https:\/\/attualebrasil.com.br\/servicos\/limpeza-cena-de-crime\/","url":"https:\/\/attualebrasil.com.br\/servicos\/limpeza-cena-de-crime\/","name":"Limpeza cenas de crime | Attuale Brasil","isPartOf":{"@id":"https:\/\/attualebrasil.com.br\/#website"},"primaryImageOfPage":{"@id":"https:\/\/attualebrasil.com.br\/servicos\/limpeza-cena-de-crime\/#primaryimage"},"image":{"@id":"https:\/\/attualebrasil.com.br\/servicos\/limpeza-cena-de-crime\/#primaryimage"},"thumbnailUrl":"https:\/\/attualebrasil.com.br\/wp-content\/uploads\/2023\/10\/cotton-GDS-crime-scene-biohazard-cleanup.jpg","datePublished":"2022-05-18T20:21:30+00:00","dateModified":"2025-07-02T16:16:43+00:00","description":"Limpeza Cenas de Crime No final dos anos 80 nasce nos EUA a ind\u00fastria de limpeza de Cenas de Crime. Mas muitas vezes n\u00e3o s\u00e3o crimes que limpamos e sim Limpeza cenas de crime. Atuamos na limpeza e recupera\u00e7\u00e3o total do local afetado.","breadcrumb":{"@id":"https:\/\/attualebrasil.com.br\/servicos\/limpeza-cena-de-crime\/#breadcrumb"},"inLanguage":"en-US","potentialAction":[{"@type":"ReadAction","target":["https:\/\/attualebrasil.com.br\/servicos\/limpeza-cena-de-crime\/"]}]},{"@type":"ImageObject","inLanguage":"en-US","@id":"https:\/\/attualebrasil.com.br\/servicos\/limpeza-cena-de-crime\/#primaryimage","url":"https:\/\/attualebrasil.com.br\/wp-content\/uploads\/2023\/10\/cotton-GDS-crime-scene-biohazard-cleanup.jpg","contentUrl":"https:\/\/attualebrasil.com.br\/wp-content\/uploads\/2023\/10\/cotton-GDS-crime-scene-biohazard-cleanup.jpg"},{"@type":"BreadcrumbList","@id":"https:\/\/attualebrasil.com.br\/servicos\/limpeza-cena-de-crime\/#breadcrumb","itemListElement":[{"@type":"ListItem","position":1,"name":"In\u00edcio","item":"https:\/\/attualebrasil.com.br\/"},{"@type":"ListItem","position":2,"name":"Servi\u00e7os","item":"https:\/\/attualebrasil.com.br\/servicos\/"},{"@type":"ListItem","position":3,"name":"Limpeza cenas de crime"}]},{"@type":"WebSite","@id":"https:\/\/attualebrasil.com.br\/#website","url":"https:\/\/attualebrasil.com.br\/","name":"Current Brazil","description":"Limpeza p\u00f3s morte e Servi\u00e7os de Descontamina\u00e7\u00e3o","publisher":{"@id":"https:\/\/attualebrasil.com.br\/#organization"},"potentialAction":[{"@type":"SearchAction","target":{"@type":"EntryPoint","urlTemplate":"https:\/\/attualebrasil.com.br\/?s={search_term_string}"},"query-input":{"@type":"PropertyValueSpecification","valueRequired":true,"valueName":"search_term_string"}}],"inLanguage":"en-US"},{"@type":"Organization","@id":"https:\/\/attualebrasil.com.br\/#organization","name":"Current Brazil","url":"https:\/\/attualebrasil.com.br\/","logo":{"@type":"ImageObject","inLanguage":"en-US","@id":"https:\/\/attualebrasil.com.br\/#\/schema\/logo\/image\/","url":"https:\/\/attualebrasil.com.br\/wp-content\/uploads\/2022\/05\/logo-1.jpg","contentUrl":"https:\/\/attualebrasil.com.br\/wp-content\/uploads\/2022\/05\/logo-1.jpg","width":100,"height":100,"caption":"Attuale Brasil"},"image":{"@id":"https:\/\/attualebrasil.com.br\/#\/schema\/logo\/image\/"},"sameAs":["https:\/\/www.facebook.com\/attualebrasil.com.br\/"]}]}},"_links":{"self":[{"href":"https:\/\/attualebrasil.com.br\/en\/wp-json\/wp\/v2\/pages\/1908","targetHints":{"allow":["GET"]}}],"collection":[{"href":"https:\/\/attualebrasil.com.br\/en\/wp-json\/wp\/v2\/pages"}],"about":[{"href":"https:\/\/attualebrasil.com.br\/en\/wp-json\/wp\/v2\/types\/page"}],"author":[{"embeddable":true,"href":"https:\/\/attualebrasil.com.br\/en\/wp-json\/wp\/v2\/users\/4"}],"replies":[{"embeddable":true,"href":"https:\/\/attualebrasil.com.br\/en\/wp-json\/wp\/v2\/comments?post=1908"}],"version-history":[{"count":22,"href":"https:\/\/attualebrasil.com.br\/en\/wp-json\/wp\/v2\/pages\/1908\/revisions"}],"predecessor-version":[{"id":3188,"href":"https:\/\/attualebrasil.com.br\/en\/wp-json\/wp\/v2\/pages\/1908\/revisions\/3188"}],"up":[{"embeddable":true,"href":"https:\/\/attualebrasil.com.br\/en\/wp-json\/wp\/v2\/pages\/19"}],"wp:attachment":[{"href":"https:\/\/attualebrasil.com.br\/en\/wp-json\/wp\/v2\/media?parent=1908"}],"curies":[{"name":"wp","href":"https:\/\/api.w.org\/{rel}","templated":true}]}}