{"id":1250,"date":"2021-12-02T15:15:43","date_gmt":"2021-12-02T18:15:43","guid":{"rendered":"https:\/\/iuri0078.hospedagemdesites.ws\/~attualebrasil\/?page_id=1250"},"modified":"2025-08-10T23:48:46","modified_gmt":"2025-08-11T02:48:46","slug":"clinicas-veterinarias","status":"publish","type":"page","link":"https:\/\/attualebrasil.com.br\/en\/servicos\/clinicas-veterinarias\/","title":{"rendered":"Veterinary Clinical Hygiene"},"content":{"rendered":"<div data-elementor-type=\"wp-page\" data-elementor-id=\"1250\" class=\"elementor elementor-1250\">\n\t\t\t\t\t\t<section class=\"elementor-section elementor-top-section elementor-element elementor-element-8a9ac94 elementor-section-full_width animated-slow elementor-section-height-default elementor-section-height-default elementor-invisible\" data-id=\"8a9ac94\" data-element_type=\"section\" data-e-type=\"section\" data-settings=\"{&quot;background_background&quot;:&quot;video&quot;,&quot;background_video_link&quot;:&quot;https:\\\/\\\/www.youtube.com\\\/watch?v=D_iDapCWiX4&quot;,&quot;background_play_on_mobile&quot;:&quot;yes&quot;,&quot;animation&quot;:&quot;fadeIn&quot;,&quot;animation_delay&quot;:500}\">\n\t\t\t\t\t\t\t\t<div class=\"elementor-background-video-container\">\n\t\t\t\t\t\t\t\t\t\t\t\t\t<div class=\"elementor-background-video-embed\" role=\"presentation\"><\/div>\n\t\t\t\t\t\t\t\t\t\t\t\t<\/div>\n\t\t\t\t\t\t\t\t<div class=\"elementor-container elementor-column-gap-default\">\n\t\t\t\t\t<div class=\"elementor-column elementor-col-100 elementor-top-column elementor-element elementor-element-4f94597\" data-id=\"4f94597\" data-element_type=\"column\" data-e-type=\"column\" data-settings=\"{&quot;background_background&quot;:&quot;classic&quot;}\">\n\t\t\t<div class=\"elementor-widget-wrap elementor-element-populated\">\n\t\t\t\t\t\t<section class=\"elementor-section elementor-inner-section elementor-element elementor-element-7c15a98 elementor-section-boxed elementor-section-height-default elementor-section-height-default\" data-id=\"7c15a98\" data-element_type=\"section\" data-e-type=\"section\" data-settings=\"{&quot;background_background&quot;:&quot;classic&quot;}\">\n\t\t\t\t\t\t<div class=\"elementor-container elementor-column-gap-default\">\n\t\t\t\t\t<div class=\"elementor-column elementor-col-50 elementor-inner-column elementor-element elementor-element-6f215f4\" data-id=\"6f215f4\" data-element_type=\"column\" data-e-type=\"column\">\n\t\t\t<div class=\"elementor-widget-wrap elementor-element-populated\">\n\t\t\t\t\t\t<div class=\"elementor-element elementor-element-2cb8301 elementor-widget elementor-widget-image\" data-id=\"2cb8301\" data-element_type=\"widget\" data-e-type=\"widget\" data-widget_type=\"image.default\">\n\t\t\t\t<div class=\"elementor-widget-container\">\n\t\t\t\t\t\t\t\t\t\t\t\t\t\t\t<img fetchpriority=\"high\" decoding=\"async\" width=\"474\" height=\"386\" src=\"https:\/\/attualebrasil.com.br\/wp-content\/uploads\/2022\/05\/vet.jpg\" class=\"attachment-large size-large wp-image-1656\" alt=\"\" srcset=\"https:\/\/attualebrasil.com.br\/wp-content\/uploads\/2022\/05\/vet.jpg 474w, https:\/\/attualebrasil.com.br\/wp-content\/uploads\/2022\/05\/vet-300x244.jpg 300w, https:\/\/attualebrasil.com.br\/wp-content\/uploads\/2022\/05\/vet-15x12.jpg 15w\" sizes=\"(max-width: 474px) 100vw, 474px\" \/>\t\t\t\t\t\t\t\t\t\t\t\t\t\t\t<\/div>\n\t\t\t\t<\/div>\n\t\t\t\t\t<\/div>\n\t\t<\/div>\n\t\t\t\t<div class=\"elementor-column elementor-col-50 elementor-inner-column elementor-element elementor-element-9e1dde7\" data-id=\"9e1dde7\" data-element_type=\"column\" data-e-type=\"column\">\n\t\t\t<div class=\"elementor-widget-wrap elementor-element-populated\">\n\t\t\t\t\t\t<div class=\"elementor-element elementor-element-67275d6 elementor-widget elementor-widget-heading\" data-id=\"67275d6\" data-element_type=\"widget\" data-e-type=\"widget\" data-widget_type=\"heading.default\">\n\t\t\t\t<div class=\"elementor-widget-container\">\n\t\t\t\t\t<h2 class=\"elementor-heading-title elementor-size-default\">Veterinary Clinics<\/h2>\t\t\t\t<\/div>\n\t\t\t\t<\/div>\n\t\t\t\t<div class=\"elementor-element elementor-element-0972409 elementor-widget elementor-widget-text-editor\" data-id=\"0972409\" data-element_type=\"widget\" data-e-type=\"widget\" data-widget_type=\"text-editor.default\">\n\t\t\t\t<div class=\"elementor-widget-container\">\n\t\t\t\t\t\t\t\t\t<p>Disinfection of environments is one of the main measures to prevent the spread of diseases. The disinfection process is the elimination of vegetative forms, existing on inanimate surfaces, through the application of chemical and\/or physical agents. This is a fundamental measure for the safety of humans and animals.<\/p><p>Clinics, hospitals and veterinary practices are critical areas for the spread of pathogens that can persist on surfaces for years. These sites are reservoirs of multi-resistant antibiotic-resistant microorganisms. Therefore, the correct sterilization of materials and disinfection of environments are mandatory in any and all veterinary establishments.<\/p>\t\t\t\t\t\t\t\t<\/div>\n\t\t\t\t<\/div>\n\t\t\t\t<div class=\"elementor-element elementor-element-9879036 elementor-hidden-mobile elementor-widget elementor-widget-button\" data-id=\"9879036\" data-element_type=\"widget\" data-e-type=\"widget\" data-widget_type=\"button.default\">\n\t\t\t\t<div class=\"elementor-widget-container\">\n\t\t\t\t\t\t\t\t\t<div class=\"elementor-button-wrapper\">\n\t\t\t\t\t<a class=\"elementor-button elementor-button-link elementor-size-sm\" href=\"https:\/\/web.whatsapp.com\/send?phone=+5511987893692\" target=\"_blank\">\n\t\t\t\t\t\t<span class=\"elementor-button-content-wrapper\">\n\t\t\t\t\t\t<span class=\"elementor-button-icon\">\n\t\t\t\t<i aria-hidden=\"true\" class=\"fab fa-whatsapp\"><\/i>\t\t\t<\/span>\n\t\t\t\t\t\t\t\t\t<span class=\"elementor-button-text\">Talk to a consultant<\/span>\n\t\t\t\t\t<\/span>\n\t\t\t\t\t<\/a>\n\t\t\t\t<\/div>\n\t\t\t\t\t\t\t\t<\/div>\n\t\t\t\t<\/div>\n\t\t\t\t<div class=\"elementor-element elementor-element-c0c9ea8 elementor-hidden-desktop elementor-hidden-tablet elementor-widget elementor-widget-button\" data-id=\"c0c9ea8\" data-element_type=\"widget\" data-e-type=\"widget\" data-widget_type=\"button.default\">\n\t\t\t\t<div class=\"elementor-widget-container\">\n\t\t\t\t\t\t\t\t\t<div class=\"elementor-button-wrapper\">\n\t\t\t\t\t<a class=\"elementor-button elementor-button-link elementor-size-sm\" href=\"https:\/\/api.whatsapp.com\/send?phone=+5511987893692\" target=\"_blank\">\n\t\t\t\t\t\t<span class=\"elementor-button-content-wrapper\">\n\t\t\t\t\t\t<span class=\"elementor-button-icon\">\n\t\t\t\t<i aria-hidden=\"true\" class=\"fab fa-whatsapp\"><\/i>\t\t\t<\/span>\n\t\t\t\t\t\t\t\t\t<span class=\"elementor-button-text\">Talk to a consultant<\/span>\n\t\t\t\t\t<\/span>\n\t\t\t\t\t<\/a>\n\t\t\t\t<\/div>\n\t\t\t\t\t\t\t\t<\/div>\n\t\t\t\t<\/div>\n\t\t\t\t\t<\/div>\n\t\t<\/div>\n\t\t\t\t\t<\/div>\n\t\t<\/section>\n\t\t\t\t\t<\/div>\n\t\t<\/div>\n\t\t\t\t\t<\/div>\n\t\t<\/section>\n\t\t\t\t<section class=\"elementor-section elementor-top-section elementor-element elementor-element-80d8eee animated-slow elementor-section-boxed elementor-section-height-default elementor-section-height-default elementor-invisible\" data-id=\"80d8eee\" data-element_type=\"section\" data-e-type=\"section\" data-settings=\"{&quot;animation&quot;:&quot;fadeIn&quot;}\">\n\t\t\t\t\t\t<div class=\"elementor-container elementor-column-gap-default\">\n\t\t\t\t\t<div class=\"elementor-column elementor-col-100 elementor-top-column elementor-element elementor-element-48dde1a\" data-id=\"48dde1a\" data-element_type=\"column\" data-e-type=\"column\">\n\t\t\t<div class=\"elementor-widget-wrap elementor-element-populated\">\n\t\t\t\t\t\t<div class=\"elementor-element elementor-element-72d84b7 elementor-widget elementor-widget-heading\" data-id=\"72d84b7\" data-element_type=\"widget\" data-e-type=\"widget\" data-widget_type=\"heading.default\">\n\t\t\t\t<div class=\"elementor-widget-container\">\n\t\t\t\t\t<h2 class=\"elementor-heading-title elementor-size-default\">references<\/h2>\t\t\t\t<\/div>\n\t\t\t\t<\/div>\n\t\t\t\t<div class=\"elementor-element elementor-element-ea1ce5a elementor-pagination-position-outside elementor-widget elementor-widget-image-carousel\" data-id=\"ea1ce5a\" data-element_type=\"widget\" data-e-type=\"widget\" data-settings=\"{&quot;slides_to_show&quot;:&quot;5&quot;,&quot;slides_to_show_tablet&quot;:&quot;4&quot;,&quot;navigation&quot;:&quot;dots&quot;,&quot;image_spacing_custom&quot;:{&quot;unit&quot;:&quot;px&quot;,&quot;size&quot;:45,&quot;sizes&quot;:[]},&quot;slides_to_show_mobile&quot;:&quot;2&quot;,&quot;autoplay&quot;:&quot;yes&quot;,&quot;pause_on_hover&quot;:&quot;yes&quot;,&quot;pause_on_interaction&quot;:&quot;yes&quot;,&quot;autoplay_speed&quot;:5000,&quot;infinite&quot;:&quot;yes&quot;,&quot;speed&quot;:500,&quot;image_spacing_custom_tablet&quot;:{&quot;unit&quot;:&quot;px&quot;,&quot;size&quot;:&quot;&quot;,&quot;sizes&quot;:[]},&quot;image_spacing_custom_mobile&quot;:{&quot;unit&quot;:&quot;px&quot;,&quot;size&quot;:&quot;&quot;,&quot;sizes&quot;:[]}}\" data-widget_type=\"image-carousel.default\">\n\t\t\t\t<div class=\"elementor-widget-container\">\n\t\t\t\t\t\t\t<div class=\"elementor-image-carousel-wrapper swiper\" role=\"region\" aria-roledescription=\"carousel\" aria-label=\"Image Carousel\" dir=\"ltr\">\n\t\t\t<div class=\"elementor-image-carousel swiper-wrapper\" aria-live=\"off\">\n\t\t\t\t\t\t\t\t<div class=\"swiper-slide\" role=\"group\" aria-roledescription=\"slide\" aria-label=\"1 of 14\"><figure class=\"swiper-slide-inner\"><img decoding=\"async\" class=\"swiper-slide-image\" src=\"https:\/\/attualebrasil.com.br\/wp-content\/uploads\/2022\/05\/athie-300x176-1.jpg\" alt=\"athie-300x176\" \/><\/figure><\/div><div class=\"swiper-slide\" role=\"group\" aria-roledescription=\"slide\" aria-label=\"2 of 14\"><figure class=\"swiper-slide-inner\"><img decoding=\"async\" class=\"swiper-slide-image\" src=\"https:\/\/attualebrasil.com.br\/wp-content\/uploads\/2022\/05\/bahia-300x176-1.jpg\" alt=\"bahia-300x176\" \/><\/figure><\/div><div class=\"swiper-slide\" role=\"group\" aria-roledescription=\"slide\" aria-label=\"3 of 14\"><figure class=\"swiper-slide-inner\"><img decoding=\"async\" class=\"swiper-slide-image\" src=\"https:\/\/attualebrasil.com.br\/wp-content\/uploads\/2022\/05\/bny-mellon-300x176-1.jpg\" alt=\"bny-mellon-300x176\" \/><\/figure><\/div><div class=\"swiper-slide\" role=\"group\" aria-roledescription=\"slide\" aria-label=\"4 of 14\"><figure class=\"swiper-slide-inner\"><img decoding=\"async\" class=\"swiper-slide-image\" src=\"https:\/\/attualebrasil.com.br\/wp-content\/uploads\/2022\/05\/china-construction-bank-300x176-1.jpg\" alt=\"china-construction-bank-300x176\" \/><\/figure><\/div><div class=\"swiper-slide\" role=\"group\" aria-roledescription=\"slide\" aria-label=\"5 of 14\"><figure class=\"swiper-slide-inner\"><img decoding=\"async\" class=\"swiper-slide-image\" src=\"https:\/\/attualebrasil.com.br\/wp-content\/uploads\/2022\/05\/credit-300x176-1.jpg\" alt=\"credit-300x176\" \/><\/figure><\/div><div class=\"swiper-slide\" role=\"group\" aria-roledescription=\"slide\" aria-label=\"6 of 14\"><figure class=\"swiper-slide-inner\"><img decoding=\"async\" class=\"swiper-slide-image\" src=\"https:\/\/attualebrasil.com.br\/wp-content\/uploads\/2022\/05\/faesp-1-300x176-1.jpg\" alt=\"faesp-1-300x176\" \/><\/figure><\/div><div class=\"swiper-slide\" role=\"group\" aria-roledescription=\"slide\" aria-label=\"7 of 14\"><figure class=\"swiper-slide-inner\"><img decoding=\"async\" class=\"swiper-slide-image\" src=\"https:\/\/attualebrasil.com.br\/wp-content\/uploads\/2022\/05\/implacil-1-300x176-1.jpg\" alt=\"implacil-1-300x176\" \/><\/figure><\/div><div class=\"swiper-slide\" role=\"group\" aria-roledescription=\"slide\" aria-label=\"8 of 14\"><figure class=\"swiper-slide-inner\"><img decoding=\"async\" class=\"swiper-slide-image\" src=\"https:\/\/attualebrasil.com.br\/wp-content\/uploads\/2022\/05\/scalina-300x176-1.jpg\" alt=\"scalina-300x176\" \/><\/figure><\/div><div class=\"swiper-slide\" role=\"group\" aria-roledescription=\"slide\" aria-label=\"9 of 14\"><figure class=\"swiper-slide-inner\"><img decoding=\"async\" class=\"swiper-slide-image\" src=\"https:\/\/attualebrasil.com.br\/wp-content\/uploads\/2022\/05\/sephora-300x176-1.jpg\" alt=\"sephora-300x176\" \/><\/figure><\/div><div class=\"swiper-slide\" role=\"group\" aria-roledescription=\"slide\" aria-label=\"10 of 14\"><figure class=\"swiper-slide-inner\"><img decoding=\"async\" class=\"swiper-slide-image\" src=\"https:\/\/attualebrasil.com.br\/wp-content\/uploads\/2022\/05\/supergasbras-1-300x176-1.jpg\" alt=\"supergasbras-1-300x176\" \/><\/figure><\/div><div class=\"swiper-slide\" role=\"group\" aria-roledescription=\"slide\" aria-label=\"11 of 14\"><figure class=\"swiper-slide-inner\"><img decoding=\"async\" class=\"swiper-slide-image\" src=\"https:\/\/attualebrasil.com.br\/wp-content\/uploads\/2022\/05\/tgs-300x176-1.jpg\" alt=\"tgs-300x176\" \/><\/figure><\/div><div class=\"swiper-slide\" role=\"group\" aria-roledescription=\"slide\" aria-label=\"12 of 14\"><figure class=\"swiper-slide-inner\"><img decoding=\"async\" class=\"swiper-slide-image\" src=\"https:\/\/attualebrasil.com.br\/wp-content\/uploads\/2022\/05\/universal-300x176-1.jpg\" alt=\"universal-300x176\" \/><\/figure><\/div><div class=\"swiper-slide\" role=\"group\" aria-roledescription=\"slide\" aria-label=\"13 of 14\"><figure class=\"swiper-slide-inner\"><img decoding=\"async\" class=\"swiper-slide-image\" src=\"https:\/\/attualebrasil.com.br\/wp-content\/uploads\/2022\/05\/vinci-300x176-1.jpg\" alt=\"vinci-300x176\" \/><\/figure><\/div><div class=\"swiper-slide\" role=\"group\" aria-roledescription=\"slide\" aria-label=\"14 of 14\"><figure class=\"swiper-slide-inner\"><img decoding=\"async\" class=\"swiper-slide-image\" src=\"https:\/\/attualebrasil.com.br\/wp-content\/uploads\/2022\/05\/zte-300x176-1.jpg\" alt=\"zte-300x176\" \/><\/figure><\/div>\t\t\t<\/div>\n\t\t\t\t\t\t\t\n\t\t\t\t\t\t\t\t\t<div class=\"swiper-pagination\"><\/div>\n\t\t\t\t\t\t\t\t\t<\/div>\n\t\t\t\t\t\t<\/div>\n\t\t\t\t<\/div>\n\t\t\t\t\t<\/div>\n\t\t<\/div>\n\t\t\t\t\t<\/div>\n\t\t<\/section>\n\t\t\t\t<\/div>","protected":false},"excerpt":{"rendered":"<p>Cl\u00ednicas Veterin\u00e1rias A desinfec\u00e7\u00e3o de ambientes \u00e9 uma das principais medidas de preven\u00e7\u00e3o da dissemina\u00e7\u00e3o de doen\u00e7as. O processo de desinfec\u00e7\u00e3o \u00e9 a elimina\u00e7\u00e3o de formas vegetativas, existentes em superf\u00edcies inanimadas, mediante a aplica\u00e7\u00e3o de agentes qu\u00edmicos e\/ou f\u00edsicos. Trata-se de uma medida fundamental para seguran\u00e7a do ser humano e dos animais. Cl\u00ednicas, hospitais e [&hellip;]<\/p>\n","protected":false},"author":2,"featured_media":0,"parent":19,"menu_order":5,"comment_status":"closed","ping_status":"closed","template":"elementor_header_footer","meta":{"footnotes":""},"class_list":["post-1250","page","type-page","status-publish","hentry"],"yoast_head":"<!-- This site is optimized with the Yoast SEO Premium plugin v21.1 (Yoast SEO v27.4) - https:\/\/yoast.com\/product\/yoast-seo-premium-wordpress\/ -->\n<title>Higieniza\u00e7\u00e3o Cl\u00ednicas Veterin\u00e1rias | Attuale Brasil<\/title>\n<meta name=\"description\" content=\"Cl\u00ednicas Veterin\u00e1rias A desinfec\u00e7\u00e3o de ambientes \u00e9 uma das principais medidas de preven\u00e7\u00e3o da dissemina\u00e7\u00e3o de doen\u00e7as. O processo de desinfec\u00e7\u00e3o \u00e9 a\" \/>\n<meta name=\"robots\" content=\"index, follow, max-snippet:-1, max-image-preview:large, max-video-preview:-1\" \/>\n<link rel=\"canonical\" href=\"https:\/\/attualebrasil.com.br\/en\/servicos\/clinicas-veterinarias\/\" \/>\n<meta property=\"og:locale\" content=\"en_US\" \/>\n<meta property=\"og:type\" content=\"article\" \/>\n<meta property=\"og:title\" content=\"Higieniza\u00e7\u00e3o Cl\u00ednicas Veterin\u00e1rias\" \/>\n<meta property=\"og:description\" content=\"Cl\u00ednicas Veterin\u00e1rias A desinfec\u00e7\u00e3o de ambientes \u00e9 uma das principais medidas de preven\u00e7\u00e3o da dissemina\u00e7\u00e3o de doen\u00e7as. O processo de desinfec\u00e7\u00e3o \u00e9 a\" \/>\n<meta property=\"og:url\" content=\"https:\/\/attualebrasil.com.br\/en\/servicos\/clinicas-veterinarias\/\" \/>\n<meta property=\"og:site_name\" content=\"Attuale Brasil\" \/>\n<meta property=\"article:publisher\" content=\"https:\/\/www.facebook.com\/attualebrasil.com.br\/\" \/>\n<meta property=\"article:modified_time\" content=\"2025-08-11T02:48:46+00:00\" \/>\n<meta property=\"og:image\" content=\"https:\/\/attualebrasil.com.br\/wp-content\/uploads\/2022\/05\/vet.jpg\" \/>\n<meta name=\"twitter:card\" content=\"summary_large_image\" \/>\n<meta name=\"twitter:label1\" content=\"Est. reading time\" \/>\n\t<meta name=\"twitter:data1\" content=\"4 minutes\" \/>\n<script type=\"application\/ld+json\" class=\"yoast-schema-graph\">{\"@context\":\"https:\\\/\\\/schema.org\",\"@graph\":[{\"@type\":\"WebPage\",\"@id\":\"https:\\\/\\\/attualebrasil.com.br\\\/servicos\\\/clinicas-veterinarias\\\/\",\"url\":\"https:\\\/\\\/attualebrasil.com.br\\\/servicos\\\/clinicas-veterinarias\\\/\",\"name\":\"Higieniza\u00e7\u00e3o Cl\u00ednicas Veterin\u00e1rias | Attuale Brasil\",\"isPartOf\":{\"@id\":\"https:\\\/\\\/attualebrasil.com.br\\\/#website\"},\"primaryImageOfPage\":{\"@id\":\"https:\\\/\\\/attualebrasil.com.br\\\/servicos\\\/clinicas-veterinarias\\\/#primaryimage\"},\"image\":{\"@id\":\"https:\\\/\\\/attualebrasil.com.br\\\/servicos\\\/clinicas-veterinarias\\\/#primaryimage\"},\"thumbnailUrl\":\"https:\\\/\\\/attualebrasil.com.br\\\/wp-content\\\/uploads\\\/2022\\\/05\\\/vet.jpg\",\"datePublished\":\"2021-12-02T18:15:43+00:00\",\"dateModified\":\"2025-08-11T02:48:46+00:00\",\"description\":\"Cl\u00ednicas Veterin\u00e1rias A desinfec\u00e7\u00e3o de ambientes \u00e9 uma das principais medidas de preven\u00e7\u00e3o da dissemina\u00e7\u00e3o de doen\u00e7as. O processo de desinfec\u00e7\u00e3o \u00e9 a\",\"breadcrumb\":{\"@id\":\"https:\\\/\\\/attualebrasil.com.br\\\/servicos\\\/clinicas-veterinarias\\\/#breadcrumb\"},\"inLanguage\":\"en-US\",\"potentialAction\":[{\"@type\":\"ReadAction\",\"target\":[\"https:\\\/\\\/attualebrasil.com.br\\\/servicos\\\/clinicas-veterinarias\\\/\"]}]},{\"@type\":\"ImageObject\",\"inLanguage\":\"en-US\",\"@id\":\"https:\\\/\\\/attualebrasil.com.br\\\/servicos\\\/clinicas-veterinarias\\\/#primaryimage\",\"url\":\"https:\\\/\\\/attualebrasil.com.br\\\/wp-content\\\/uploads\\\/2022\\\/05\\\/vet.jpg\",\"contentUrl\":\"https:\\\/\\\/attualebrasil.com.br\\\/wp-content\\\/uploads\\\/2022\\\/05\\\/vet.jpg\"},{\"@type\":\"BreadcrumbList\",\"@id\":\"https:\\\/\\\/attualebrasil.com.br\\\/servicos\\\/clinicas-veterinarias\\\/#breadcrumb\",\"itemListElement\":[{\"@type\":\"ListItem\",\"position\":1,\"name\":\"In\u00edcio\",\"item\":\"https:\\\/\\\/attualebrasil.com.br\\\/\"},{\"@type\":\"ListItem\",\"position\":2,\"name\":\"Servi\u00e7os\",\"item\":\"https:\\\/\\\/attualebrasil.com.br\\\/servicos\\\/\"},{\"@type\":\"ListItem\",\"position\":3,\"name\":\"Higieniza\u00e7\u00e3o Cl\u00ednicas Veterin\u00e1rias\"}]},{\"@type\":\"WebSite\",\"@id\":\"https:\\\/\\\/attualebrasil.com.br\\\/#website\",\"url\":\"https:\\\/\\\/attualebrasil.com.br\\\/\",\"name\":\"Attuale Brasil\",\"description\":\"Limpeza p\u00f3s morte e Servi\u00e7os de Descontamina\u00e7\u00e3o \",\"publisher\":{\"@id\":\"https:\\\/\\\/attualebrasil.com.br\\\/#organization\"},\"potentialAction\":[{\"@type\":\"SearchAction\",\"target\":{\"@type\":\"EntryPoint\",\"urlTemplate\":\"https:\\\/\\\/attualebrasil.com.br\\\/?s={search_term_string}\"},\"query-input\":{\"@type\":\"PropertyValueSpecification\",\"valueRequired\":true,\"valueName\":\"search_term_string\"}}],\"inLanguage\":\"en-US\"},{\"@type\":\"Organization\",\"@id\":\"https:\\\/\\\/attualebrasil.com.br\\\/#organization\",\"name\":\"Attuale Brasil\",\"url\":\"https:\\\/\\\/attualebrasil.com.br\\\/\",\"logo\":{\"@type\":\"ImageObject\",\"inLanguage\":\"en-US\",\"@id\":\"https:\\\/\\\/attualebrasil.com.br\\\/#\\\/schema\\\/logo\\\/image\\\/\",\"url\":\"https:\\\/\\\/attualebrasil.com.br\\\/wp-content\\\/uploads\\\/2022\\\/05\\\/logo-1.jpg\",\"contentUrl\":\"https:\\\/\\\/attualebrasil.com.br\\\/wp-content\\\/uploads\\\/2022\\\/05\\\/logo-1.jpg\",\"width\":100,\"height\":100,\"caption\":\"Attuale Brasil\"},\"image\":{\"@id\":\"https:\\\/\\\/attualebrasil.com.br\\\/#\\\/schema\\\/logo\\\/image\\\/\"},\"sameAs\":[\"https:\\\/\\\/www.facebook.com\\\/attualebrasil.com.br\\\/\"]}]}<\/script>\n<!-- \/ Yoast SEO Premium plugin. -->","yoast_head_json":{"title":"Higieniza\u00e7\u00e3o Cl\u00ednicas Veterin\u00e1rias | Attuale Brasil","description":"Cl\u00ednicas Veterin\u00e1rias A desinfec\u00e7\u00e3o de ambientes \u00e9 uma das principais medidas de preven\u00e7\u00e3o da dissemina\u00e7\u00e3o de doen\u00e7as. O processo de desinfec\u00e7\u00e3o \u00e9 a","robots":{"index":"index","follow":"follow","max-snippet":"max-snippet:-1","max-image-preview":"max-image-preview:large","max-video-preview":"max-video-preview:-1"},"canonical":"https:\/\/attualebrasil.com.br\/en\/servicos\/clinicas-veterinarias\/","og_locale":"en_US","og_type":"article","og_title":"Higieniza\u00e7\u00e3o Cl\u00ednicas Veterin\u00e1rias","og_description":"Cl\u00ednicas Veterin\u00e1rias A desinfec\u00e7\u00e3o de ambientes \u00e9 uma das principais medidas de preven\u00e7\u00e3o da dissemina\u00e7\u00e3o de doen\u00e7as. O processo de desinfec\u00e7\u00e3o \u00e9 a","og_url":"https:\/\/attualebrasil.com.br\/en\/servicos\/clinicas-veterinarias\/","og_site_name":"Attuale Brasil","article_publisher":"https:\/\/www.facebook.com\/attualebrasil.com.br\/","article_modified_time":"2025-08-11T02:48:46+00:00","og_image":[{"url":"https:\/\/attualebrasil.com.br\/wp-content\/uploads\/2022\/05\/vet.jpg","type":"","width":"","height":""}],"twitter_card":"summary_large_image","twitter_misc":{"Est. reading time":"4 minutes"},"schema":{"@context":"https:\/\/schema.org","@graph":[{"@type":"WebPage","@id":"https:\/\/attualebrasil.com.br\/servicos\/clinicas-veterinarias\/","url":"https:\/\/attualebrasil.com.br\/servicos\/clinicas-veterinarias\/","name":"Higieniza\u00e7\u00e3o Cl\u00ednicas Veterin\u00e1rias | Attuale Brasil","isPartOf":{"@id":"https:\/\/attualebrasil.com.br\/#website"},"primaryImageOfPage":{"@id":"https:\/\/attualebrasil.com.br\/servicos\/clinicas-veterinarias\/#primaryimage"},"image":{"@id":"https:\/\/attualebrasil.com.br\/servicos\/clinicas-veterinarias\/#primaryimage"},"thumbnailUrl":"https:\/\/attualebrasil.com.br\/wp-content\/uploads\/2022\/05\/vet.jpg","datePublished":"2021-12-02T18:15:43+00:00","dateModified":"2025-08-11T02:48:46+00:00","description":"Cl\u00ednicas Veterin\u00e1rias A desinfec\u00e7\u00e3o de ambientes \u00e9 uma das principais medidas de preven\u00e7\u00e3o da dissemina\u00e7\u00e3o de doen\u00e7as. O processo de desinfec\u00e7\u00e3o \u00e9 a","breadcrumb":{"@id":"https:\/\/attualebrasil.com.br\/servicos\/clinicas-veterinarias\/#breadcrumb"},"inLanguage":"en-US","potentialAction":[{"@type":"ReadAction","target":["https:\/\/attualebrasil.com.br\/servicos\/clinicas-veterinarias\/"]}]},{"@type":"ImageObject","inLanguage":"en-US","@id":"https:\/\/attualebrasil.com.br\/servicos\/clinicas-veterinarias\/#primaryimage","url":"https:\/\/attualebrasil.com.br\/wp-content\/uploads\/2022\/05\/vet.jpg","contentUrl":"https:\/\/attualebrasil.com.br\/wp-content\/uploads\/2022\/05\/vet.jpg"},{"@type":"BreadcrumbList","@id":"https:\/\/attualebrasil.com.br\/servicos\/clinicas-veterinarias\/#breadcrumb","itemListElement":[{"@type":"ListItem","position":1,"name":"In\u00edcio","item":"https:\/\/attualebrasil.com.br\/"},{"@type":"ListItem","position":2,"name":"Servi\u00e7os","item":"https:\/\/attualebrasil.com.br\/servicos\/"},{"@type":"ListItem","position":3,"name":"Higieniza\u00e7\u00e3o Cl\u00ednicas Veterin\u00e1rias"}]},{"@type":"WebSite","@id":"https:\/\/attualebrasil.com.br\/#website","url":"https:\/\/attualebrasil.com.br\/","name":"Current Brazil","description":"Limpeza p\u00f3s morte e Servi\u00e7os de Descontamina\u00e7\u00e3o","publisher":{"@id":"https:\/\/attualebrasil.com.br\/#organization"},"potentialAction":[{"@type":"SearchAction","target":{"@type":"EntryPoint","urlTemplate":"https:\/\/attualebrasil.com.br\/?s={search_term_string}"},"query-input":{"@type":"PropertyValueSpecification","valueRequired":true,"valueName":"search_term_string"}}],"inLanguage":"en-US"},{"@type":"Organization","@id":"https:\/\/attualebrasil.com.br\/#organization","name":"Current Brazil","url":"https:\/\/attualebrasil.com.br\/","logo":{"@type":"ImageObject","inLanguage":"en-US","@id":"https:\/\/attualebrasil.com.br\/#\/schema\/logo\/image\/","url":"https:\/\/attualebrasil.com.br\/wp-content\/uploads\/2022\/05\/logo-1.jpg","contentUrl":"https:\/\/attualebrasil.com.br\/wp-content\/uploads\/2022\/05\/logo-1.jpg","width":100,"height":100,"caption":"Attuale Brasil"},"image":{"@id":"https:\/\/attualebrasil.com.br\/#\/schema\/logo\/image\/"},"sameAs":["https:\/\/www.facebook.com\/attualebrasil.com.br\/"]}]}},"_links":{"self":[{"href":"https:\/\/attualebrasil.com.br\/en\/wp-json\/wp\/v2\/pages\/1250","targetHints":{"allow":["GET"]}}],"collection":[{"href":"https:\/\/attualebrasil.com.br\/en\/wp-json\/wp\/v2\/pages"}],"about":[{"href":"https:\/\/attualebrasil.com.br\/en\/wp-json\/wp\/v2\/types\/page"}],"author":[{"embeddable":true,"href":"https:\/\/attualebrasil.com.br\/en\/wp-json\/wp\/v2\/users\/2"}],"replies":[{"embeddable":true,"href":"https:\/\/attualebrasil.com.br\/en\/wp-json\/wp\/v2\/comments?post=1250"}],"version-history":[{"count":1,"href":"https:\/\/attualebrasil.com.br\/en\/wp-json\/wp\/v2\/pages\/1250\/revisions"}],"predecessor-version":[{"id":2346,"href":"https:\/\/attualebrasil.com.br\/en\/wp-json\/wp\/v2\/pages\/1250\/revisions\/2346"}],"up":[{"embeddable":true,"href":"https:\/\/attualebrasil.com.br\/en\/wp-json\/wp\/v2\/pages\/19"}],"wp:attachment":[{"href":"https:\/\/attualebrasil.com.br\/en\/wp-json\/wp\/v2\/media?parent=1250"}],"curies":[{"name":"wp","href":"https:\/\/api.w.org\/{rel}","templated":true}]}}